{"id":3078,"date":"2019-09-26T08:40:38","date_gmt":"2019-09-26T06:40:38","guid":{"rendered":"https:\/\/mo-di-tec.33degres.fr\/mentions-legales\/"},"modified":"2024-01-23T16:43:47","modified_gmt":"2024-01-23T15:43:47","slug":"rechtliche-hinweise","status":"publish","type":"page","link":"https:\/\/mo-di-tec.fr\/de\/rechtliche-hinweise\/","title":{"rendered":"Rechtliche Hinweise"},"content":{"rendered":"\n<h2 class=\"wp-block-heading\">Datenschutz\n        <\/h2>\n\n<p>MO-DI-TEC speichert keine personenbezogenen Daten, die eine Identifikation erlauben, mit Ausnahme der Formulare, deren Ausf\u00fcllen dem Nutzer freisteht.\n         Dort gemachte Angaben werden nicht ohne Ihre Einwilligung verarbeitet.\n        <\/p>\n\n<p>Die auf der Website erhobenen Angaben fallen unter die Bestimmungen des frz. Datenschutzgesetzes Nr. 78-17 vom 6. Januar 1978.\n         Sie verf\u00fcgen \u00fcber ein Recht auf Zugang, Berichtigung, L\u00f6schung und Widerspruch gegen eine Weitergabe durch einfache Anzeige bei MO-DI-TEC Z.I. du Leveau 38200 Vienne &#8211; Frankreich.\n         <\/p>\n\n<p> MO-DI-TEC kann nicht namentliche statistische Analysen vornehmen und dar\u00fcber Dritte in zusammenfassender, nicht namentlicher Weise informieren (Stellen zur Reichweitenanalyse).\n        <\/p>\n\n<h2 class=\"wp-block-heading\">Urheberrecht &#8211; Copyright\n        <\/h2>\n\n<p>Die gesamte Website unterliegt franz\u00f6sischem und internationalem Urheberrecht sowie geistigem Eigentumsrecht.\n        <\/p>\n\n<p>Alle Wiedergaberechte sind vorbehalten,\n         \neinschlie\u00dflich f\u00fcr downloadbare Dokumente,\n         \nbildliche und fotografische Darstellungen.\n        <\/p>\n\n<p>Die Wiedergabe der gesamten oder eines Teils der Website\n         \nauf einem beliebigen elektronischen Datentr\u00e4ger ist streng untersagt,\n         \nau\u00dfer im Fall der ausdr\u00fccklichen Genehmigung durch den Verantwortlichen f\u00fcr die Ver\u00f6ffentlichung.\n        <\/p>\n\n<p>Die auf der Website erw\u00e4hnten Marken sind Besitz ihrer jeweiligen Eigent\u00fcmer.\n        <\/p>\n\n<h2 class=\"wp-block-heading\">Nutzung von Cookies\n        <\/h2>\n\n<p>Nicht personenbezogene Daten werden in Form von Cookies erhoben\n        \n (Textdateien, die zur Erkennung eines Nutzers und\n         \nzur Vereinfachung seiner Nutzung der Website dienen).\n         Sie besitzen keine Funktion\n         \nau\u00dferhalb der Website.\n        <\/p>\n\n<h2 class=\"wp-block-heading\">Hypertext-Links\n        <\/h2>\n\n<p> MO-DI-TEC kontrolliert mit seiner Website verlinkte Websites nicht und kann daher nicht f\u00fcr deren Inhalt verantwortlich gemacht werden.\n         Die Risiken f\u00fcr die Nutzung dieser Websites liegen ausschlie\u00dflich beim Nutzer.\n         Er hat die jeweiligen Nutzungsbedingungen einzuhalten.\n        <\/p>\n\n<h2 class=\"wp-block-heading\">Herausgeber\n        <\/h2>\n\n<p>Verantwortlich f\u00fcr die Ver\u00f6ffentlichung: MO-DI-TEC\n        <\/p>\n\n<p>Webdesign und Entwicklung der Website: <a href=\"http:\/\/www.e-denzo.fr\/\">Agence E-denzo<\/a><\/p>\n\n<h2 class=\"wp-block-heading\">Webhost\n        <\/h2>\n\n<p>OVH France 2 rue Kellermann 59100 Roubaix (Frankreich)\n        <\/p>\n","protected":false},"excerpt":{"rendered":"<p>Datenschutz MO-DI-TEC speichert keine personenbezogenen Daten, die eine Identifikation erlauben, mit Ausnahme der Formulare, deren [&hellip;]<\/p>\n","protected":false},"author":2,"featured_media":0,"parent":0,"menu_order":0,"comment_status":"closed","ping_status":"closed","template":"","meta":{"footnotes":""},"class_list":["post-3078","page","type-page","status-publish","hentry"],"yoast_head":"<!-- This site is optimized with the Yoast SEO plugin v27.4 - https:\/\/yoast.com\/product\/yoast-seo-wordpress\/ -->\n<title>Rechtliche Hinweise - Moditec<\/title>\n<meta name=\"robots\" content=\"index, follow, max-snippet:-1, max-image-preview:large, max-video-preview:-1\" \/>\n<link rel=\"canonical\" href=\"https:\/\/mo-di-tec.fr\/de\/rechtliche-hinweise\/\" \/>\n<meta property=\"og:locale\" content=\"de_DE\" \/>\n<meta property=\"og:type\" content=\"article\" \/>\n<meta property=\"og:title\" content=\"Rechtliche Hinweise - Moditec\" \/>\n<meta property=\"og:description\" content=\"Datenschutz MO-DI-TEC speichert keine personenbezogenen Daten, die eine Identifikation erlauben, mit Ausnahme der Formulare, deren [&hellip;]\" \/>\n<meta property=\"og:url\" content=\"https:\/\/mo-di-tec.fr\/de\/rechtliche-hinweise\/\" \/>\n<meta property=\"og:site_name\" content=\"Moditec\" \/>\n<meta property=\"article:modified_time\" content=\"2024-01-23T15:43:47+00:00\" \/>\n<meta name=\"twitter:card\" content=\"summary_large_image\" \/>\n<meta name=\"twitter:label1\" content=\"Gesch\u00e4tzte Lesezeit\" \/>\n\t<meta name=\"twitter:data1\" content=\"1\u00a0Minute\" \/>\n<script type=\"application\/ld+json\" class=\"yoast-schema-graph\">{\"@context\":\"https:\\\/\\\/schema.org\",\"@graph\":[{\"@type\":\"WebPage\",\"@id\":\"https:\\\/\\\/mo-di-tec.fr\\\/de\\\/rechtliche-hinweise\\\/\",\"url\":\"https:\\\/\\\/mo-di-tec.fr\\\/de\\\/rechtliche-hinweise\\\/\",\"name\":\"Rechtliche Hinweise - Moditec\",\"isPartOf\":{\"@id\":\"https:\\\/\\\/mo-di-tec.fr\\\/de\\\/#website\"},\"datePublished\":\"2019-09-26T06:40:38+00:00\",\"dateModified\":\"2024-01-23T15:43:47+00:00\",\"breadcrumb\":{\"@id\":\"https:\\\/\\\/mo-di-tec.fr\\\/de\\\/rechtliche-hinweise\\\/#breadcrumb\"},\"inLanguage\":\"de\",\"potentialAction\":[{\"@type\":\"ReadAction\",\"target\":[\"https:\\\/\\\/mo-di-tec.fr\\\/de\\\/rechtliche-hinweise\\\/\"]}]},{\"@type\":\"BreadcrumbList\",\"@id\":\"https:\\\/\\\/mo-di-tec.fr\\\/de\\\/rechtliche-hinweise\\\/#breadcrumb\",\"itemListElement\":[{\"@type\":\"ListItem\",\"position\":1,\"name\":\"Home\",\"item\":\"https:\\\/\\\/mo-di-tec.fr\\\/de\\\/\"},{\"@type\":\"ListItem\",\"position\":2,\"name\":\"Rechtliche Hinweise\"}]},{\"@type\":\"WebSite\",\"@id\":\"https:\\\/\\\/mo-di-tec.fr\\\/de\\\/#website\",\"url\":\"https:\\\/\\\/mo-di-tec.fr\\\/de\\\/\",\"name\":\"Moditec\",\"description\":\"Der Spezialanbieter f\u00fcr langsam laufende Schneidm\u00fchlen \",\"potentialAction\":[{\"@type\":\"SearchAction\",\"target\":{\"@type\":\"EntryPoint\",\"urlTemplate\":\"https:\\\/\\\/mo-di-tec.fr\\\/de\\\/?s={search_term_string}\"},\"query-input\":{\"@type\":\"PropertyValueSpecification\",\"valueRequired\":true,\"valueName\":\"search_term_string\"}}],\"inLanguage\":\"de\"}]}<\/script>\n<!-- \/ Yoast SEO plugin. -->","yoast_head_json":{"title":"Rechtliche Hinweise - Moditec","robots":{"index":"index","follow":"follow","max-snippet":"max-snippet:-1","max-image-preview":"max-image-preview:large","max-video-preview":"max-video-preview:-1"},"canonical":"https:\/\/mo-di-tec.fr\/de\/rechtliche-hinweise\/","og_locale":"de_DE","og_type":"article","og_title":"Rechtliche Hinweise - Moditec","og_description":"Datenschutz MO-DI-TEC speichert keine personenbezogenen Daten, die eine Identifikation erlauben, mit Ausnahme der Formulare, deren [&hellip;]","og_url":"https:\/\/mo-di-tec.fr\/de\/rechtliche-hinweise\/","og_site_name":"Moditec","article_modified_time":"2024-01-23T15:43:47+00:00","twitter_card":"summary_large_image","twitter_misc":{"Gesch\u00e4tzte Lesezeit":"1\u00a0Minute"},"schema":{"@context":"https:\/\/schema.org","@graph":[{"@type":"WebPage","@id":"https:\/\/mo-di-tec.fr\/de\/rechtliche-hinweise\/","url":"https:\/\/mo-di-tec.fr\/de\/rechtliche-hinweise\/","name":"Rechtliche Hinweise - Moditec","isPartOf":{"@id":"https:\/\/mo-di-tec.fr\/de\/#website"},"datePublished":"2019-09-26T06:40:38+00:00","dateModified":"2024-01-23T15:43:47+00:00","breadcrumb":{"@id":"https:\/\/mo-di-tec.fr\/de\/rechtliche-hinweise\/#breadcrumb"},"inLanguage":"de","potentialAction":[{"@type":"ReadAction","target":["https:\/\/mo-di-tec.fr\/de\/rechtliche-hinweise\/"]}]},{"@type":"BreadcrumbList","@id":"https:\/\/mo-di-tec.fr\/de\/rechtliche-hinweise\/#breadcrumb","itemListElement":[{"@type":"ListItem","position":1,"name":"Home","item":"https:\/\/mo-di-tec.fr\/de\/"},{"@type":"ListItem","position":2,"name":"Rechtliche Hinweise"}]},{"@type":"WebSite","@id":"https:\/\/mo-di-tec.fr\/de\/#website","url":"https:\/\/mo-di-tec.fr\/de\/","name":"Moditec","description":"Der Spezialanbieter f\u00fcr langsam laufende Schneidm\u00fchlen ","potentialAction":[{"@type":"SearchAction","target":{"@type":"EntryPoint","urlTemplate":"https:\/\/mo-di-tec.fr\/de\/?s={search_term_string}"},"query-input":{"@type":"PropertyValueSpecification","valueRequired":true,"valueName":"search_term_string"}}],"inLanguage":"de"}]}},"_links":{"self":[{"href":"https:\/\/mo-di-tec.fr\/de\/wp-json\/wp\/v2\/pages\/3078","targetHints":{"allow":["GET"]}}],"collection":[{"href":"https:\/\/mo-di-tec.fr\/de\/wp-json\/wp\/v2\/pages"}],"about":[{"href":"https:\/\/mo-di-tec.fr\/de\/wp-json\/wp\/v2\/types\/page"}],"author":[{"embeddable":true,"href":"https:\/\/mo-di-tec.fr\/de\/wp-json\/wp\/v2\/users\/2"}],"replies":[{"embeddable":true,"href":"https:\/\/mo-di-tec.fr\/de\/wp-json\/wp\/v2\/comments?post=3078"}],"version-history":[{"count":2,"href":"https:\/\/mo-di-tec.fr\/de\/wp-json\/wp\/v2\/pages\/3078\/revisions"}],"predecessor-version":[{"id":3182,"href":"https:\/\/mo-di-tec.fr\/de\/wp-json\/wp\/v2\/pages\/3078\/revisions\/3182"}],"wp:attachment":[{"href":"https:\/\/mo-di-tec.fr\/de\/wp-json\/wp\/v2\/media?parent=3078"}],"curies":[{"name":"wp","href":"https:\/\/api.w.org\/{rel}","templated":true}]}}