{"id":3084,"date":"2019-09-06T08:58:07","date_gmt":"2019-09-06T06:58:07","guid":{"rendered":"https:\/\/mo-di-tec.33degres.fr\/mo-di-tec-une-histoire-de-famille\/"},"modified":"2024-01-23T16:43:24","modified_gmt":"2024-01-23T15:43:24","slug":"mo-di-tec-eine-familiengeschichte","status":"publish","type":"page","link":"https:\/\/mo-di-tec.fr\/de\/mo-di-tec-eine-familiengeschichte\/","title":{"rendered":"Mo-di-tec, eine Familiengeschichte"},"content":{"rendered":"\n<p>Nach Zugeh\u00f6rigkeit\n        \nzu einer schwedischen Gruppe wird das Familienunternehmen\n        \n2010 von den ehemaligen franz\u00f6sischen Aktion\u00e4ren\n        \nund ihrer Familie unter dem neuen Namen Mo-Di-Tec\n        \n(Montage Diffusion Technique) \u00fcbernommen und\n        \nbefindet sich heute zu 100\u00a0% im Besitz von Manuel und S\u00e9bastien Diaz.\n        <\/p>\n\n<p>Das Unternehmen\n        \nbaut auf ein solides Know-how und setzt\n        \nweiterhin auf Entwicklung. Es verf\u00fcgt \u00fcber\n        \nein Planungsb\u00fcro f\u00fcr kundenspezifische Anfertigungen.\n         Die Mitarbeiter\n        \nsind mehrsprachig, um internationale Kunden betreuen zu k\u00f6nnen.\n        <\/p>\n\n<p>Am Industriestandort Vienne (38) bekleidet Manuel Diaz mit seinen fast 30\u00a0Jahren Erfahrung bei MO-DI-TEC den Posten des Technischen Leiters, w\u00e4hrend sich sein Bruder S\u00e9bastien um Verwaltung und Finanzen k\u00fcmmert.\n        <\/p>\n\n<p>Mit Unterst\u00fctzung ihres Teams (circa 20\u00a0Mitarbeiter) arbeiten beide am fortgesetzten Wachstum des Unternehmens.\n        <\/p>\n\n<div style=\"height:40px\" aria-hidden=\"true\" class=\"wp-block-spacer\"><\/div>\n\n<div class=\"wp-block-columns has-2-columns is-layout-flex wp-container-core-columns-is-layout-9d6595d7 wp-block-columns-is-layout-flex\">\n<div class=\"wp-block-column is-layout-flow wp-block-column-is-layout-flow\">\n<figure class=\"wp-block-image is-resized\"><img loading=\"lazy\" decoding=\"async\" src=\"https:\/\/mo-di-tec.fr\/wp-content\/uploads\/2020\/07\/image003.jpg\" alt=\"\" class=\"wp-image-271\" width=\"406\" height=\"541\" srcset=\"https:\/\/mo-di-tec.fr\/wp-content\/uploads\/2020\/07\/image003.jpg 613w, https:\/\/mo-di-tec.fr\/wp-content\/uploads\/2020\/07\/image003-225x300.jpg 225w\" sizes=\"auto, (max-width: 406px) 100vw, 406px\" \/><\/figure>\n<\/div>\n\n\n\n<div class=\"wp-block-column is-layout-flow wp-block-column-is-layout-flow\">\n<div style=\"height:60px\" aria-hidden=\"true\" class=\"wp-block-spacer\"><\/div>\n\n\n\n<p style=\"text-align:left\"><em>\u201eWir haben unsere Produktionsmittel optimiert und Ma\u00dfnahmen zur Kontrolle, Wahrung und Verbesserung der Qualit\u00e4t unserer Maschinen umgesetzt, die unseren Ruf in der ganzen Welt begr\u00fcnden.\n         <br\/> Unser stark engagiertes Team hat eine enge Bindung zu unserem Know-how und zur Geschichte des Unternehmens.\n        <br\/> Mein Bruder und ich besitzen komplement\u00e4re Kompetenzen und entscheiden gemeinsam in den Bereichen Organisation, Strategie und Entwicklungsachsen.\n         <br\/> Aktuell ist Mo-Di-Tec der letzte franz\u00f6sische Hersteller f\u00fcr Schneidm\u00fchlen und zugleich Marktf\u00fchrer in Europa. Unser Wachstum erfolgt in einem Nischenmarkt, auf dem wir unsere Anstrengungen fortsetzen, um unsere Position zu halten und das Recycling von morgen zu konzipieren.\u201c\n        <\/em><\/p>\n<\/div>\n<\/div>\n","protected":false},"excerpt":{"rendered":"<p>Nach Zugeh\u00f6rigkeit zu einer schwedischen Gruppe wird das Familienunternehmen 2010 von den ehemaligen franz\u00f6sischen Aktion\u00e4ren [&hellip;]<\/p>\n","protected":false},"author":2,"featured_media":0,"parent":0,"menu_order":0,"comment_status":"closed","ping_status":"closed","template":"","meta":{"footnotes":""},"class_list":["post-3084","page","type-page","status-publish","hentry"],"yoast_head":"<!-- This site is optimized with the Yoast SEO plugin v27.4 - https:\/\/yoast.com\/product\/yoast-seo-wordpress\/ -->\n<title>Mo-di-tec, eine Familiengeschichte - Moditec<\/title>\n<meta name=\"robots\" content=\"index, follow, max-snippet:-1, max-image-preview:large, max-video-preview:-1\" \/>\n<link rel=\"canonical\" href=\"https:\/\/mo-di-tec.fr\/de\/mo-di-tec-eine-familiengeschichte\/\" \/>\n<meta property=\"og:locale\" content=\"de_DE\" \/>\n<meta property=\"og:type\" content=\"article\" \/>\n<meta property=\"og:title\" content=\"Mo-di-tec, eine Familiengeschichte - Moditec\" \/>\n<meta property=\"og:description\" content=\"Nach Zugeh\u00f6rigkeit zu einer schwedischen Gruppe wird das Familienunternehmen 2010 von den ehemaligen franz\u00f6sischen Aktion\u00e4ren [&hellip;]\" \/>\n<meta property=\"og:url\" content=\"https:\/\/mo-di-tec.fr\/de\/mo-di-tec-eine-familiengeschichte\/\" \/>\n<meta property=\"og:site_name\" content=\"Moditec\" \/>\n<meta property=\"article:modified_time\" content=\"2024-01-23T15:43:24+00:00\" \/>\n<meta property=\"og:image\" content=\"https:\/\/quirky-cannon.51-159-23-76.plesk.page\/wp-content\/uploads\/2020\/07\/image003.jpg\" \/>\n<meta name=\"twitter:card\" content=\"summary_large_image\" \/>\n<meta name=\"twitter:label1\" content=\"Gesch\u00e4tzte Lesezeit\" \/>\n\t<meta name=\"twitter:data1\" content=\"1\u00a0Minute\" \/>\n<script type=\"application\/ld+json\" class=\"yoast-schema-graph\">{\"@context\":\"https:\\\/\\\/schema.org\",\"@graph\":[{\"@type\":\"WebPage\",\"@id\":\"https:\\\/\\\/mo-di-tec.fr\\\/de\\\/mo-di-tec-eine-familiengeschichte\\\/\",\"url\":\"https:\\\/\\\/mo-di-tec.fr\\\/de\\\/mo-di-tec-eine-familiengeschichte\\\/\",\"name\":\"Mo-di-tec, eine Familiengeschichte - Moditec\",\"isPartOf\":{\"@id\":\"https:\\\/\\\/mo-di-tec.fr\\\/de\\\/#website\"},\"primaryImageOfPage\":{\"@id\":\"https:\\\/\\\/mo-di-tec.fr\\\/de\\\/mo-di-tec-eine-familiengeschichte\\\/#primaryimage\"},\"image\":{\"@id\":\"https:\\\/\\\/mo-di-tec.fr\\\/de\\\/mo-di-tec-eine-familiengeschichte\\\/#primaryimage\"},\"thumbnailUrl\":\"https:\\\/\\\/mo-di-tec.fr\\\/wp-content\\\/uploads\\\/2020\\\/07\\\/image003.jpg\",\"datePublished\":\"2019-09-06T06:58:07+00:00\",\"dateModified\":\"2024-01-23T15:43:24+00:00\",\"breadcrumb\":{\"@id\":\"https:\\\/\\\/mo-di-tec.fr\\\/de\\\/mo-di-tec-eine-familiengeschichte\\\/#breadcrumb\"},\"inLanguage\":\"de\",\"potentialAction\":[{\"@type\":\"ReadAction\",\"target\":[\"https:\\\/\\\/mo-di-tec.fr\\\/de\\\/mo-di-tec-eine-familiengeschichte\\\/\"]}]},{\"@type\":\"ImageObject\",\"inLanguage\":\"de\",\"@id\":\"https:\\\/\\\/mo-di-tec.fr\\\/de\\\/mo-di-tec-eine-familiengeschichte\\\/#primaryimage\",\"url\":\"https:\\\/\\\/mo-di-tec.fr\\\/wp-content\\\/uploads\\\/2020\\\/07\\\/image003.jpg\",\"contentUrl\":\"https:\\\/\\\/mo-di-tec.fr\\\/wp-content\\\/uploads\\\/2020\\\/07\\\/image003.jpg\"},{\"@type\":\"BreadcrumbList\",\"@id\":\"https:\\\/\\\/mo-di-tec.fr\\\/de\\\/mo-di-tec-eine-familiengeschichte\\\/#breadcrumb\",\"itemListElement\":[{\"@type\":\"ListItem\",\"position\":1,\"name\":\"Home\",\"item\":\"https:\\\/\\\/mo-di-tec.fr\\\/de\\\/\"},{\"@type\":\"ListItem\",\"position\":2,\"name\":\"Mo-di-tec, eine Familiengeschichte\"}]},{\"@type\":\"WebSite\",\"@id\":\"https:\\\/\\\/mo-di-tec.fr\\\/de\\\/#website\",\"url\":\"https:\\\/\\\/mo-di-tec.fr\\\/de\\\/\",\"name\":\"Moditec\",\"description\":\"Der Spezialanbieter f\u00fcr langsam laufende Schneidm\u00fchlen \",\"potentialAction\":[{\"@type\":\"SearchAction\",\"target\":{\"@type\":\"EntryPoint\",\"urlTemplate\":\"https:\\\/\\\/mo-di-tec.fr\\\/de\\\/?s={search_term_string}\"},\"query-input\":{\"@type\":\"PropertyValueSpecification\",\"valueRequired\":true,\"valueName\":\"search_term_string\"}}],\"inLanguage\":\"de\"}]}<\/script>\n<!-- \/ Yoast SEO plugin. -->","yoast_head_json":{"title":"Mo-di-tec, eine Familiengeschichte - Moditec","robots":{"index":"index","follow":"follow","max-snippet":"max-snippet:-1","max-image-preview":"max-image-preview:large","max-video-preview":"max-video-preview:-1"},"canonical":"https:\/\/mo-di-tec.fr\/de\/mo-di-tec-eine-familiengeschichte\/","og_locale":"de_DE","og_type":"article","og_title":"Mo-di-tec, eine Familiengeschichte - Moditec","og_description":"Nach Zugeh\u00f6rigkeit zu einer schwedischen Gruppe wird das Familienunternehmen 2010 von den ehemaligen franz\u00f6sischen Aktion\u00e4ren [&hellip;]","og_url":"https:\/\/mo-di-tec.fr\/de\/mo-di-tec-eine-familiengeschichte\/","og_site_name":"Moditec","article_modified_time":"2024-01-23T15:43:24+00:00","og_image":[{"url":"https:\/\/quirky-cannon.51-159-23-76.plesk.page\/wp-content\/uploads\/2020\/07\/image003.jpg","type":"","width":"","height":""}],"twitter_card":"summary_large_image","twitter_misc":{"Gesch\u00e4tzte Lesezeit":"1\u00a0Minute"},"schema":{"@context":"https:\/\/schema.org","@graph":[{"@type":"WebPage","@id":"https:\/\/mo-di-tec.fr\/de\/mo-di-tec-eine-familiengeschichte\/","url":"https:\/\/mo-di-tec.fr\/de\/mo-di-tec-eine-familiengeschichte\/","name":"Mo-di-tec, eine Familiengeschichte - Moditec","isPartOf":{"@id":"https:\/\/mo-di-tec.fr\/de\/#website"},"primaryImageOfPage":{"@id":"https:\/\/mo-di-tec.fr\/de\/mo-di-tec-eine-familiengeschichte\/#primaryimage"},"image":{"@id":"https:\/\/mo-di-tec.fr\/de\/mo-di-tec-eine-familiengeschichte\/#primaryimage"},"thumbnailUrl":"https:\/\/mo-di-tec.fr\/wp-content\/uploads\/2020\/07\/image003.jpg","datePublished":"2019-09-06T06:58:07+00:00","dateModified":"2024-01-23T15:43:24+00:00","breadcrumb":{"@id":"https:\/\/mo-di-tec.fr\/de\/mo-di-tec-eine-familiengeschichte\/#breadcrumb"},"inLanguage":"de","potentialAction":[{"@type":"ReadAction","target":["https:\/\/mo-di-tec.fr\/de\/mo-di-tec-eine-familiengeschichte\/"]}]},{"@type":"ImageObject","inLanguage":"de","@id":"https:\/\/mo-di-tec.fr\/de\/mo-di-tec-eine-familiengeschichte\/#primaryimage","url":"https:\/\/mo-di-tec.fr\/wp-content\/uploads\/2020\/07\/image003.jpg","contentUrl":"https:\/\/mo-di-tec.fr\/wp-content\/uploads\/2020\/07\/image003.jpg"},{"@type":"BreadcrumbList","@id":"https:\/\/mo-di-tec.fr\/de\/mo-di-tec-eine-familiengeschichte\/#breadcrumb","itemListElement":[{"@type":"ListItem","position":1,"name":"Home","item":"https:\/\/mo-di-tec.fr\/de\/"},{"@type":"ListItem","position":2,"name":"Mo-di-tec, eine Familiengeschichte"}]},{"@type":"WebSite","@id":"https:\/\/mo-di-tec.fr\/de\/#website","url":"https:\/\/mo-di-tec.fr\/de\/","name":"Moditec","description":"Der Spezialanbieter f\u00fcr langsam laufende Schneidm\u00fchlen ","potentialAction":[{"@type":"SearchAction","target":{"@type":"EntryPoint","urlTemplate":"https:\/\/mo-di-tec.fr\/de\/?s={search_term_string}"},"query-input":{"@type":"PropertyValueSpecification","valueRequired":true,"valueName":"search_term_string"}}],"inLanguage":"de"}]}},"_links":{"self":[{"href":"https:\/\/mo-di-tec.fr\/de\/wp-json\/wp\/v2\/pages\/3084","targetHints":{"allow":["GET"]}}],"collection":[{"href":"https:\/\/mo-di-tec.fr\/de\/wp-json\/wp\/v2\/pages"}],"about":[{"href":"https:\/\/mo-di-tec.fr\/de\/wp-json\/wp\/v2\/types\/page"}],"author":[{"embeddable":true,"href":"https:\/\/mo-di-tec.fr\/de\/wp-json\/wp\/v2\/users\/2"}],"replies":[{"embeddable":true,"href":"https:\/\/mo-di-tec.fr\/de\/wp-json\/wp\/v2\/comments?post=3084"}],"version-history":[{"count":3,"href":"https:\/\/mo-di-tec.fr\/de\/wp-json\/wp\/v2\/pages\/3084\/revisions"}],"predecessor-version":[{"id":3325,"href":"https:\/\/mo-di-tec.fr\/de\/wp-json\/wp\/v2\/pages\/3084\/revisions\/3325"}],"wp:attachment":[{"href":"https:\/\/mo-di-tec.fr\/de\/wp-json\/wp\/v2\/media?parent=3084"}],"curies":[{"name":"wp","href":"https:\/\/api.w.org\/{rel}","templated":true}]}}