{"id":3105,"date":"2019-03-26T16:12:03","date_gmt":"2019-03-26T15:12:03","guid":{"rendered":"https:\/\/mo-di-tec.33degres.fr\/presentation\/"},"modified":"2024-01-23T16:43:34","modified_gmt":"2024-01-23T15:43:34","slug":"portraet","status":"publish","type":"page","link":"https:\/\/mo-di-tec.fr\/de\/portraet\/","title":{"rendered":"Portr\u00e4t"},"content":{"rendered":"\n<h2 class=\"wp-block-heading\">Vorreiter f\u00fcr langsam laufende Zerkleinerer\n        <\/h2>\n\n<p>Seit 40 Jahren entwickelt und stellt das Unternehmen MO-DI-TEC <strong>Schneidm\u00fchlen f\u00fcr die Kunststoffverarbeitung<\/strong> her.\n         Ein Know-how, das auf Innovation und Qualit\u00e4t der Herstellung beruht und es uns erm\u00f6glicht, an Ihre Anwendungen <strong>angepasste <\/strong>L\u00f6sungen anzubieten.\n        <\/p>\n\n<h2 class=\"wp-block-heading\">Qualit\u00e4t: unser Hauptaugenmerk\n        <\/h2>\n\n<p>Wir konzipieren, fertigen und montieren alle unsere Maschinen an unserem Standort in Vienne.\n        <\/p>\n\n<p>Wir verf\u00fcgen \u00fcber eine mehrsprachige Vertriebsabteilung sowie qualifizierte Ingenieure und Techniker, um unsere Kunden zu betreuen und ihnen die am besten an ihren Bedarf angepassten L\u00f6sungen anzubieten.\n        <\/p>\n\n<h2 class=\"wp-block-heading\">Unternehmensgeschichte\n        <\/h2>\n\n<p><strong>1981: <\/strong>Gr\u00fcndung einer MODITEC Handelsvertretung durch Richard Diaz in Bron bei Lyon.\n        <\/p>\n\n<p><strong>1985:<\/strong> Markteinf\u00fchrung der ersten langsam drehenden Schneidm\u00fchle \u201eGOLIATH\u201c.\n         Die Vertretung wird in die SARL MODITEC Manipulation Plastique umgewandelt.\n        <\/p>\n\n<p><strong>1987:<\/strong> Richard Diaz macht Gilles Dutour zum Teilhaber und MODITEC steigt in das Exportgesch\u00e4ft ein.\n        <\/p>\n\n<p><strong>1988:<\/strong> MODITEC l\u00e4sst sich im Gewerbegebiet Corbas im Gro\u00dfraum Lyon nieder.\n        <\/p>\n\n<p><strong>1989: <\/strong>Markteinf\u00fchrung der Angebotsreihe mit konventionellen Schneidm\u00fchlen \u201eBM\u201c.\n        <\/p>\n\n<p><strong>1994: <\/strong>MODITEC wird nach Saint-Symphorien-d\u2019Ozon (69) verlagert und baut eine Einheit zur Herstellung mechanischer Bauteile auf.\n         <br\/> Innovation mit der doppelten \u00d6ffnung des Mahlkammerblocks der Schneidm\u00fchlen.\n        <\/p>\n\n<p><strong>1999:<\/strong> Markteinf\u00fchrung der Angebotsreihe \u201eBIGGER\u201c mit Schneidm\u00fchlen f\u00fcr sehr gro\u00dfe Kunststoffteile und des patentierten MASHER-Systems.\n        <\/p>\n\n<p><strong>2000:<\/strong> Umzug in die neuen Liegenschaften in Marennes (69), s\u00fcdlich von Lyon.\n        <\/p>\n\n<p><strong>2005:<\/strong> Einf\u00fchrung des patentierten IMD-Systems (zur Metallerkennung in der Mahlkammer).\n         Vorstellung des GOLIATH der 2. Generation: GOLIATH Plus.\n        <\/p>\n\n<p><strong>2007: <\/strong>Ver\u00e4u\u00dferung des Unternehmens MODITEC an die schwedische Gruppe Rapid Granulator AB.\n        <\/p>\n\n<p><strong>2010:<\/strong> Die Gruppe Rapid Granulator AB meldet im April Konkurs f\u00fcr das Unternehmen MODITEC an.\n        <\/p>\n\n<p><strong>2010: <\/strong>Die ehemaligen franz\u00f6sischen Aktion\u00e4re von MODITEC und ihre Familie gr\u00fcnden das Unternehmen Montage Diffusion Technique (MO-DI-TEC) und nehmen die Produktion der Reihen GOLIATH Plus, Mini, TITAN Plus und BM wieder auf.\n        <\/p>\n","protected":false},"excerpt":{"rendered":"<p>Vorreiter f\u00fcr langsam laufende Zerkleinerer Seit 40 Jahren entwickelt und stellt das Unternehmen MO-DI-TEC Schneidm\u00fchlen [&hellip;]<\/p>\n","protected":false},"author":2,"featured_media":0,"parent":0,"menu_order":0,"comment_status":"closed","ping_status":"closed","template":"","meta":{"footnotes":""},"class_list":["post-3105","page","type-page","status-publish","hentry"],"yoast_head":"<!-- This site is optimized with the Yoast SEO plugin v27.5 - https:\/\/yoast.com\/product\/yoast-seo-wordpress\/ -->\n<title>Portr\u00e4t - Moditec<\/title>\n<meta name=\"robots\" content=\"index, follow, max-snippet:-1, max-image-preview:large, max-video-preview:-1\" \/>\n<link rel=\"canonical\" href=\"https:\/\/mo-di-tec.fr\/de\/portraet\/\" \/>\n<meta property=\"og:locale\" content=\"de_DE\" \/>\n<meta property=\"og:type\" content=\"article\" \/>\n<meta property=\"og:title\" content=\"Portr\u00e4t - Moditec\" \/>\n<meta property=\"og:description\" content=\"Vorreiter f\u00fcr langsam laufende Zerkleinerer Seit 40 Jahren entwickelt und stellt das Unternehmen MO-DI-TEC Schneidm\u00fchlen [&hellip;]\" \/>\n<meta property=\"og:url\" content=\"https:\/\/mo-di-tec.fr\/de\/portraet\/\" \/>\n<meta property=\"og:site_name\" content=\"Moditec\" \/>\n<meta property=\"article:modified_time\" content=\"2024-01-23T15:43:34+00:00\" \/>\n<meta name=\"twitter:card\" content=\"summary_large_image\" \/>\n<meta name=\"twitter:label1\" content=\"Gesch\u00e4tzte Lesezeit\" \/>\n\t<meta name=\"twitter:data1\" content=\"1\u00a0Minute\" \/>\n<script type=\"application\/ld+json\" class=\"yoast-schema-graph\">{\"@context\":\"https:\\\/\\\/schema.org\",\"@graph\":[{\"@type\":\"WebPage\",\"@id\":\"https:\\\/\\\/mo-di-tec.fr\\\/de\\\/portraet\\\/\",\"url\":\"https:\\\/\\\/mo-di-tec.fr\\\/de\\\/portraet\\\/\",\"name\":\"Portr\u00e4t - Moditec\",\"isPartOf\":{\"@id\":\"https:\\\/\\\/mo-di-tec.fr\\\/de\\\/#website\"},\"datePublished\":\"2019-03-26T15:12:03+00:00\",\"dateModified\":\"2024-01-23T15:43:34+00:00\",\"breadcrumb\":{\"@id\":\"https:\\\/\\\/mo-di-tec.fr\\\/de\\\/portraet\\\/#breadcrumb\"},\"inLanguage\":\"de\",\"potentialAction\":[{\"@type\":\"ReadAction\",\"target\":[\"https:\\\/\\\/mo-di-tec.fr\\\/de\\\/portraet\\\/\"]}]},{\"@type\":\"BreadcrumbList\",\"@id\":\"https:\\\/\\\/mo-di-tec.fr\\\/de\\\/portraet\\\/#breadcrumb\",\"itemListElement\":[{\"@type\":\"ListItem\",\"position\":1,\"name\":\"Home\",\"item\":\"https:\\\/\\\/mo-di-tec.fr\\\/de\\\/\"},{\"@type\":\"ListItem\",\"position\":2,\"name\":\"Portr\u00e4t\"}]},{\"@type\":\"WebSite\",\"@id\":\"https:\\\/\\\/mo-di-tec.fr\\\/de\\\/#website\",\"url\":\"https:\\\/\\\/mo-di-tec.fr\\\/de\\\/\",\"name\":\"Moditec\",\"description\":\"Der Spezialanbieter f\u00fcr langsam laufende Schneidm\u00fchlen \",\"potentialAction\":[{\"@type\":\"SearchAction\",\"target\":{\"@type\":\"EntryPoint\",\"urlTemplate\":\"https:\\\/\\\/mo-di-tec.fr\\\/de\\\/?s={search_term_string}\"},\"query-input\":{\"@type\":\"PropertyValueSpecification\",\"valueRequired\":true,\"valueName\":\"search_term_string\"}}],\"inLanguage\":\"de\"}]}<\/script>\n<!-- \/ Yoast SEO plugin. -->","yoast_head_json":{"title":"Portr\u00e4t - Moditec","robots":{"index":"index","follow":"follow","max-snippet":"max-snippet:-1","max-image-preview":"max-image-preview:large","max-video-preview":"max-video-preview:-1"},"canonical":"https:\/\/mo-di-tec.fr\/de\/portraet\/","og_locale":"de_DE","og_type":"article","og_title":"Portr\u00e4t - Moditec","og_description":"Vorreiter f\u00fcr langsam laufende Zerkleinerer Seit 40 Jahren entwickelt und stellt das Unternehmen MO-DI-TEC Schneidm\u00fchlen [&hellip;]","og_url":"https:\/\/mo-di-tec.fr\/de\/portraet\/","og_site_name":"Moditec","article_modified_time":"2024-01-23T15:43:34+00:00","twitter_card":"summary_large_image","twitter_misc":{"Gesch\u00e4tzte Lesezeit":"1\u00a0Minute"},"schema":{"@context":"https:\/\/schema.org","@graph":[{"@type":"WebPage","@id":"https:\/\/mo-di-tec.fr\/de\/portraet\/","url":"https:\/\/mo-di-tec.fr\/de\/portraet\/","name":"Portr\u00e4t - Moditec","isPartOf":{"@id":"https:\/\/mo-di-tec.fr\/de\/#website"},"datePublished":"2019-03-26T15:12:03+00:00","dateModified":"2024-01-23T15:43:34+00:00","breadcrumb":{"@id":"https:\/\/mo-di-tec.fr\/de\/portraet\/#breadcrumb"},"inLanguage":"de","potentialAction":[{"@type":"ReadAction","target":["https:\/\/mo-di-tec.fr\/de\/portraet\/"]}]},{"@type":"BreadcrumbList","@id":"https:\/\/mo-di-tec.fr\/de\/portraet\/#breadcrumb","itemListElement":[{"@type":"ListItem","position":1,"name":"Home","item":"https:\/\/mo-di-tec.fr\/de\/"},{"@type":"ListItem","position":2,"name":"Portr\u00e4t"}]},{"@type":"WebSite","@id":"https:\/\/mo-di-tec.fr\/de\/#website","url":"https:\/\/mo-di-tec.fr\/de\/","name":"Moditec","description":"Der Spezialanbieter f\u00fcr langsam laufende Schneidm\u00fchlen ","potentialAction":[{"@type":"SearchAction","target":{"@type":"EntryPoint","urlTemplate":"https:\/\/mo-di-tec.fr\/de\/?s={search_term_string}"},"query-input":{"@type":"PropertyValueSpecification","valueRequired":true,"valueName":"search_term_string"}}],"inLanguage":"de"}]}},"_links":{"self":[{"href":"https:\/\/mo-di-tec.fr\/de\/wp-json\/wp\/v2\/pages\/3105","targetHints":{"allow":["GET"]}}],"collection":[{"href":"https:\/\/mo-di-tec.fr\/de\/wp-json\/wp\/v2\/pages"}],"about":[{"href":"https:\/\/mo-di-tec.fr\/de\/wp-json\/wp\/v2\/types\/page"}],"author":[{"embeddable":true,"href":"https:\/\/mo-di-tec.fr\/de\/wp-json\/wp\/v2\/users\/2"}],"replies":[{"embeddable":true,"href":"https:\/\/mo-di-tec.fr\/de\/wp-json\/wp\/v2\/comments?post=3105"}],"version-history":[{"count":2,"href":"https:\/\/mo-di-tec.fr\/de\/wp-json\/wp\/v2\/pages\/3105\/revisions"}],"predecessor-version":[{"id":3228,"href":"https:\/\/mo-di-tec.fr\/de\/wp-json\/wp\/v2\/pages\/3105\/revisions\/3228"}],"wp:attachment":[{"href":"https:\/\/mo-di-tec.fr\/de\/wp-json\/wp\/v2\/media?parent=3105"}],"curies":[{"name":"wp","href":"https:\/\/api.w.org\/{rel}","templated":true}]}}