{"id":3111,"date":"2019-03-26T16:10:30","date_gmt":"2019-03-26T15:10:30","guid":{"rendered":"https:\/\/mo-di-tec.33degres.fr\/specialiste-du-broyeur-a-vitesse-lente\/"},"modified":"2024-06-03T15:43:32","modified_gmt":"2024-06-03T13:43:32","slug":"spezialanbieter-fuer-langsam-laufende-schneidmuehlen","status":"publish","type":"page","link":"https:\/\/mo-di-tec.fr\/de\/","title":{"rendered":"Spezialanbieter f\u00fcr langsam laufende Schneidm\u00fchlen"},"content":{"rendered":"\n<p> MO-DI-TEC entwickelt und stellt <strong>seit 40 Jahren<\/strong> Schneidm\u00fchlen f\u00fcr die <strong>Kunststoffverarbeitung<\/strong> her.\n         Innovation und Qualit\u00e4t der Herstellung sind die Grundlagen unseres Know-hows und erlauben es uns, an Ihre Anwendungen angepasste L\u00f6sungen anzubieten.\n         <\/p>\n\n<p>Wir sind Vorreiter und heute <strong>Fachanbieter f\u00fcr langsam laufende Schneidm\u00fchlen<\/strong> (Schneidgeschwindigkeit 25 U\/min).\n         <\/p>\n\n<p>Die langsame Drehzahl erm\u00f6glicht das Zerkleinern<strong> selbst h\u00e4rtester Thermoplaste<\/strong> wie ABS, PA (GF), PC, PBT, POM usw. mit weniger Erw\u00e4rmung, L\u00e4rm, Staub und Abnutzung.\n         <\/p>\n\n<p>Zu unseren Kunden z\u00e4hlen Hersteller und Zulieferer aus den Bereichen Automobil, Elektroger\u00e4te, Elektronik, Chemie und Pharmazeutika.\n        <\/p>\n","protected":false},"excerpt":{"rendered":"<p>MO-DI-TEC entwickelt und stellt seit 40 Jahren Schneidm\u00fchlen f\u00fcr die Kunststoffverarbeitung her. Innovation und Qualit\u00e4t [&hellip;]<\/p>\n","protected":false},"author":2,"featured_media":1590,"parent":0,"menu_order":0,"comment_status":"closed","ping_status":"closed","template":"","meta":{"footnotes":""},"class_list":["post-3111","page","type-page","status-publish","has-post-thumbnail","hentry"],"yoast_head":"<!-- This site is optimized with the Yoast SEO plugin v27.4 - https:\/\/yoast.com\/product\/yoast-seo-wordpress\/ -->\n<title>Spezialanbieter f\u00fcr langsam laufende Schneidm\u00fchlen - Moditec<\/title>\n<meta name=\"robots\" content=\"index, follow, max-snippet:-1, max-image-preview:large, max-video-preview:-1\" \/>\n<link rel=\"canonical\" href=\"https:\/\/mo-di-tec.fr\/de\/\" \/>\n<meta property=\"og:locale\" content=\"de_DE\" \/>\n<meta property=\"og:type\" content=\"article\" \/>\n<meta property=\"og:title\" content=\"Spezialanbieter f\u00fcr langsam laufende Schneidm\u00fchlen - Moditec\" \/>\n<meta property=\"og:description\" content=\"MO-DI-TEC entwickelt und stellt seit 40 Jahren Schneidm\u00fchlen f\u00fcr die Kunststoffverarbeitung her. Innovation und Qualit\u00e4t [&hellip;]\" \/>\n<meta property=\"og:url\" content=\"https:\/\/mo-di-tec.fr\/de\/\" \/>\n<meta property=\"og:site_name\" content=\"Moditec\" \/>\n<meta property=\"article:modified_time\" content=\"2024-06-03T13:43:32+00:00\" \/>\n<meta property=\"og:image\" content=\"https:\/\/mo-di-tec.fr\/wp-content\/uploads\/2019\/09\/specialistes_du_broyeur_a_vitesse_lente.jpeg\" \/>\n\t<meta property=\"og:image:width\" content=\"964\" \/>\n\t<meta property=\"og:image:height\" content=\"932\" \/>\n\t<meta property=\"og:image:type\" content=\"image\/jpeg\" \/>\n<meta name=\"twitter:card\" content=\"summary_large_image\" \/>\n<script type=\"application\/ld+json\" class=\"yoast-schema-graph\">{\"@context\":\"https:\\\/\\\/schema.org\",\"@graph\":[{\"@type\":\"WebPage\",\"@id\":\"https:\\\/\\\/mo-di-tec.fr\\\/de\\\/\",\"url\":\"https:\\\/\\\/mo-di-tec.fr\\\/de\\\/\",\"name\":\"Spezialanbieter f\u00fcr langsam laufende Schneidm\u00fchlen - Moditec\",\"isPartOf\":{\"@id\":\"https:\\\/\\\/mo-di-tec.fr\\\/de\\\/#website\"},\"primaryImageOfPage\":{\"@id\":\"https:\\\/\\\/mo-di-tec.fr\\\/de\\\/#primaryimage\"},\"image\":{\"@id\":\"https:\\\/\\\/mo-di-tec.fr\\\/de\\\/#primaryimage\"},\"thumbnailUrl\":\"https:\\\/\\\/mo-di-tec.fr\\\/wp-content\\\/uploads\\\/2019\\\/09\\\/specialistes_du_broyeur_a_vitesse_lente.jpeg\",\"datePublished\":\"2019-03-26T15:10:30+00:00\",\"dateModified\":\"2024-06-03T13:43:32+00:00\",\"breadcrumb\":{\"@id\":\"https:\\\/\\\/mo-di-tec.fr\\\/de\\\/#breadcrumb\"},\"inLanguage\":\"de\",\"potentialAction\":[{\"@type\":\"ReadAction\",\"target\":[\"https:\\\/\\\/mo-di-tec.fr\\\/de\\\/\"]}]},{\"@type\":\"ImageObject\",\"inLanguage\":\"de\",\"@id\":\"https:\\\/\\\/mo-di-tec.fr\\\/de\\\/#primaryimage\",\"url\":\"https:\\\/\\\/mo-di-tec.fr\\\/wp-content\\\/uploads\\\/2019\\\/09\\\/specialistes_du_broyeur_a_vitesse_lente.jpeg\",\"contentUrl\":\"https:\\\/\\\/mo-di-tec.fr\\\/wp-content\\\/uploads\\\/2019\\\/09\\\/specialistes_du_broyeur_a_vitesse_lente.jpeg\",\"width\":964,\"height\":932},{\"@type\":\"BreadcrumbList\",\"@id\":\"https:\\\/\\\/mo-di-tec.fr\\\/de\\\/#breadcrumb\",\"itemListElement\":[{\"@type\":\"ListItem\",\"position\":1,\"name\":\"Home\",\"item\":\"https:\\\/\\\/mo-di-tec.fr\\\/de\\\/\"},{\"@type\":\"ListItem\",\"position\":2,\"name\":\"Spezialanbieter f\u00fcr langsam laufende Schneidm\u00fchlen\"}]},{\"@type\":\"WebSite\",\"@id\":\"https:\\\/\\\/mo-di-tec.fr\\\/de\\\/#website\",\"url\":\"https:\\\/\\\/mo-di-tec.fr\\\/de\\\/\",\"name\":\"Moditec\",\"description\":\"Der Spezialanbieter f\u00fcr langsam laufende Schneidm\u00fchlen \",\"potentialAction\":[{\"@type\":\"SearchAction\",\"target\":{\"@type\":\"EntryPoint\",\"urlTemplate\":\"https:\\\/\\\/mo-di-tec.fr\\\/de\\\/?s={search_term_string}\"},\"query-input\":{\"@type\":\"PropertyValueSpecification\",\"valueRequired\":true,\"valueName\":\"search_term_string\"}}],\"inLanguage\":\"de\"}]}<\/script>\n<!-- \/ Yoast SEO plugin. -->","yoast_head_json":{"title":"Spezialanbieter f\u00fcr langsam laufende Schneidm\u00fchlen - Moditec","robots":{"index":"index","follow":"follow","max-snippet":"max-snippet:-1","max-image-preview":"max-image-preview:large","max-video-preview":"max-video-preview:-1"},"canonical":"https:\/\/mo-di-tec.fr\/de\/","og_locale":"de_DE","og_type":"article","og_title":"Spezialanbieter f\u00fcr langsam laufende Schneidm\u00fchlen - Moditec","og_description":"MO-DI-TEC entwickelt und stellt seit 40 Jahren Schneidm\u00fchlen f\u00fcr die Kunststoffverarbeitung her. Innovation und Qualit\u00e4t [&hellip;]","og_url":"https:\/\/mo-di-tec.fr\/de\/","og_site_name":"Moditec","article_modified_time":"2024-06-03T13:43:32+00:00","og_image":[{"width":964,"height":932,"url":"https:\/\/mo-di-tec.fr\/wp-content\/uploads\/2019\/09\/specialistes_du_broyeur_a_vitesse_lente.jpeg","type":"image\/jpeg"}],"twitter_card":"summary_large_image","schema":{"@context":"https:\/\/schema.org","@graph":[{"@type":"WebPage","@id":"https:\/\/mo-di-tec.fr\/de\/","url":"https:\/\/mo-di-tec.fr\/de\/","name":"Spezialanbieter f\u00fcr langsam laufende Schneidm\u00fchlen - Moditec","isPartOf":{"@id":"https:\/\/mo-di-tec.fr\/de\/#website"},"primaryImageOfPage":{"@id":"https:\/\/mo-di-tec.fr\/de\/#primaryimage"},"image":{"@id":"https:\/\/mo-di-tec.fr\/de\/#primaryimage"},"thumbnailUrl":"https:\/\/mo-di-tec.fr\/wp-content\/uploads\/2019\/09\/specialistes_du_broyeur_a_vitesse_lente.jpeg","datePublished":"2019-03-26T15:10:30+00:00","dateModified":"2024-06-03T13:43:32+00:00","breadcrumb":{"@id":"https:\/\/mo-di-tec.fr\/de\/#breadcrumb"},"inLanguage":"de","potentialAction":[{"@type":"ReadAction","target":["https:\/\/mo-di-tec.fr\/de\/"]}]},{"@type":"ImageObject","inLanguage":"de","@id":"https:\/\/mo-di-tec.fr\/de\/#primaryimage","url":"https:\/\/mo-di-tec.fr\/wp-content\/uploads\/2019\/09\/specialistes_du_broyeur_a_vitesse_lente.jpeg","contentUrl":"https:\/\/mo-di-tec.fr\/wp-content\/uploads\/2019\/09\/specialistes_du_broyeur_a_vitesse_lente.jpeg","width":964,"height":932},{"@type":"BreadcrumbList","@id":"https:\/\/mo-di-tec.fr\/de\/#breadcrumb","itemListElement":[{"@type":"ListItem","position":1,"name":"Home","item":"https:\/\/mo-di-tec.fr\/de\/"},{"@type":"ListItem","position":2,"name":"Spezialanbieter f\u00fcr langsam laufende Schneidm\u00fchlen"}]},{"@type":"WebSite","@id":"https:\/\/mo-di-tec.fr\/de\/#website","url":"https:\/\/mo-di-tec.fr\/de\/","name":"Moditec","description":"Der Spezialanbieter f\u00fcr langsam laufende Schneidm\u00fchlen ","potentialAction":[{"@type":"SearchAction","target":{"@type":"EntryPoint","urlTemplate":"https:\/\/mo-di-tec.fr\/de\/?s={search_term_string}"},"query-input":{"@type":"PropertyValueSpecification","valueRequired":true,"valueName":"search_term_string"}}],"inLanguage":"de"}]}},"_links":{"self":[{"href":"https:\/\/mo-di-tec.fr\/de\/wp-json\/wp\/v2\/pages\/3111","targetHints":{"allow":["GET"]}}],"collection":[{"href":"https:\/\/mo-di-tec.fr\/de\/wp-json\/wp\/v2\/pages"}],"about":[{"href":"https:\/\/mo-di-tec.fr\/de\/wp-json\/wp\/v2\/types\/page"}],"author":[{"embeddable":true,"href":"https:\/\/mo-di-tec.fr\/de\/wp-json\/wp\/v2\/users\/2"}],"replies":[{"embeddable":true,"href":"https:\/\/mo-di-tec.fr\/de\/wp-json\/wp\/v2\/comments?post=3111"}],"version-history":[{"count":2,"href":"https:\/\/mo-di-tec.fr\/de\/wp-json\/wp\/v2\/pages\/3111\/revisions"}],"predecessor-version":[{"id":3221,"href":"https:\/\/mo-di-tec.fr\/de\/wp-json\/wp\/v2\/pages\/3111\/revisions\/3221"}],"wp:featuredmedia":[{"embeddable":true,"href":"https:\/\/mo-di-tec.fr\/de\/wp-json\/wp\/v2\/media\/1590"}],"wp:attachment":[{"href":"https:\/\/mo-di-tec.fr\/de\/wp-json\/wp\/v2\/media?parent=3111"}],"curies":[{"name":"wp","href":"https:\/\/api.w.org\/{rel}","templated":true}]}}