{"id":3135,"date":"2019-04-05T16:01:52","date_gmt":"2019-04-05T14:01:52","guid":{"rendered":"https:\/\/mo-di-tec.33degres.fr\/product\/bm-vis\/"},"modified":"2024-05-31T17:53:21","modified_gmt":"2024-05-31T15:53:21","slug":"bm-vis","status":"publish","type":"product","link":"https:\/\/mo-di-tec.fr\/de\/product\/bm-vis\/","title":{"rendered":"BM 170 Vis"},"content":{"rendered":"\n<h2 class=\"wp-block-heading\"><strong>Abbildung mit Schnecke und Horizontalmotor 4\u00a0kW\n         <\/strong><\/h2>\n\n<p>Die Schneidm\u00fchlen BM 170 VIS und BM 340 VIS nehmen \u00fcber die Endlosschnecke Ang\u00fcsse mit gro\u00dfen Abmessungen direkt unter der Pressform auf.\n         Zur Verringerung der Standfl\u00e4che sind Modelle mit Schnecke auch in einer Kompaktausf\u00fchrung erh\u00e4ltlich.\n         Alle Ausf\u00fchrungen mit Schnecke k\u00f6nnen (optional) mit einem Zuf\u00fchrtrichter versehen werden, der z.B. die handhabungsfreie Aufnahme gro\u00dfer Ang\u00fcsse am Fu\u00dfe der Presse erm\u00f6glicht.\n        <\/p>\n\n<ul class=\"wp-block-list\"><li>Antrieb mit elastischer Kupplung\n        <\/li><li><strong>Slide-System <\/strong>(siehe Katalog Optionen, Seite 9)\n        <\/li><li>Mahlkammer: 236 x 176\u00a0mm\n        <\/li><li>Rotor D 170 mm: 1\n        <\/li><li>Bewegliche Messer: 3 aus Edelstahl mit verschlei\u00dffester Beschichtung, progressiver Schnitt\n        <\/li><li>Einstellbare feststehende Messer: 2 aus Edelstahl mit verschlei\u00dffester Beschichtung\n        <\/li><li>Drehzahl: 260 U\/min\n        <\/li><li>Ger\u00e4uschpegel: &lt;75\u00a0dBA je nach Werkstoff\n        <\/li><li>K\u00fchlkreislauf im Mahlkammerblock\n        <\/li><li>Auffangtrichter (3\u00a0L) mit drehbarem Saugbeh\u00e4lter und Absaugstutzen D 38\u00a0mm\n        <\/li><li>Schwei\u00dfrahmen mit 4 Rollen, davon 2 mit Feststellbremse\n        <\/li><li>Schaltkasten mit programmierbarer Steuerung und LCD-Bildschirm zur Parameterverwaltung\n        <\/li><li>Sicherheitsschalter beim \u00d6ffnen des Einlauftrichters und Entfernen des Auffangtrichters\n        <\/li><li>RAL 7021 (schwarzgrau) &#8211; 9006 (wei\u00dfaluminium)\n        <\/li><li>Abmessungen mit schallisoliertem Eingabetrichter: L: 714 mm &#8211; B: 623 mm &#8211; H: 1282 mm\n        <\/li><\/ul>\n","protected":false},"excerpt":{"rendered":"<p>Abbildung mit Schnecke und Horizontalmotor 4\u00a0kW Die Schneidm\u00fchlen BM 170 VIS und BM 340 VIS [&hellip;]<\/p>\n","protected":false},"featured_media":2241,"parent":0,"template":"","gamme":[38],"class_list":["post-3135","product","type-product","status-publish","has-post-thumbnail","hentry","gamme-bm"],"yoast_head":"<!-- This site is optimized with the Yoast SEO plugin v27.4 - https:\/\/yoast.com\/product\/yoast-seo-wordpress\/ -->\n<title>BM 170 Vis - Moditec<\/title>\n<meta name=\"robots\" content=\"index, follow, max-snippet:-1, max-image-preview:large, max-video-preview:-1\" \/>\n<link rel=\"canonical\" href=\"https:\/\/mo-di-tec.fr\/de\/product\/bm-vis\/\" \/>\n<meta property=\"og:locale\" content=\"de_DE\" \/>\n<meta property=\"og:type\" content=\"article\" \/>\n<meta property=\"og:title\" content=\"BM 170 Vis - Moditec\" \/>\n<meta property=\"og:description\" content=\"Abbildung mit Schnecke und Horizontalmotor 4\u00a0kW Die Schneidm\u00fchlen BM 170 VIS und BM 340 VIS [&hellip;]\" \/>\n<meta property=\"og:url\" content=\"https:\/\/mo-di-tec.fr\/de\/product\/bm-vis\/\" \/>\n<meta property=\"og:site_name\" content=\"Moditec\" \/>\n<meta property=\"article:modified_time\" content=\"2024-05-31T15:53:21+00:00\" \/>\n<meta property=\"og:image\" content=\"https:\/\/mo-di-tec.fr\/wp-content\/uploads\/2019\/04\/bm170vis-1.jpg\" \/>\n\t<meta property=\"og:image:width\" content=\"425\" \/>\n\t<meta property=\"og:image:height\" content=\"425\" \/>\n\t<meta property=\"og:image:type\" content=\"image\/jpeg\" \/>\n<meta name=\"twitter:card\" content=\"summary_large_image\" \/>\n<meta name=\"twitter:label1\" content=\"Gesch\u00e4tzte Lesezeit\" \/>\n\t<meta name=\"twitter:data1\" content=\"2\u00a0Minuten\" \/>\n<script type=\"application\/ld+json\" class=\"yoast-schema-graph\">{\"@context\":\"https:\\\/\\\/schema.org\",\"@graph\":[{\"@type\":\"WebPage\",\"@id\":\"https:\\\/\\\/mo-di-tec.fr\\\/de\\\/product\\\/bm-vis\\\/\",\"url\":\"https:\\\/\\\/mo-di-tec.fr\\\/de\\\/product\\\/bm-vis\\\/\",\"name\":\"BM 170 Vis - Moditec\",\"isPartOf\":{\"@id\":\"https:\\\/\\\/mo-di-tec.fr\\\/de\\\/#website\"},\"primaryImageOfPage\":{\"@id\":\"https:\\\/\\\/mo-di-tec.fr\\\/de\\\/product\\\/bm-vis\\\/#primaryimage\"},\"image\":{\"@id\":\"https:\\\/\\\/mo-di-tec.fr\\\/de\\\/product\\\/bm-vis\\\/#primaryimage\"},\"thumbnailUrl\":\"https:\\\/\\\/mo-di-tec.fr\\\/wp-content\\\/uploads\\\/2019\\\/04\\\/bm170vis-1.jpg\",\"datePublished\":\"2019-04-05T14:01:52+00:00\",\"dateModified\":\"2024-05-31T15:53:21+00:00\",\"breadcrumb\":{\"@id\":\"https:\\\/\\\/mo-di-tec.fr\\\/de\\\/product\\\/bm-vis\\\/#breadcrumb\"},\"inLanguage\":\"de\",\"potentialAction\":[{\"@type\":\"ReadAction\",\"target\":[\"https:\\\/\\\/mo-di-tec.fr\\\/de\\\/product\\\/bm-vis\\\/\"]}]},{\"@type\":\"ImageObject\",\"inLanguage\":\"de\",\"@id\":\"https:\\\/\\\/mo-di-tec.fr\\\/de\\\/product\\\/bm-vis\\\/#primaryimage\",\"url\":\"https:\\\/\\\/mo-di-tec.fr\\\/wp-content\\\/uploads\\\/2019\\\/04\\\/bm170vis-1.jpg\",\"contentUrl\":\"https:\\\/\\\/mo-di-tec.fr\\\/wp-content\\\/uploads\\\/2019\\\/04\\\/bm170vis-1.jpg\",\"width\":425,\"height\":425},{\"@type\":\"BreadcrumbList\",\"@id\":\"https:\\\/\\\/mo-di-tec.fr\\\/de\\\/product\\\/bm-vis\\\/#breadcrumb\",\"itemListElement\":[{\"@type\":\"ListItem\",\"position\":1,\"name\":\"Home\",\"item\":\"https:\\\/\\\/mo-di-tec.fr\\\/de\\\/\"},{\"@type\":\"ListItem\",\"position\":2,\"name\":\"Produits\",\"item\":\"https:\\\/\\\/mo-di-tec.fr\\\/de\\\/product\\\/\"},{\"@type\":\"ListItem\",\"position\":3,\"name\":\"BM 170 Vis\"}]},{\"@type\":\"WebSite\",\"@id\":\"https:\\\/\\\/mo-di-tec.fr\\\/de\\\/#website\",\"url\":\"https:\\\/\\\/mo-di-tec.fr\\\/de\\\/\",\"name\":\"Moditec\",\"description\":\"Der Spezialanbieter f\u00fcr langsam laufende Schneidm\u00fchlen \",\"potentialAction\":[{\"@type\":\"SearchAction\",\"target\":{\"@type\":\"EntryPoint\",\"urlTemplate\":\"https:\\\/\\\/mo-di-tec.fr\\\/de\\\/?s={search_term_string}\"},\"query-input\":{\"@type\":\"PropertyValueSpecification\",\"valueRequired\":true,\"valueName\":\"search_term_string\"}}],\"inLanguage\":\"de\"}]}<\/script>\n<!-- \/ Yoast SEO plugin. -->","yoast_head_json":{"title":"BM 170 Vis - Moditec","robots":{"index":"index","follow":"follow","max-snippet":"max-snippet:-1","max-image-preview":"max-image-preview:large","max-video-preview":"max-video-preview:-1"},"canonical":"https:\/\/mo-di-tec.fr\/de\/product\/bm-vis\/","og_locale":"de_DE","og_type":"article","og_title":"BM 170 Vis - Moditec","og_description":"Abbildung mit Schnecke und Horizontalmotor 4\u00a0kW Die Schneidm\u00fchlen BM 170 VIS und BM 340 VIS [&hellip;]","og_url":"https:\/\/mo-di-tec.fr\/de\/product\/bm-vis\/","og_site_name":"Moditec","article_modified_time":"2024-05-31T15:53:21+00:00","og_image":[{"width":425,"height":425,"url":"https:\/\/mo-di-tec.fr\/wp-content\/uploads\/2019\/04\/bm170vis-1.jpg","type":"image\/jpeg"}],"twitter_card":"summary_large_image","twitter_misc":{"Gesch\u00e4tzte Lesezeit":"2\u00a0Minuten"},"schema":{"@context":"https:\/\/schema.org","@graph":[{"@type":"WebPage","@id":"https:\/\/mo-di-tec.fr\/de\/product\/bm-vis\/","url":"https:\/\/mo-di-tec.fr\/de\/product\/bm-vis\/","name":"BM 170 Vis - Moditec","isPartOf":{"@id":"https:\/\/mo-di-tec.fr\/de\/#website"},"primaryImageOfPage":{"@id":"https:\/\/mo-di-tec.fr\/de\/product\/bm-vis\/#primaryimage"},"image":{"@id":"https:\/\/mo-di-tec.fr\/de\/product\/bm-vis\/#primaryimage"},"thumbnailUrl":"https:\/\/mo-di-tec.fr\/wp-content\/uploads\/2019\/04\/bm170vis-1.jpg","datePublished":"2019-04-05T14:01:52+00:00","dateModified":"2024-05-31T15:53:21+00:00","breadcrumb":{"@id":"https:\/\/mo-di-tec.fr\/de\/product\/bm-vis\/#breadcrumb"},"inLanguage":"de","potentialAction":[{"@type":"ReadAction","target":["https:\/\/mo-di-tec.fr\/de\/product\/bm-vis\/"]}]},{"@type":"ImageObject","inLanguage":"de","@id":"https:\/\/mo-di-tec.fr\/de\/product\/bm-vis\/#primaryimage","url":"https:\/\/mo-di-tec.fr\/wp-content\/uploads\/2019\/04\/bm170vis-1.jpg","contentUrl":"https:\/\/mo-di-tec.fr\/wp-content\/uploads\/2019\/04\/bm170vis-1.jpg","width":425,"height":425},{"@type":"BreadcrumbList","@id":"https:\/\/mo-di-tec.fr\/de\/product\/bm-vis\/#breadcrumb","itemListElement":[{"@type":"ListItem","position":1,"name":"Home","item":"https:\/\/mo-di-tec.fr\/de\/"},{"@type":"ListItem","position":2,"name":"Produits","item":"https:\/\/mo-di-tec.fr\/de\/product\/"},{"@type":"ListItem","position":3,"name":"BM 170 Vis"}]},{"@type":"WebSite","@id":"https:\/\/mo-di-tec.fr\/de\/#website","url":"https:\/\/mo-di-tec.fr\/de\/","name":"Moditec","description":"Der Spezialanbieter f\u00fcr langsam laufende Schneidm\u00fchlen ","potentialAction":[{"@type":"SearchAction","target":{"@type":"EntryPoint","urlTemplate":"https:\/\/mo-di-tec.fr\/de\/?s={search_term_string}"},"query-input":{"@type":"PropertyValueSpecification","valueRequired":true,"valueName":"search_term_string"}}],"inLanguage":"de"}]}},"_links":{"self":[{"href":"https:\/\/mo-di-tec.fr\/de\/wp-json\/wp\/v2\/product\/3135","targetHints":{"allow":["GET"]}}],"collection":[{"href":"https:\/\/mo-di-tec.fr\/de\/wp-json\/wp\/v2\/product"}],"about":[{"href":"https:\/\/mo-di-tec.fr\/de\/wp-json\/wp\/v2\/types\/product"}],"version-history":[{"count":2,"href":"https:\/\/mo-di-tec.fr\/de\/wp-json\/wp\/v2\/product\/3135\/revisions"}],"predecessor-version":[{"id":3188,"href":"https:\/\/mo-di-tec.fr\/de\/wp-json\/wp\/v2\/product\/3135\/revisions\/3188"}],"wp:featuredmedia":[{"embeddable":true,"href":"https:\/\/mo-di-tec.fr\/de\/wp-json\/wp\/v2\/media\/2241"}],"wp:attachment":[{"href":"https:\/\/mo-di-tec.fr\/de\/wp-json\/wp\/v2\/media?parent=3135"}],"wp:term":[{"taxonomy":"gamme","embeddable":true,"href":"https:\/\/mo-di-tec.fr\/de\/wp-json\/wp\/v2\/gamme?post=3135"}],"curies":[{"name":"wp","href":"https:\/\/api.w.org\/{rel}","templated":true}]}}