{"id":3067,"date":"2019-09-26T09:49:21","date_gmt":"2019-09-26T07:49:21","guid":{"rendered":"https:\/\/mo-di-tec.33degres.fr\/imd-le-systeme-de-detection-de-metaux-integre\/"},"modified":"2024-02-21T15:09:03","modified_gmt":"2024-02-21T14:09:03","slug":"imd-el-sistema-de-deteccion-de-metales-integrado","status":"publish","type":"page","link":"https:\/\/mo-di-tec.fr\/es\/imd-el-sistema-de-deteccion-de-metales-integrado\/","title":{"rendered":"IMD: el sistema de detecci\u00f3n de metales integrado"},"content":{"rendered":"\n<p>Este nuevo concepto, patentado, fue desarrollado para evitar da\u00f1os severos frente a la ca\u00edda de piezas met\u00e1licas en la c\u00e1mara de corte.\n        <\/p>\n\n\n\n<p>De hecho, ni bien el sistema detecta una pieza met\u00e1lica (por contacto entre dos zonas en la c\u00e1mara de corte) el rotor de la trituradora se detiene inmediatamente. El tiempo de reacci\u00f3n es de 40 mil\u00e9simas de segundo.\n         El operario ver\u00e1 inmediatamente el motivo de la parada en la pantalla LCD del panel.\n        <\/p>\n\n\n\n<h2 class=\"wp-block-heading\">Beneficios:\n         <\/h2>\n\n\n\n<ul class=\"wp-block-list\"><li>productividad sostenida (la producci\u00f3n solo se detiene durante la limpieza de la c\u00e1mara de corte);\n        <\/li><li>ahorro significativo en costes de reparaci\u00f3n (c\u00e1mara de corte, alimentadores y moldes);\n        <\/li><li>este sistema se ofrece opcionalmente para las l\u00edneas GOLIATH Plus y GOLIATH TWIN Plus: gesti\u00f3n por PLC con sistema ABS, o por placa electr\u00f3nica.\n        <\/li><\/ul>\n\n\n\n<figure class=\"wp-block-embed is-type-video is-provider-youtube wp-block-embed-youtube wp-embed-aspect-16-9 wp-has-aspect-ratio\"><div class=\"wp-block-embed__wrapper\">\n<iframe loading=\"lazy\" title=\"Moditec broyeur vitesse lente pour l&#039;industrie du plastique\" width=\"500\" height=\"281\" src=\"https:\/\/www.youtube.com\/embed\/COdNjz_T2CY?feature=oembed\" frameborder=\"0\" allow=\"accelerometer; autoplay; clipboard-write; encrypted-media; gyroscope; picture-in-picture; web-share\" referrerpolicy=\"strict-origin-when-cross-origin\" allowfullscreen><\/iframe>\n<\/div><\/figure>\n","protected":false},"excerpt":{"rendered":"<p>Este nuevo concepto, patentado, fue desarrollado para evitar da\u00f1os severos frente a la ca\u00edda de [&hellip;]<\/p>\n","protected":false},"author":2,"featured_media":1702,"parent":0,"menu_order":0,"comment_status":"closed","ping_status":"closed","template":"","meta":{"footnotes":""},"class_list":["post-3067","page","type-page","status-publish","has-post-thumbnail","hentry"],"yoast_head":"<!-- This site is optimized with the Yoast SEO plugin v27.5 - https:\/\/yoast.com\/product\/yoast-seo-wordpress\/ -->\n<title>IMD: el sistema de detecci\u00f3n de metales integrado - Moditec<\/title>\n<meta name=\"robots\" content=\"index, follow, max-snippet:-1, max-image-preview:large, max-video-preview:-1\" \/>\n<link rel=\"canonical\" href=\"https:\/\/mo-di-tec.fr\/es\/imd-el-sistema-de-deteccion-de-metales-integrado\/\" \/>\n<meta property=\"og:locale\" content=\"es_ES\" \/>\n<meta property=\"og:type\" content=\"article\" \/>\n<meta property=\"og:title\" content=\"IMD: el sistema de detecci\u00f3n de metales integrado - Moditec\" \/>\n<meta property=\"og:description\" content=\"Este nuevo concepto, patentado, fue desarrollado para evitar da\u00f1os severos frente a la ca\u00edda de [&hellip;]\" \/>\n<meta property=\"og:url\" content=\"https:\/\/mo-di-tec.fr\/es\/imd-el-sistema-de-deteccion-de-metales-integrado\/\" \/>\n<meta property=\"og:site_name\" content=\"Moditec\" \/>\n<meta property=\"article:modified_time\" content=\"2024-02-21T14:09:03+00:00\" \/>\n<meta property=\"og:image\" content=\"https:\/\/mo-di-tec.fr\/wp-content\/uploads\/2020\/11\/logo_IMD.png\" \/>\n\t<meta property=\"og:image:width\" content=\"483\" \/>\n\t<meta property=\"og:image:height\" content=\"400\" \/>\n\t<meta property=\"og:image:type\" content=\"image\/png\" \/>\n<meta name=\"twitter:card\" content=\"summary_large_image\" \/>\n<meta name=\"twitter:label1\" content=\"Tiempo de lectura\" \/>\n\t<meta name=\"twitter:data1\" content=\"1 minuto\" \/>\n<script type=\"application\/ld+json\" class=\"yoast-schema-graph\">{\"@context\":\"https:\\\/\\\/schema.org\",\"@graph\":[{\"@type\":\"WebPage\",\"@id\":\"https:\\\/\\\/mo-di-tec.fr\\\/es\\\/imd-el-sistema-de-deteccion-de-metales-integrado\\\/\",\"url\":\"https:\\\/\\\/mo-di-tec.fr\\\/es\\\/imd-el-sistema-de-deteccion-de-metales-integrado\\\/\",\"name\":\"IMD: el sistema de detecci\u00f3n de metales integrado - Moditec\",\"isPartOf\":{\"@id\":\"https:\\\/\\\/mo-di-tec.fr\\\/es\\\/#website\"},\"primaryImageOfPage\":{\"@id\":\"https:\\\/\\\/mo-di-tec.fr\\\/es\\\/imd-el-sistema-de-deteccion-de-metales-integrado\\\/#primaryimage\"},\"image\":{\"@id\":\"https:\\\/\\\/mo-di-tec.fr\\\/es\\\/imd-el-sistema-de-deteccion-de-metales-integrado\\\/#primaryimage\"},\"thumbnailUrl\":\"https:\\\/\\\/mo-di-tec.fr\\\/wp-content\\\/uploads\\\/2020\\\/11\\\/logo_IMD.png\",\"datePublished\":\"2019-09-26T07:49:21+00:00\",\"dateModified\":\"2024-02-21T14:09:03+00:00\",\"breadcrumb\":{\"@id\":\"https:\\\/\\\/mo-di-tec.fr\\\/es\\\/imd-el-sistema-de-deteccion-de-metales-integrado\\\/#breadcrumb\"},\"inLanguage\":\"es\",\"potentialAction\":[{\"@type\":\"ReadAction\",\"target\":[\"https:\\\/\\\/mo-di-tec.fr\\\/es\\\/imd-el-sistema-de-deteccion-de-metales-integrado\\\/\"]}]},{\"@type\":\"ImageObject\",\"inLanguage\":\"es\",\"@id\":\"https:\\\/\\\/mo-di-tec.fr\\\/es\\\/imd-el-sistema-de-deteccion-de-metales-integrado\\\/#primaryimage\",\"url\":\"https:\\\/\\\/mo-di-tec.fr\\\/wp-content\\\/uploads\\\/2020\\\/11\\\/logo_IMD.png\",\"contentUrl\":\"https:\\\/\\\/mo-di-tec.fr\\\/wp-content\\\/uploads\\\/2020\\\/11\\\/logo_IMD.png\",\"width\":483,\"height\":400},{\"@type\":\"BreadcrumbList\",\"@id\":\"https:\\\/\\\/mo-di-tec.fr\\\/es\\\/imd-el-sistema-de-deteccion-de-metales-integrado\\\/#breadcrumb\",\"itemListElement\":[{\"@type\":\"ListItem\",\"position\":1,\"name\":\"Inicio\",\"item\":\"https:\\\/\\\/mo-di-tec.fr\\\/es\\\/\"},{\"@type\":\"ListItem\",\"position\":2,\"name\":\"IMD: el sistema de detecci\u00f3n de metales integrado\"}]},{\"@type\":\"WebSite\",\"@id\":\"https:\\\/\\\/mo-di-tec.fr\\\/es\\\/#website\",\"url\":\"https:\\\/\\\/mo-di-tec.fr\\\/es\\\/\",\"name\":\"Moditec\",\"description\":\"El especialista en trituradoras de baja velocidad\",\"potentialAction\":[{\"@type\":\"SearchAction\",\"target\":{\"@type\":\"EntryPoint\",\"urlTemplate\":\"https:\\\/\\\/mo-di-tec.fr\\\/es\\\/?s={search_term_string}\"},\"query-input\":{\"@type\":\"PropertyValueSpecification\",\"valueRequired\":true,\"valueName\":\"search_term_string\"}}],\"inLanguage\":\"es\"}]}<\/script>\n<!-- \/ Yoast SEO plugin. -->","yoast_head_json":{"title":"IMD: el sistema de detecci\u00f3n de metales integrado - Moditec","robots":{"index":"index","follow":"follow","max-snippet":"max-snippet:-1","max-image-preview":"max-image-preview:large","max-video-preview":"max-video-preview:-1"},"canonical":"https:\/\/mo-di-tec.fr\/es\/imd-el-sistema-de-deteccion-de-metales-integrado\/","og_locale":"es_ES","og_type":"article","og_title":"IMD: el sistema de detecci\u00f3n de metales integrado - Moditec","og_description":"Este nuevo concepto, patentado, fue desarrollado para evitar da\u00f1os severos frente a la ca\u00edda de [&hellip;]","og_url":"https:\/\/mo-di-tec.fr\/es\/imd-el-sistema-de-deteccion-de-metales-integrado\/","og_site_name":"Moditec","article_modified_time":"2024-02-21T14:09:03+00:00","og_image":[{"width":483,"height":400,"url":"https:\/\/mo-di-tec.fr\/wp-content\/uploads\/2020\/11\/logo_IMD.png","type":"image\/png"}],"twitter_card":"summary_large_image","twitter_misc":{"Tiempo de lectura":"1 minuto"},"schema":{"@context":"https:\/\/schema.org","@graph":[{"@type":"WebPage","@id":"https:\/\/mo-di-tec.fr\/es\/imd-el-sistema-de-deteccion-de-metales-integrado\/","url":"https:\/\/mo-di-tec.fr\/es\/imd-el-sistema-de-deteccion-de-metales-integrado\/","name":"IMD: el sistema de detecci\u00f3n de metales integrado - Moditec","isPartOf":{"@id":"https:\/\/mo-di-tec.fr\/es\/#website"},"primaryImageOfPage":{"@id":"https:\/\/mo-di-tec.fr\/es\/imd-el-sistema-de-deteccion-de-metales-integrado\/#primaryimage"},"image":{"@id":"https:\/\/mo-di-tec.fr\/es\/imd-el-sistema-de-deteccion-de-metales-integrado\/#primaryimage"},"thumbnailUrl":"https:\/\/mo-di-tec.fr\/wp-content\/uploads\/2020\/11\/logo_IMD.png","datePublished":"2019-09-26T07:49:21+00:00","dateModified":"2024-02-21T14:09:03+00:00","breadcrumb":{"@id":"https:\/\/mo-di-tec.fr\/es\/imd-el-sistema-de-deteccion-de-metales-integrado\/#breadcrumb"},"inLanguage":"es","potentialAction":[{"@type":"ReadAction","target":["https:\/\/mo-di-tec.fr\/es\/imd-el-sistema-de-deteccion-de-metales-integrado\/"]}]},{"@type":"ImageObject","inLanguage":"es","@id":"https:\/\/mo-di-tec.fr\/es\/imd-el-sistema-de-deteccion-de-metales-integrado\/#primaryimage","url":"https:\/\/mo-di-tec.fr\/wp-content\/uploads\/2020\/11\/logo_IMD.png","contentUrl":"https:\/\/mo-di-tec.fr\/wp-content\/uploads\/2020\/11\/logo_IMD.png","width":483,"height":400},{"@type":"BreadcrumbList","@id":"https:\/\/mo-di-tec.fr\/es\/imd-el-sistema-de-deteccion-de-metales-integrado\/#breadcrumb","itemListElement":[{"@type":"ListItem","position":1,"name":"Inicio","item":"https:\/\/mo-di-tec.fr\/es\/"},{"@type":"ListItem","position":2,"name":"IMD: el sistema de detecci\u00f3n de metales integrado"}]},{"@type":"WebSite","@id":"https:\/\/mo-di-tec.fr\/es\/#website","url":"https:\/\/mo-di-tec.fr\/es\/","name":"Moditec","description":"El especialista en trituradoras de baja velocidad","potentialAction":[{"@type":"SearchAction","target":{"@type":"EntryPoint","urlTemplate":"https:\/\/mo-di-tec.fr\/es\/?s={search_term_string}"},"query-input":{"@type":"PropertyValueSpecification","valueRequired":true,"valueName":"search_term_string"}}],"inLanguage":"es"}]}},"_links":{"self":[{"href":"https:\/\/mo-di-tec.fr\/es\/wp-json\/wp\/v2\/pages\/3067","targetHints":{"allow":["GET"]}}],"collection":[{"href":"https:\/\/mo-di-tec.fr\/es\/wp-json\/wp\/v2\/pages"}],"about":[{"href":"https:\/\/mo-di-tec.fr\/es\/wp-json\/wp\/v2\/types\/page"}],"author":[{"embeddable":true,"href":"https:\/\/mo-di-tec.fr\/es\/wp-json\/wp\/v2\/users\/2"}],"replies":[{"embeddable":true,"href":"https:\/\/mo-di-tec.fr\/es\/wp-json\/wp\/v2\/comments?post=3067"}],"version-history":[{"count":3,"href":"https:\/\/mo-di-tec.fr\/es\/wp-json\/wp\/v2\/pages\/3067\/revisions"}],"predecessor-version":[{"id":3531,"href":"https:\/\/mo-di-tec.fr\/es\/wp-json\/wp\/v2\/pages\/3067\/revisions\/3531"}],"wp:featuredmedia":[{"embeddable":true,"href":"https:\/\/mo-di-tec.fr\/es\/wp-json\/wp\/v2\/media\/1702"}],"wp:attachment":[{"href":"https:\/\/mo-di-tec.fr\/es\/wp-json\/wp\/v2\/media?parent=3067"}],"curies":[{"name":"wp","href":"https:\/\/api.w.org\/{rel}","templated":true}]}}