{"id":3079,"date":"2019-09-26T08:40:38","date_gmt":"2019-09-26T06:40:38","guid":{"rendered":"https:\/\/mo-di-tec.33degres.fr\/mentions-legales\/"},"modified":"2024-02-21T15:14:59","modified_gmt":"2024-02-21T14:14:59","slug":"menciones-legales","status":"publish","type":"page","link":"https:\/\/mo-di-tec.fr\/es\/menciones-legales\/","title":{"rendered":"Menciones legales"},"content":{"rendered":"\n<h2 class=\"wp-block-heading\">Confidencialidad\n        <\/h2>\n\n<p>MO-DI-TEC no registra informaci\u00f3n personal alguna que permita identificar individuos, excepto los formularios que el usuario pueda rellenar libremente.\n         Dicha informaci\u00f3n no ser\u00e1 utilizada sin su aprobaci\u00f3n.\n        <\/p>\n\n<p>La informaci\u00f3n recolectada en los sitios goza de la protecci\u00f3n de la ley \u00abInform\u00e1tica y libertades\u00bb n.\u00b0 78-17 del 6 de enero de 1978.\n         Estos datos disponen del derecho de acceso, rectificaci\u00f3n, oposici\u00f3n a la comunicaci\u00f3n y eliminaci\u00f3n mediante notificaci\u00f3n simple cursada a MO-DI-TEC Z.I. du Leveau 38200 Viena &#8211; Francia.\n         <\/p>\n\n<p> MO-DI-TEC podr\u00e1 realizar an\u00e1lisis estad\u00edsticos sin que dichos datos sean nominativos, y podr\u00e1 transmitirlos a terceros (organismos de evaluaci\u00f3n de tr\u00e1fico web) de manera resumida y no nominativa.\n        <\/p>\n\n<h2 class=\"wp-block-heading\">Derecho de autor \u2013 Copyright\n        <\/h2>\n\n<p>El presente sitio en su conjunto se encuadra en la ley francesa e internacional sobre el derecho de autor y la propiedad intelectual.\n        <\/p>\n\n<p>Todos los derechos de reproducci\u00f3n se encuentran reservados, incluidos los de los\n         \ndocumentos descargables y las representaciones iconogr\u00e1ficas y\n         \nfotogr\u00e1ficas.\n        <\/p>\n\n<p>La reproducci\u00f3n total o parcial del presente sitio en un soporte\n         \nelectr\u00f3nico, cualquiera sea este, queda formalmente prohibida, salvo\n         \nautorizaci\u00f3n expresa del director de la publicaci\u00f3n.\n        <\/p>\n\n<p>Las marcas mencionadas en este sitio pertenecen a sus respectivos propietarios.\n        <\/p>\n\n<h2 class=\"wp-block-heading\">Uso de cookies\n        <\/h2>\n\n<p>Mediante este sistema de cookies se almacena informaci\u00f3n no\n        \n personal (archivos de texto utilizados para reconocer a un usuario y\n         \nfacilitar as\u00ed su navegaci\u00f3n en el sitio).\n         Estas no tienen\n         \nninguna implicancia fuera de su uso dentro del sitio.\n        <\/p>\n\n<h2 class=\"wp-block-heading\">Enlaces de hipertexto\n        <\/h2>\n\n<p> MO-DI-TEC no controla los sitios conectados al suyo y, consecuentemente, no se responsabiliza de su contenido.\n         Los riesgos vinculados al uso de estos sitios son de total incumbencia del usuario.\n         Este deber\u00e1 adecuarse a sus condiciones de uso.\n        <\/p>\n\n<h2 class=\"wp-block-heading\">Editor\n        <\/h2>\n\n<p>Director de la publicaci\u00f3n: MO-DI-TEC\n        <\/p>\n\n<p>Dise\u00f1o web y desarrollo de sitio web: <a href=\"http:\/\/www.e-denzo.fr\/\">Agence E-denzo<\/a><\/p>\n\n<h2 class=\"wp-block-heading\">Alojamiento web\n        <\/h2>\n\n<p>OVH France 2 rue Kellermann 59100 ROUBAIX\n        <\/p>\n","protected":false},"excerpt":{"rendered":"<p>Confidencialidad MO-DI-TEC no registra informaci\u00f3n personal alguna que permita identificar individuos, excepto los formularios que [&hellip;]<\/p>\n","protected":false},"author":2,"featured_media":0,"parent":0,"menu_order":0,"comment_status":"closed","ping_status":"closed","template":"","meta":{"footnotes":""},"class_list":["post-3079","page","type-page","status-publish","hentry"],"yoast_head":"<!-- This site is optimized with the Yoast SEO plugin v27.4 - https:\/\/yoast.com\/product\/yoast-seo-wordpress\/ -->\n<title>Menciones legales - Moditec<\/title>\n<meta name=\"robots\" content=\"index, follow, max-snippet:-1, max-image-preview:large, max-video-preview:-1\" \/>\n<link rel=\"canonical\" href=\"https:\/\/mo-di-tec.fr\/es\/menciones-legales\/\" \/>\n<meta property=\"og:locale\" content=\"es_ES\" \/>\n<meta property=\"og:type\" content=\"article\" \/>\n<meta property=\"og:title\" content=\"Menciones legales - Moditec\" \/>\n<meta property=\"og:description\" content=\"Confidencialidad MO-DI-TEC no registra informaci\u00f3n personal alguna que permita identificar individuos, excepto los formularios que [&hellip;]\" \/>\n<meta property=\"og:url\" content=\"https:\/\/mo-di-tec.fr\/es\/menciones-legales\/\" \/>\n<meta property=\"og:site_name\" content=\"Moditec\" \/>\n<meta property=\"article:modified_time\" content=\"2024-02-21T14:14:59+00:00\" \/>\n<meta name=\"twitter:card\" content=\"summary_large_image\" \/>\n<meta name=\"twitter:label1\" content=\"Tiempo de lectura\" \/>\n\t<meta name=\"twitter:data1\" content=\"2 minutos\" \/>\n<script type=\"application\/ld+json\" class=\"yoast-schema-graph\">{\"@context\":\"https:\\\/\\\/schema.org\",\"@graph\":[{\"@type\":\"WebPage\",\"@id\":\"https:\\\/\\\/mo-di-tec.fr\\\/es\\\/menciones-legales\\\/\",\"url\":\"https:\\\/\\\/mo-di-tec.fr\\\/es\\\/menciones-legales\\\/\",\"name\":\"Menciones legales - Moditec\",\"isPartOf\":{\"@id\":\"https:\\\/\\\/mo-di-tec.fr\\\/es\\\/#website\"},\"datePublished\":\"2019-09-26T06:40:38+00:00\",\"dateModified\":\"2024-02-21T14:14:59+00:00\",\"breadcrumb\":{\"@id\":\"https:\\\/\\\/mo-di-tec.fr\\\/es\\\/menciones-legales\\\/#breadcrumb\"},\"inLanguage\":\"es\",\"potentialAction\":[{\"@type\":\"ReadAction\",\"target\":[\"https:\\\/\\\/mo-di-tec.fr\\\/es\\\/menciones-legales\\\/\"]}]},{\"@type\":\"BreadcrumbList\",\"@id\":\"https:\\\/\\\/mo-di-tec.fr\\\/es\\\/menciones-legales\\\/#breadcrumb\",\"itemListElement\":[{\"@type\":\"ListItem\",\"position\":1,\"name\":\"Inicio\",\"item\":\"https:\\\/\\\/mo-di-tec.fr\\\/es\\\/\"},{\"@type\":\"ListItem\",\"position\":2,\"name\":\"Menciones legales\"}]},{\"@type\":\"WebSite\",\"@id\":\"https:\\\/\\\/mo-di-tec.fr\\\/es\\\/#website\",\"url\":\"https:\\\/\\\/mo-di-tec.fr\\\/es\\\/\",\"name\":\"Moditec\",\"description\":\"El especialista en trituradoras de baja velocidad\",\"potentialAction\":[{\"@type\":\"SearchAction\",\"target\":{\"@type\":\"EntryPoint\",\"urlTemplate\":\"https:\\\/\\\/mo-di-tec.fr\\\/es\\\/?s={search_term_string}\"},\"query-input\":{\"@type\":\"PropertyValueSpecification\",\"valueRequired\":true,\"valueName\":\"search_term_string\"}}],\"inLanguage\":\"es\"}]}<\/script>\n<!-- \/ Yoast SEO plugin. -->","yoast_head_json":{"title":"Menciones legales - Moditec","robots":{"index":"index","follow":"follow","max-snippet":"max-snippet:-1","max-image-preview":"max-image-preview:large","max-video-preview":"max-video-preview:-1"},"canonical":"https:\/\/mo-di-tec.fr\/es\/menciones-legales\/","og_locale":"es_ES","og_type":"article","og_title":"Menciones legales - Moditec","og_description":"Confidencialidad MO-DI-TEC no registra informaci\u00f3n personal alguna que permita identificar individuos, excepto los formularios que [&hellip;]","og_url":"https:\/\/mo-di-tec.fr\/es\/menciones-legales\/","og_site_name":"Moditec","article_modified_time":"2024-02-21T14:14:59+00:00","twitter_card":"summary_large_image","twitter_misc":{"Tiempo de lectura":"2 minutos"},"schema":{"@context":"https:\/\/schema.org","@graph":[{"@type":"WebPage","@id":"https:\/\/mo-di-tec.fr\/es\/menciones-legales\/","url":"https:\/\/mo-di-tec.fr\/es\/menciones-legales\/","name":"Menciones legales - Moditec","isPartOf":{"@id":"https:\/\/mo-di-tec.fr\/es\/#website"},"datePublished":"2019-09-26T06:40:38+00:00","dateModified":"2024-02-21T14:14:59+00:00","breadcrumb":{"@id":"https:\/\/mo-di-tec.fr\/es\/menciones-legales\/#breadcrumb"},"inLanguage":"es","potentialAction":[{"@type":"ReadAction","target":["https:\/\/mo-di-tec.fr\/es\/menciones-legales\/"]}]},{"@type":"BreadcrumbList","@id":"https:\/\/mo-di-tec.fr\/es\/menciones-legales\/#breadcrumb","itemListElement":[{"@type":"ListItem","position":1,"name":"Inicio","item":"https:\/\/mo-di-tec.fr\/es\/"},{"@type":"ListItem","position":2,"name":"Menciones legales"}]},{"@type":"WebSite","@id":"https:\/\/mo-di-tec.fr\/es\/#website","url":"https:\/\/mo-di-tec.fr\/es\/","name":"Moditec","description":"El especialista en trituradoras de baja velocidad","potentialAction":[{"@type":"SearchAction","target":{"@type":"EntryPoint","urlTemplate":"https:\/\/mo-di-tec.fr\/es\/?s={search_term_string}"},"query-input":{"@type":"PropertyValueSpecification","valueRequired":true,"valueName":"search_term_string"}}],"inLanguage":"es"}]}},"_links":{"self":[{"href":"https:\/\/mo-di-tec.fr\/es\/wp-json\/wp\/v2\/pages\/3079","targetHints":{"allow":["GET"]}}],"collection":[{"href":"https:\/\/mo-di-tec.fr\/es\/wp-json\/wp\/v2\/pages"}],"about":[{"href":"https:\/\/mo-di-tec.fr\/es\/wp-json\/wp\/v2\/types\/page"}],"author":[{"embeddable":true,"href":"https:\/\/mo-di-tec.fr\/es\/wp-json\/wp\/v2\/users\/2"}],"replies":[{"embeddable":true,"href":"https:\/\/mo-di-tec.fr\/es\/wp-json\/wp\/v2\/comments?post=3079"}],"version-history":[{"count":2,"href":"https:\/\/mo-di-tec.fr\/es\/wp-json\/wp\/v2\/pages\/3079\/revisions"}],"predecessor-version":[{"id":3466,"href":"https:\/\/mo-di-tec.fr\/es\/wp-json\/wp\/v2\/pages\/3079\/revisions\/3466"}],"wp:attachment":[{"href":"https:\/\/mo-di-tec.fr\/es\/wp-json\/wp\/v2\/media?parent=3079"}],"curies":[{"name":"wp","href":"https:\/\/api.w.org\/{rel}","templated":true}]}}