{"id":3094,"date":"2019-03-26T16:12:51","date_gmt":"2019-03-26T15:12:51","guid":{"rendered":"https:\/\/mo-di-tec.33degres.fr\/presse\/"},"modified":"2024-02-21T15:15:25","modified_gmt":"2024-02-21T14:15:25","slug":"prensa","status":"publish","type":"page","link":"https:\/\/mo-di-tec.fr\/es\/prensa\/","title":{"rendered":"Prensa"},"content":{"rendered":"\n<h2 class=\"wp-block-heading\">Art\u00edculo de prensa\n         <\/h2>\n\n<blockquote class=\"wp-block-quote is-style-default is-layout-flow wp-block-quote-is-layout-flow\"><p><em>Una calidad de trituraci\u00f3n \u00fanica gracias a las trituradoras de baja velocidad\n        <\/em><\/p><\/blockquote>\n<a href=\"https:\/\/mo-di-tec.fr\/wp-content\/uploads\/2022\/02\/Publi-energie-3700-dec21-moditec.pdf\" class=\"pdfemb-viewer\" style=\"\" data-width=\"max\" data-height=\"max\" data-toolbar=\"top\" data-toolbar-fixed=\"off\">Publi-energie-3700-dec21-moditec<\/a>\n<p class=\"wp-block-pdfemb-pdf-embedder-viewer\"><\/p>\n\n<p><a href=\"https:\/\/mo-di-tec.fr\/wp-content\/uploads\/2022\/02\/Publi-energie-3700-dec21-moditec.pdf\">Descargar\n        <\/a><br\/>Art\u00edculo n.\u00b0 3700, ilustrado por la revista \u00abL\u2019usine Nouvelle\u00bb, en diciembre de 2021.\n         <\/p>\n\n<h2 class=\"wp-block-heading\">Art\u00edculo de prensa\n         <\/h2>\n<a href=\"https:\/\/mo-di-tec.fr\/wp-content\/uploads\/2022\/02\/Moditec-86x254-002.pdf\" class=\"pdfemb-viewer\" style=\"\" data-width=\"max\" data-height=\"max\" data-toolbar=\"top\" data-toolbar-fixed=\"off\">Moditec-86&#215;254-002<\/a>\n<p class=\"wp-block-pdfemb-pdf-embedder-viewer\"><\/p>\n\n<p><a href=\"https:\/\/mo-di-tec.fr\/wp-content\/uploads\/2022\/02\/Moditec-86x254-002.pdf\" target=\"_blank\" rel=\"noreferrer noopener\" aria-label=\"T&#xE9;l&#xE9;charger (s&#x2019;ouvre dans un nouvel onglet)\">Descargar\n        <\/a><\/p>\n","protected":false},"excerpt":{"rendered":"<p>Art\u00edculo de prensa Una calidad de trituraci\u00f3n \u00fanica gracias a las trituradoras de baja velocidad [&hellip;]<\/p>\n","protected":false},"author":2,"featured_media":0,"parent":0,"menu_order":0,"comment_status":"closed","ping_status":"closed","template":"","meta":{"footnotes":""},"class_list":["post-3094","page","type-page","status-publish","hentry"],"yoast_head":"<!-- This site is optimized with the Yoast SEO plugin v27.4 - https:\/\/yoast.com\/product\/yoast-seo-wordpress\/ -->\n<title>Prensa - Moditec<\/title>\n<meta name=\"robots\" content=\"index, follow, max-snippet:-1, max-image-preview:large, max-video-preview:-1\" \/>\n<link rel=\"canonical\" href=\"https:\/\/mo-di-tec.fr\/es\/prensa\/\" \/>\n<meta property=\"og:locale\" content=\"es_ES\" \/>\n<meta property=\"og:type\" content=\"article\" \/>\n<meta property=\"og:title\" content=\"Prensa - Moditec\" \/>\n<meta property=\"og:description\" content=\"Art\u00edculo de prensa Una calidad de trituraci\u00f3n \u00fanica gracias a las trituradoras de baja velocidad [&hellip;]\" \/>\n<meta property=\"og:url\" content=\"https:\/\/mo-di-tec.fr\/es\/prensa\/\" \/>\n<meta property=\"og:site_name\" content=\"Moditec\" \/>\n<meta property=\"article:modified_time\" content=\"2024-02-21T14:15:25+00:00\" \/>\n<meta name=\"twitter:card\" content=\"summary_large_image\" \/>\n<script type=\"application\/ld+json\" class=\"yoast-schema-graph\">{\"@context\":\"https:\\\/\\\/schema.org\",\"@graph\":[{\"@type\":\"WebPage\",\"@id\":\"https:\\\/\\\/mo-di-tec.fr\\\/es\\\/prensa\\\/\",\"url\":\"https:\\\/\\\/mo-di-tec.fr\\\/es\\\/prensa\\\/\",\"name\":\"Prensa - Moditec\",\"isPartOf\":{\"@id\":\"https:\\\/\\\/mo-di-tec.fr\\\/es\\\/#website\"},\"datePublished\":\"2019-03-26T15:12:51+00:00\",\"dateModified\":\"2024-02-21T14:15:25+00:00\",\"breadcrumb\":{\"@id\":\"https:\\\/\\\/mo-di-tec.fr\\\/es\\\/prensa\\\/#breadcrumb\"},\"inLanguage\":\"es\",\"potentialAction\":[{\"@type\":\"ReadAction\",\"target\":[\"https:\\\/\\\/mo-di-tec.fr\\\/es\\\/prensa\\\/\"]}]},{\"@type\":\"BreadcrumbList\",\"@id\":\"https:\\\/\\\/mo-di-tec.fr\\\/es\\\/prensa\\\/#breadcrumb\",\"itemListElement\":[{\"@type\":\"ListItem\",\"position\":1,\"name\":\"Inicio\",\"item\":\"https:\\\/\\\/mo-di-tec.fr\\\/es\\\/\"},{\"@type\":\"ListItem\",\"position\":2,\"name\":\"Prensa\"}]},{\"@type\":\"WebSite\",\"@id\":\"https:\\\/\\\/mo-di-tec.fr\\\/es\\\/#website\",\"url\":\"https:\\\/\\\/mo-di-tec.fr\\\/es\\\/\",\"name\":\"Moditec\",\"description\":\"El especialista en trituradoras de baja velocidad\",\"potentialAction\":[{\"@type\":\"SearchAction\",\"target\":{\"@type\":\"EntryPoint\",\"urlTemplate\":\"https:\\\/\\\/mo-di-tec.fr\\\/es\\\/?s={search_term_string}\"},\"query-input\":{\"@type\":\"PropertyValueSpecification\",\"valueRequired\":true,\"valueName\":\"search_term_string\"}}],\"inLanguage\":\"es\"}]}<\/script>\n<!-- \/ Yoast SEO plugin. -->","yoast_head_json":{"title":"Prensa - Moditec","robots":{"index":"index","follow":"follow","max-snippet":"max-snippet:-1","max-image-preview":"max-image-preview:large","max-video-preview":"max-video-preview:-1"},"canonical":"https:\/\/mo-di-tec.fr\/es\/prensa\/","og_locale":"es_ES","og_type":"article","og_title":"Prensa - Moditec","og_description":"Art\u00edculo de prensa Una calidad de trituraci\u00f3n \u00fanica gracias a las trituradoras de baja velocidad [&hellip;]","og_url":"https:\/\/mo-di-tec.fr\/es\/prensa\/","og_site_name":"Moditec","article_modified_time":"2024-02-21T14:15:25+00:00","twitter_card":"summary_large_image","schema":{"@context":"https:\/\/schema.org","@graph":[{"@type":"WebPage","@id":"https:\/\/mo-di-tec.fr\/es\/prensa\/","url":"https:\/\/mo-di-tec.fr\/es\/prensa\/","name":"Prensa - Moditec","isPartOf":{"@id":"https:\/\/mo-di-tec.fr\/es\/#website"},"datePublished":"2019-03-26T15:12:51+00:00","dateModified":"2024-02-21T14:15:25+00:00","breadcrumb":{"@id":"https:\/\/mo-di-tec.fr\/es\/prensa\/#breadcrumb"},"inLanguage":"es","potentialAction":[{"@type":"ReadAction","target":["https:\/\/mo-di-tec.fr\/es\/prensa\/"]}]},{"@type":"BreadcrumbList","@id":"https:\/\/mo-di-tec.fr\/es\/prensa\/#breadcrumb","itemListElement":[{"@type":"ListItem","position":1,"name":"Inicio","item":"https:\/\/mo-di-tec.fr\/es\/"},{"@type":"ListItem","position":2,"name":"Prensa"}]},{"@type":"WebSite","@id":"https:\/\/mo-di-tec.fr\/es\/#website","url":"https:\/\/mo-di-tec.fr\/es\/","name":"Moditec","description":"El especialista en trituradoras de baja velocidad","potentialAction":[{"@type":"SearchAction","target":{"@type":"EntryPoint","urlTemplate":"https:\/\/mo-di-tec.fr\/es\/?s={search_term_string}"},"query-input":{"@type":"PropertyValueSpecification","valueRequired":true,"valueName":"search_term_string"}}],"inLanguage":"es"}]}},"_links":{"self":[{"href":"https:\/\/mo-di-tec.fr\/es\/wp-json\/wp\/v2\/pages\/3094","targetHints":{"allow":["GET"]}}],"collection":[{"href":"https:\/\/mo-di-tec.fr\/es\/wp-json\/wp\/v2\/pages"}],"about":[{"href":"https:\/\/mo-di-tec.fr\/es\/wp-json\/wp\/v2\/types\/page"}],"author":[{"embeddable":true,"href":"https:\/\/mo-di-tec.fr\/es\/wp-json\/wp\/v2\/users\/2"}],"replies":[{"embeddable":true,"href":"https:\/\/mo-di-tec.fr\/es\/wp-json\/wp\/v2\/comments?post=3094"}],"version-history":[{"count":3,"href":"https:\/\/mo-di-tec.fr\/es\/wp-json\/wp\/v2\/pages\/3094\/revisions"}],"predecessor-version":[{"id":3538,"href":"https:\/\/mo-di-tec.fr\/es\/wp-json\/wp\/v2\/pages\/3094\/revisions\/3538"}],"wp:attachment":[{"href":"https:\/\/mo-di-tec.fr\/es\/wp-json\/wp\/v2\/media?parent=3094"}],"curies":[{"name":"wp","href":"https:\/\/api.w.org\/{rel}","templated":true}]}}