{"id":3106,"date":"2019-03-26T16:12:03","date_gmt":"2019-03-26T15:12:03","guid":{"rendered":"https:\/\/mo-di-tec.33degres.fr\/presentation\/"},"modified":"2024-02-21T15:15:29","modified_gmt":"2024-02-21T14:15:29","slug":"presentacion","status":"publish","type":"page","link":"https:\/\/mo-di-tec.fr\/es\/presentacion\/","title":{"rendered":"Presentaci\u00f3n"},"content":{"rendered":"\n<h2 class=\"wp-block-heading\">Los pioneros de la trituraci\u00f3n a baja velocidad\n        <\/h2>\n\n<p>La empresa MO-DI-TEC lleva 40 a\u00f1os desarrollando y fabricando <strong>trituradoras para la industria del pl\u00e1stico<\/strong>.\n         Nuestra experiencia se basa en la innovaci\u00f3n y la calidad en la fabricaci\u00f3n que nos permite brindarle soluciones <strong>adaptadas <\/strong>a sus necesidades.\n        <\/p>\n\n<h2 class=\"wp-block-heading\">La calidad, nuestra principal preocupaci\u00f3n\n        <\/h2>\n\n<p>Dise\u00f1amos, producimos y ensamblamos todas nuestras m\u00e1quinas en nuestra planta de Viena.\n        <\/p>\n\n<p>Contamos con un servicio comercial multiling\u00fce, ingenieros y t\u00e9cnicos calificados para satisfacer a nuestros clientes y brindarles las soluciones t\u00e9cnicas que mejor se adapten a sus necesidades.\n        <\/p>\n\n<h2 class=\"wp-block-heading\">La historia de la empresa\n        <\/h2>\n\n<p><strong>1981: <\/strong>Richard Diaz abre la oficina comercial de MODITEC, con sede en Bron, en R\u00f3dano.\n        <\/p>\n\n<p><strong>1985:<\/strong> Lanzamiento de la primera trituradora de baja velocidad \u00abGOLIATH\u00bb.\n         La empresa se transforma en una SRL: MODITEC Manipulation Plastique.\n        <\/p>\n\n<p><strong>1987:<\/strong> Richard Diaz se asocia con Gilles Dutour y MODITEC se lanza a la exportaci\u00f3n.\n        <\/p>\n\n<p><strong>1988:<\/strong> MODITEC se instala en la zona industrial de Corbas (69).\n        <\/p>\n\n<p><strong>1989: <\/strong>Lanzamiento de la gama de trituradoras convencionales \u00abBM\u00bb.\n        <\/p>\n\n<p><strong>1994: <\/strong>MODITEC se traslada a St Symphorien d\u2019Ozon (69) e integra una unidad de producci\u00f3n de piezas mec\u00e1nicas.\n         <br\/> Innovaci\u00f3n con la doble abertura del bloque de c\u00e1mara de corte de las trituradoras.\n        <\/p>\n\n<p><strong>1999:<\/strong> Lanzamiento de la gama de trituradoras \u00abBIGGER\u00bb para las piezas de pl\u00e1stico de mayores dimensiones, y del sistema MASHER, patentado.\n        <\/p>\n\n<p><strong>2000:<\/strong> Mudanza a nuevas instalaciones en Marennes (69), al sur de Lyon.\n        <\/p>\n\n<p><strong>2005:<\/strong> Lanzamiento del sistema patentado IMD (sistema de detecci\u00f3n de metal integrado en la c\u00e1mara de corte).\n         Surge la 2.\u00b0 generaci\u00f3n de las GOLIATH: GOLIATH Plus.\n        <\/p>\n\n<p><strong>2007: <\/strong>Cesi\u00f3n de la empresa MODITEC al grupo Rapid Granulator AB (Suecia).\n        <\/p>\n\n<p><strong>2010:<\/strong> El grupo Rapid Granulator AB declara el estado de quiebra de MODITEC en abril 2010.\n        <\/p>\n\n<p><strong>2010: <\/strong>Los antiguos accionistas franceses de MODITEC y su familia crean la empresa \u00abMontage Diffusion Technique\u00bb (MO-DI-TEC), y relanzan la producci\u00f3n de las l\u00edneas GOLIATH Plus, Mini, TITAN Plus y BM.\n        <\/p>\n","protected":false},"excerpt":{"rendered":"<p>Los pioneros de la trituraci\u00f3n a baja velocidad La empresa MO-DI-TEC lleva 40 a\u00f1os desarrollando [&hellip;]<\/p>\n","protected":false},"author":2,"featured_media":0,"parent":0,"menu_order":0,"comment_status":"closed","ping_status":"closed","template":"","meta":{"footnotes":""},"class_list":["post-3106","page","type-page","status-publish","hentry"],"yoast_head":"<!-- This site is optimized with the Yoast SEO plugin v27.5 - https:\/\/yoast.com\/product\/yoast-seo-wordpress\/ -->\n<title>Presentaci\u00f3n - Moditec<\/title>\n<meta name=\"robots\" content=\"index, follow, max-snippet:-1, max-image-preview:large, max-video-preview:-1\" \/>\n<link rel=\"canonical\" href=\"https:\/\/mo-di-tec.fr\/es\/presentacion\/\" \/>\n<meta property=\"og:locale\" content=\"es_ES\" \/>\n<meta property=\"og:type\" content=\"article\" \/>\n<meta property=\"og:title\" content=\"Presentaci\u00f3n - Moditec\" \/>\n<meta property=\"og:description\" content=\"Los pioneros de la trituraci\u00f3n a baja velocidad La empresa MO-DI-TEC lleva 40 a\u00f1os desarrollando [&hellip;]\" \/>\n<meta property=\"og:url\" content=\"https:\/\/mo-di-tec.fr\/es\/presentacion\/\" \/>\n<meta property=\"og:site_name\" content=\"Moditec\" \/>\n<meta property=\"article:modified_time\" content=\"2024-02-21T14:15:29+00:00\" \/>\n<meta name=\"twitter:card\" content=\"summary_large_image\" \/>\n<meta name=\"twitter:label1\" content=\"Tiempo de lectura\" \/>\n\t<meta name=\"twitter:data1\" content=\"2 minutos\" \/>\n<script type=\"application\/ld+json\" class=\"yoast-schema-graph\">{\"@context\":\"https:\\\/\\\/schema.org\",\"@graph\":[{\"@type\":\"WebPage\",\"@id\":\"https:\\\/\\\/mo-di-tec.fr\\\/es\\\/presentacion\\\/\",\"url\":\"https:\\\/\\\/mo-di-tec.fr\\\/es\\\/presentacion\\\/\",\"name\":\"Presentaci\u00f3n - Moditec\",\"isPartOf\":{\"@id\":\"https:\\\/\\\/mo-di-tec.fr\\\/es\\\/#website\"},\"datePublished\":\"2019-03-26T15:12:03+00:00\",\"dateModified\":\"2024-02-21T14:15:29+00:00\",\"breadcrumb\":{\"@id\":\"https:\\\/\\\/mo-di-tec.fr\\\/es\\\/presentacion\\\/#breadcrumb\"},\"inLanguage\":\"es\",\"potentialAction\":[{\"@type\":\"ReadAction\",\"target\":[\"https:\\\/\\\/mo-di-tec.fr\\\/es\\\/presentacion\\\/\"]}]},{\"@type\":\"BreadcrumbList\",\"@id\":\"https:\\\/\\\/mo-di-tec.fr\\\/es\\\/presentacion\\\/#breadcrumb\",\"itemListElement\":[{\"@type\":\"ListItem\",\"position\":1,\"name\":\"Inicio\",\"item\":\"https:\\\/\\\/mo-di-tec.fr\\\/es\\\/\"},{\"@type\":\"ListItem\",\"position\":2,\"name\":\"Presentaci\u00f3n\"}]},{\"@type\":\"WebSite\",\"@id\":\"https:\\\/\\\/mo-di-tec.fr\\\/es\\\/#website\",\"url\":\"https:\\\/\\\/mo-di-tec.fr\\\/es\\\/\",\"name\":\"Moditec\",\"description\":\"El especialista en trituradoras de baja velocidad\",\"potentialAction\":[{\"@type\":\"SearchAction\",\"target\":{\"@type\":\"EntryPoint\",\"urlTemplate\":\"https:\\\/\\\/mo-di-tec.fr\\\/es\\\/?s={search_term_string}\"},\"query-input\":{\"@type\":\"PropertyValueSpecification\",\"valueRequired\":true,\"valueName\":\"search_term_string\"}}],\"inLanguage\":\"es\"}]}<\/script>\n<!-- \/ Yoast SEO plugin. -->","yoast_head_json":{"title":"Presentaci\u00f3n - Moditec","robots":{"index":"index","follow":"follow","max-snippet":"max-snippet:-1","max-image-preview":"max-image-preview:large","max-video-preview":"max-video-preview:-1"},"canonical":"https:\/\/mo-di-tec.fr\/es\/presentacion\/","og_locale":"es_ES","og_type":"article","og_title":"Presentaci\u00f3n - Moditec","og_description":"Los pioneros de la trituraci\u00f3n a baja velocidad La empresa MO-DI-TEC lleva 40 a\u00f1os desarrollando [&hellip;]","og_url":"https:\/\/mo-di-tec.fr\/es\/presentacion\/","og_site_name":"Moditec","article_modified_time":"2024-02-21T14:15:29+00:00","twitter_card":"summary_large_image","twitter_misc":{"Tiempo de lectura":"2 minutos"},"schema":{"@context":"https:\/\/schema.org","@graph":[{"@type":"WebPage","@id":"https:\/\/mo-di-tec.fr\/es\/presentacion\/","url":"https:\/\/mo-di-tec.fr\/es\/presentacion\/","name":"Presentaci\u00f3n - Moditec","isPartOf":{"@id":"https:\/\/mo-di-tec.fr\/es\/#website"},"datePublished":"2019-03-26T15:12:03+00:00","dateModified":"2024-02-21T14:15:29+00:00","breadcrumb":{"@id":"https:\/\/mo-di-tec.fr\/es\/presentacion\/#breadcrumb"},"inLanguage":"es","potentialAction":[{"@type":"ReadAction","target":["https:\/\/mo-di-tec.fr\/es\/presentacion\/"]}]},{"@type":"BreadcrumbList","@id":"https:\/\/mo-di-tec.fr\/es\/presentacion\/#breadcrumb","itemListElement":[{"@type":"ListItem","position":1,"name":"Inicio","item":"https:\/\/mo-di-tec.fr\/es\/"},{"@type":"ListItem","position":2,"name":"Presentaci\u00f3n"}]},{"@type":"WebSite","@id":"https:\/\/mo-di-tec.fr\/es\/#website","url":"https:\/\/mo-di-tec.fr\/es\/","name":"Moditec","description":"El especialista en trituradoras de baja velocidad","potentialAction":[{"@type":"SearchAction","target":{"@type":"EntryPoint","urlTemplate":"https:\/\/mo-di-tec.fr\/es\/?s={search_term_string}"},"query-input":{"@type":"PropertyValueSpecification","valueRequired":true,"valueName":"search_term_string"}}],"inLanguage":"es"}]}},"_links":{"self":[{"href":"https:\/\/mo-di-tec.fr\/es\/wp-json\/wp\/v2\/pages\/3106","targetHints":{"allow":["GET"]}}],"collection":[{"href":"https:\/\/mo-di-tec.fr\/es\/wp-json\/wp\/v2\/pages"}],"about":[{"href":"https:\/\/mo-di-tec.fr\/es\/wp-json\/wp\/v2\/types\/page"}],"author":[{"embeddable":true,"href":"https:\/\/mo-di-tec.fr\/es\/wp-json\/wp\/v2\/users\/2"}],"replies":[{"embeddable":true,"href":"https:\/\/mo-di-tec.fr\/es\/wp-json\/wp\/v2\/comments?post=3106"}],"version-history":[{"count":2,"href":"https:\/\/mo-di-tec.fr\/es\/wp-json\/wp\/v2\/pages\/3106\/revisions"}],"predecessor-version":[{"id":3405,"href":"https:\/\/mo-di-tec.fr\/es\/wp-json\/wp\/v2\/pages\/3106\/revisions\/3405"}],"wp:attachment":[{"href":"https:\/\/mo-di-tec.fr\/es\/wp-json\/wp\/v2\/media?parent=3106"}],"curies":[{"name":"wp","href":"https:\/\/api.w.org\/{rel}","templated":true}]}}