{"id":3112,"date":"2019-03-26T16:10:30","date_gmt":"2019-03-26T15:10:30","guid":{"rendered":"https:\/\/mo-di-tec.33degres.fr\/specialiste-du-broyeur-a-vitesse-lente\/"},"modified":"2024-06-03T15:58:43","modified_gmt":"2024-06-03T13:58:43","slug":"especialista-en-trituradoras-de-baja-velocidad","status":"publish","type":"page","link":"https:\/\/mo-di-tec.fr\/es\/","title":{"rendered":"Especialista en trituradoras de baja velocidad"},"content":{"rendered":"\n<p> Desde hace <strong>m\u00e1s de 40 a\u00f1os<\/strong>, MO-DI-TEC desarrolla y fabrica trituradoras para la <strong>industria del pl\u00e1stico<\/strong>.\n         La innovaci\u00f3n y la calidad en la fabricaci\u00f3n son la base de nuestro conocimiento, lo que nos permite brindarle soluciones adaptadas a sus necesidades.\n         <\/p>\n\n<p>Como pioneros, nos hemos convertido en <strong>especialistas en trituradoras de baja velocidad<\/strong> (velocidad de corte de 25 r. p. m.).\n         <\/p>\n\n<p>La baja velocidad permite triturar<strong> los termopl\u00e1sticos m\u00e1s duros<\/strong> (como ABS, PA [FV], PC, PBT, POM, etc.) con menos recalentamiento, menos ruido y menos polvo y desgaste.\n         <\/p>\n\n<p>Entre nuestros clientes se cuentan fabricantes y productores de equipos del sector automotriz, actores de la industria de los electrodom\u00e9sticos, la electr\u00f3nica, la qu\u00edmica y la farmacolog\u00eda, etc.\n        <\/p>\n","protected":false},"excerpt":{"rendered":"<p>Desde hace m\u00e1s de 40 a\u00f1os, MO-DI-TEC desarrolla y fabrica trituradoras para la industria del [&hellip;]<\/p>\n","protected":false},"author":2,"featured_media":1591,"parent":0,"menu_order":0,"comment_status":"closed","ping_status":"closed","template":"","meta":{"footnotes":""},"class_list":["post-3112","page","type-page","status-publish","has-post-thumbnail","hentry"],"yoast_head":"<!-- This site is optimized with the Yoast SEO plugin v27.5 - https:\/\/yoast.com\/product\/yoast-seo-wordpress\/ -->\n<title>Especialista en trituradoras de baja velocidad - Moditec<\/title>\n<meta name=\"robots\" content=\"index, follow, max-snippet:-1, max-image-preview:large, max-video-preview:-1\" \/>\n<link rel=\"canonical\" href=\"https:\/\/mo-di-tec.fr\/es\/\" \/>\n<meta property=\"og:locale\" content=\"es_ES\" \/>\n<meta property=\"og:type\" content=\"article\" \/>\n<meta property=\"og:title\" content=\"Especialista en trituradoras de baja velocidad - Moditec\" \/>\n<meta property=\"og:description\" content=\"Desde hace m\u00e1s de 40 a\u00f1os, MO-DI-TEC desarrolla y fabrica trituradoras para la industria del [&hellip;]\" \/>\n<meta property=\"og:url\" content=\"https:\/\/mo-di-tec.fr\/es\/\" \/>\n<meta property=\"og:site_name\" content=\"Moditec\" \/>\n<meta property=\"article:modified_time\" content=\"2024-06-03T13:58:43+00:00\" \/>\n<meta property=\"og:image\" content=\"https:\/\/mo-di-tec.fr\/wp-content\/uploads\/2019\/09\/specialistes_du_broyeur_a_vitesse_lente.jpeg\" \/>\n\t<meta property=\"og:image:width\" content=\"964\" \/>\n\t<meta property=\"og:image:height\" content=\"932\" \/>\n\t<meta property=\"og:image:type\" content=\"image\/jpeg\" \/>\n<meta name=\"twitter:card\" content=\"summary_large_image\" \/>\n<meta name=\"twitter:label1\" content=\"Tiempo de lectura\" \/>\n\t<meta name=\"twitter:data1\" content=\"1 minuto\" \/>\n<script type=\"application\/ld+json\" class=\"yoast-schema-graph\">{\"@context\":\"https:\\\/\\\/schema.org\",\"@graph\":[{\"@type\":\"WebPage\",\"@id\":\"https:\\\/\\\/mo-di-tec.fr\\\/es\\\/\",\"url\":\"https:\\\/\\\/mo-di-tec.fr\\\/es\\\/\",\"name\":\"Especialista en trituradoras de baja velocidad - Moditec\",\"isPartOf\":{\"@id\":\"https:\\\/\\\/mo-di-tec.fr\\\/es\\\/#website\"},\"primaryImageOfPage\":{\"@id\":\"https:\\\/\\\/mo-di-tec.fr\\\/es\\\/#primaryimage\"},\"image\":{\"@id\":\"https:\\\/\\\/mo-di-tec.fr\\\/es\\\/#primaryimage\"},\"thumbnailUrl\":\"https:\\\/\\\/mo-di-tec.fr\\\/wp-content\\\/uploads\\\/2019\\\/09\\\/specialistes_du_broyeur_a_vitesse_lente.jpeg\",\"datePublished\":\"2019-03-26T15:10:30+00:00\",\"dateModified\":\"2024-06-03T13:58:43+00:00\",\"breadcrumb\":{\"@id\":\"https:\\\/\\\/mo-di-tec.fr\\\/es\\\/#breadcrumb\"},\"inLanguage\":\"es\",\"potentialAction\":[{\"@type\":\"ReadAction\",\"target\":[\"https:\\\/\\\/mo-di-tec.fr\\\/es\\\/\"]}]},{\"@type\":\"ImageObject\",\"inLanguage\":\"es\",\"@id\":\"https:\\\/\\\/mo-di-tec.fr\\\/es\\\/#primaryimage\",\"url\":\"https:\\\/\\\/mo-di-tec.fr\\\/wp-content\\\/uploads\\\/2019\\\/09\\\/specialistes_du_broyeur_a_vitesse_lente.jpeg\",\"contentUrl\":\"https:\\\/\\\/mo-di-tec.fr\\\/wp-content\\\/uploads\\\/2019\\\/09\\\/specialistes_du_broyeur_a_vitesse_lente.jpeg\",\"width\":964,\"height\":932},{\"@type\":\"BreadcrumbList\",\"@id\":\"https:\\\/\\\/mo-di-tec.fr\\\/es\\\/#breadcrumb\",\"itemListElement\":[{\"@type\":\"ListItem\",\"position\":1,\"name\":\"Inicio\",\"item\":\"https:\\\/\\\/mo-di-tec.fr\\\/es\\\/\"},{\"@type\":\"ListItem\",\"position\":2,\"name\":\"Especialista en trituradoras de baja velocidad\"}]},{\"@type\":\"WebSite\",\"@id\":\"https:\\\/\\\/mo-di-tec.fr\\\/es\\\/#website\",\"url\":\"https:\\\/\\\/mo-di-tec.fr\\\/es\\\/\",\"name\":\"Moditec\",\"description\":\"El especialista en trituradoras de baja velocidad\",\"potentialAction\":[{\"@type\":\"SearchAction\",\"target\":{\"@type\":\"EntryPoint\",\"urlTemplate\":\"https:\\\/\\\/mo-di-tec.fr\\\/es\\\/?s={search_term_string}\"},\"query-input\":{\"@type\":\"PropertyValueSpecification\",\"valueRequired\":true,\"valueName\":\"search_term_string\"}}],\"inLanguage\":\"es\"}]}<\/script>\n<!-- \/ Yoast SEO plugin. -->","yoast_head_json":{"title":"Especialista en trituradoras de baja velocidad - Moditec","robots":{"index":"index","follow":"follow","max-snippet":"max-snippet:-1","max-image-preview":"max-image-preview:large","max-video-preview":"max-video-preview:-1"},"canonical":"https:\/\/mo-di-tec.fr\/es\/","og_locale":"es_ES","og_type":"article","og_title":"Especialista en trituradoras de baja velocidad - Moditec","og_description":"Desde hace m\u00e1s de 40 a\u00f1os, MO-DI-TEC desarrolla y fabrica trituradoras para la industria del [&hellip;]","og_url":"https:\/\/mo-di-tec.fr\/es\/","og_site_name":"Moditec","article_modified_time":"2024-06-03T13:58:43+00:00","og_image":[{"width":964,"height":932,"url":"https:\/\/mo-di-tec.fr\/wp-content\/uploads\/2019\/09\/specialistes_du_broyeur_a_vitesse_lente.jpeg","type":"image\/jpeg"}],"twitter_card":"summary_large_image","twitter_misc":{"Tiempo de lectura":"1 minuto"},"schema":{"@context":"https:\/\/schema.org","@graph":[{"@type":"WebPage","@id":"https:\/\/mo-di-tec.fr\/es\/","url":"https:\/\/mo-di-tec.fr\/es\/","name":"Especialista en trituradoras de baja velocidad - Moditec","isPartOf":{"@id":"https:\/\/mo-di-tec.fr\/es\/#website"},"primaryImageOfPage":{"@id":"https:\/\/mo-di-tec.fr\/es\/#primaryimage"},"image":{"@id":"https:\/\/mo-di-tec.fr\/es\/#primaryimage"},"thumbnailUrl":"https:\/\/mo-di-tec.fr\/wp-content\/uploads\/2019\/09\/specialistes_du_broyeur_a_vitesse_lente.jpeg","datePublished":"2019-03-26T15:10:30+00:00","dateModified":"2024-06-03T13:58:43+00:00","breadcrumb":{"@id":"https:\/\/mo-di-tec.fr\/es\/#breadcrumb"},"inLanguage":"es","potentialAction":[{"@type":"ReadAction","target":["https:\/\/mo-di-tec.fr\/es\/"]}]},{"@type":"ImageObject","inLanguage":"es","@id":"https:\/\/mo-di-tec.fr\/es\/#primaryimage","url":"https:\/\/mo-di-tec.fr\/wp-content\/uploads\/2019\/09\/specialistes_du_broyeur_a_vitesse_lente.jpeg","contentUrl":"https:\/\/mo-di-tec.fr\/wp-content\/uploads\/2019\/09\/specialistes_du_broyeur_a_vitesse_lente.jpeg","width":964,"height":932},{"@type":"BreadcrumbList","@id":"https:\/\/mo-di-tec.fr\/es\/#breadcrumb","itemListElement":[{"@type":"ListItem","position":1,"name":"Inicio","item":"https:\/\/mo-di-tec.fr\/es\/"},{"@type":"ListItem","position":2,"name":"Especialista en trituradoras de baja velocidad"}]},{"@type":"WebSite","@id":"https:\/\/mo-di-tec.fr\/es\/#website","url":"https:\/\/mo-di-tec.fr\/es\/","name":"Moditec","description":"El especialista en trituradoras de baja velocidad","potentialAction":[{"@type":"SearchAction","target":{"@type":"EntryPoint","urlTemplate":"https:\/\/mo-di-tec.fr\/es\/?s={search_term_string}"},"query-input":{"@type":"PropertyValueSpecification","valueRequired":true,"valueName":"search_term_string"}}],"inLanguage":"es"}]}},"_links":{"self":[{"href":"https:\/\/mo-di-tec.fr\/es\/wp-json\/wp\/v2\/pages\/3112","targetHints":{"allow":["GET"]}}],"collection":[{"href":"https:\/\/mo-di-tec.fr\/es\/wp-json\/wp\/v2\/pages"}],"about":[{"href":"https:\/\/mo-di-tec.fr\/es\/wp-json\/wp\/v2\/types\/page"}],"author":[{"embeddable":true,"href":"https:\/\/mo-di-tec.fr\/es\/wp-json\/wp\/v2\/users\/2"}],"replies":[{"embeddable":true,"href":"https:\/\/mo-di-tec.fr\/es\/wp-json\/wp\/v2\/comments?post=3112"}],"version-history":[{"count":4,"href":"https:\/\/mo-di-tec.fr\/es\/wp-json\/wp\/v2\/pages\/3112\/revisions"}],"predecessor-version":[{"id":3549,"href":"https:\/\/mo-di-tec.fr\/es\/wp-json\/wp\/v2\/pages\/3112\/revisions\/3549"}],"wp:featuredmedia":[{"embeddable":true,"href":"https:\/\/mo-di-tec.fr\/es\/wp-json\/wp\/v2\/media\/1591"}],"wp:attachment":[{"href":"https:\/\/mo-di-tec.fr\/es\/wp-json\/wp\/v2\/media?parent=3112"}],"curies":[{"name":"wp","href":"https:\/\/api.w.org\/{rel}","templated":true}]}}