{"id":3115,"date":"2019-03-26T15:58:29","date_gmt":"2019-03-26T14:58:29","guid":{"rendered":"https:\/\/mo-di-tec.33degres.fr\/politique-de-confidentialite\/"},"modified":"2024-02-21T15:15:19","modified_gmt":"2024-02-21T14:15:19","slug":"politica-de-privacidad","status":"publish","type":"page","link":"https:\/\/mo-di-tec.fr\/es\/politica-de-privacidad\/","title":{"rendered":"Pol\u00edtica de privacidad"},"content":{"rendered":"\n<h2 class=\"wp-block-heading\">\u00bfQui\u00e9nes somos?\n        <\/h2>\n\n<p>La direcci\u00f3n de nuestro sitio web es: <a href=\"https:\/\/mo-di-tec.fr\/\">https:\/\/mo-di-tec.fr\/<\/a><\/p>\n\n<h2 class=\"wp-block-heading\">Uso de los datos personales recolectados\n        <\/h2>\n\n<h3 class=\"wp-block-heading\">Comentarios\n        <\/h3>\n\n<p>Cuando deja un comentario en nuestro sitio web se recolectan los datos ingresados en el formulario de comentarios, pero, su direcci\u00f3n IP y el agente de usuario de su navegador tambi\u00e9n, para ayudarnos a detectar los comentarios no deseados.\n        <\/p>\n\n<p>Una cadena anonimizada, creada a partir de su direcci\u00f3n de mensajer\u00eda (tambi\u00e9n denominada hash), podr\u00eda enviarse al servicio Gravatar para verificar si utiliza dicho servicio.\n         La pol\u00edtica de privacidad del servicio Gravatar se encuentra disponible en el siguiente enlace: https:\/\/automattic.com\/privacy\/. Una vez que su comentario haya sido validado, su foto de perfil se exhibir\u00e1 p\u00fablicamente al lado de este.\n        <\/p>\n\n<h3 class=\"wp-block-heading\">Medios de comunicaci\u00f3n\n        <\/h3>\n\n<p>Si es usuario\/a registrado\/a y carga im\u00e1genes en el sitio web, le recomendamos que evite cargar im\u00e1genes que contengan datos EXIF de datos GPS.\n         Quienes visiten su sitio web podr\u00edan descargar y extraer datos de posicionamiento a partir de dichas im\u00e1genes.\n        <\/p>\n\n<h3 class=\"wp-block-heading\">Formularios de contacto\n        <\/h3>\n\n<p>Si bien conservamos la informaci\u00f3n de los formularios de contacto durante un periodo variable de tiempo por cuestiones relacionadas con el servicio de atenci\u00f3n al cliente, no la utilizamos con fines comerciales.\n         <\/p>\n\n<h3 class=\"wp-block-heading\">Cookies\n        <\/h3>\n\n<p>Si deja un comentario en nuestro sitio, le propondremos que su nombre, direcci\u00f3n de correo y sitio web queden registrados en las cookies del sitio.\n         Es exclusivamente para su comodidad y que no deba volver a ingresar la misma informaci\u00f3n si deja otro comentario m\u00e1s tarde.\n         Estas cookies expiran al cabo de un a\u00f1o.\n        <\/p>\n\n<p>Si tiene una cuenta y se conecta al sitio, se crear\u00e1 una cookie temporal para determinar si su navegador acepta las cookies.\n         No contiene datos personales y ser\u00e1 eliminado autom\u00e1ticamente cuando se cierre su navegador.\n        <\/p>\n\n<p>Cuando se conecte lanzaremos una cantidad determinada de cookies para registrar sus datos de conexi\u00f3n y sus preferencias de pantalla.\n         El tiempo de vida de una cookie de conexi\u00f3n es de dos d\u00edas, y el de una cookie de opciones de pantalla es de un a\u00f1o.\n         Si tilda el casillero \u00abRecordarme\u00bb, la cookie de conexi\u00f3n se conservar\u00e1 por dos semanas.\n         Al desconectarse de su cuenta la cookie de conexi\u00f3n se eliminar\u00e1.\n        <\/p>\n\n<p>Cuando publique o modifique una publicaci\u00f3n se registrar\u00e1 una cookie adicional en su navegador.\n         Esta cookie no contiene ning\u00fan dato personal.\n         Tan solo indica el Id. de la publicaci\u00f3n que haya modificado.\n         Expirar\u00e1 al cabo de un d\u00eda.\n        <\/p>\n\n<h3 class=\"wp-block-heading\">Contenido embebido de otros sitios\n        <\/h3>\n\n<p>Los art\u00edculos del presente sitio podr\u00edan incluir contenido integrado (ej.: v\u00eddeos, im\u00e1genes, art\u00edculos, etc.).\n         El contenido integrado de otros sitios funciona del mismo modo que lo har\u00eda si el usuario visitara alguno de esos sitios.\n        <\/p>\n\n<p>Estos sitios podr\u00edan recolectar datos suyos, utilizar cookies, embeber herramientas de seguimiento de terceros o analizar sus interacciones con el contenido embebido si tiene una cuenta conectada en su sitio web.\n        <\/p>\n\n<h3 class=\"wp-block-heading\">Estad\u00edsticas y medidas de audiencia\n        <\/h3>\n\n<p>En este sitio se ha instalado Google Analytics.\n         Este programa registra autom\u00e1ticamente informaci\u00f3n a partir de su ordenador y su navegador, incluidos su direcci\u00f3n IP, programas y equipo, como tambi\u00e9n la p\u00e1gina solicitada, con el fin de mejorar su experiencia de navegaci\u00f3n en el sitio.\n         <\/p>\n\n<h2 class=\"wp-block-heading\">Uso y transmisi\u00f3n de sus datos personales\n        <\/h2>\n\n<h3 class=\"wp-block-heading\">Periodo de almacenamiento de su informaci\u00f3n\n        <\/h3>\n\n<p>Si deja un comentario, este y sus metadatos se conservar\u00e1n indefinidamente.\n         Esto permite reconocer y aprobar autom\u00e1ticamente los siguientes comentarios, en vez de dejarlos en la lista de moderaci\u00f3n.\n        <\/p>\n\n<p>En cuanto a los usuarios\/as que se registran en nuestro sitio (en caso de que sea posible), tambi\u00e9n almacenamos los datos personales que se indican en sus perfiles.\n         Todo usuario\/a puede ver, modificar o eliminar su informaci\u00f3n personal en cualquier momento (excepto su nombre de usuario\/a).\n         Los administradores del sitio tambi\u00e9n pueden ver y modificar dicha informaci\u00f3n.\n        <\/p>\n\n<h3 class=\"wp-block-heading\">Los derechos que tiene sobre su informaci\u00f3n\n        <\/h3>\n\n<p>Si tiene una cuenta o ha dejado comentarios en el sitio, pueden solicitar que se le env\u00ede un archivo con todos los datos personales de los que disponemos sobre usted, incluidos los que nos haya brindado.\n         A su vez, puede solicitar que se eliminen sus datos personales.\n         Esta acci\u00f3n no contempla los datos almacenados con motivos administrativos, legales o de seguridad.\n        <\/p>\n\n<h3 class=\"wp-block-heading\">Transmisi\u00f3n de sus datos personales\n        <\/h3>\n\n<p>Los comentarios de los visitantes pueden verificarse mediante un servicio automatizado de detecci\u00f3n de comentarios no deseados.\n        <\/p>\n\n<h3 class=\"wp-block-heading\">Informaci\u00f3n de contacto\n        <\/h3>\n\n<p><strong>MO-DI-TEC\n        <\/strong><br\/> Z.I. du Leveau 38200 Viena &#8211; Francia\n        <br\/>Tel.:\n         <a href=\"tel:0474159999\">(+33) 4 74 15 99<\/a><br\/>Correo electr\u00f3nico: <a href=\"mailto:info@mo-di-tec.33degres.fr\">env\u00edenos un correo<\/a><\/p>\n","protected":false},"excerpt":{"rendered":"<p>\u00bfQui\u00e9nes somos? La direcci\u00f3n de nuestro sitio web es: https:\/\/mo-di-tec.fr\/ Uso de los datos personales [&hellip;]<\/p>\n","protected":false},"author":2,"featured_media":0,"parent":0,"menu_order":0,"comment_status":"closed","ping_status":"closed","template":"","meta":{"footnotes":""},"class_list":["post-3115","page","type-page","status-publish","hentry"],"yoast_head":"<!-- This site is optimized with the Yoast SEO plugin v27.4 - https:\/\/yoast.com\/product\/yoast-seo-wordpress\/ -->\n<title>Pol\u00edtica de privacidad - Moditec<\/title>\n<meta name=\"robots\" content=\"index, follow, max-snippet:-1, max-image-preview:large, max-video-preview:-1\" \/>\n<link rel=\"canonical\" href=\"https:\/\/mo-di-tec.fr\/es\/politica-de-privacidad\/\" \/>\n<meta property=\"og:locale\" content=\"es_ES\" \/>\n<meta property=\"og:type\" content=\"article\" \/>\n<meta property=\"og:title\" content=\"Pol\u00edtica de privacidad - Moditec\" \/>\n<meta property=\"og:description\" content=\"\u00bfQui\u00e9nes somos? La direcci\u00f3n de nuestro sitio web es: https:\/\/mo-di-tec.fr\/ Uso de los datos personales [&hellip;]\" \/>\n<meta property=\"og:url\" content=\"https:\/\/mo-di-tec.fr\/es\/politica-de-privacidad\/\" \/>\n<meta property=\"og:site_name\" content=\"Moditec\" \/>\n<meta property=\"article:modified_time\" content=\"2024-02-21T14:15:19+00:00\" \/>\n<meta name=\"twitter:card\" content=\"summary_large_image\" \/>\n<meta name=\"twitter:label1\" content=\"Tiempo de lectura\" \/>\n\t<meta name=\"twitter:data1\" content=\"4 minutos\" \/>\n<script type=\"application\/ld+json\" class=\"yoast-schema-graph\">{\"@context\":\"https:\\\/\\\/schema.org\",\"@graph\":[{\"@type\":\"WebPage\",\"@id\":\"https:\\\/\\\/mo-di-tec.fr\\\/es\\\/politica-de-privacidad\\\/\",\"url\":\"https:\\\/\\\/mo-di-tec.fr\\\/es\\\/politica-de-privacidad\\\/\",\"name\":\"Pol\u00edtica de privacidad - Moditec\",\"isPartOf\":{\"@id\":\"https:\\\/\\\/mo-di-tec.fr\\\/es\\\/#website\"},\"datePublished\":\"2019-03-26T14:58:29+00:00\",\"dateModified\":\"2024-02-21T14:15:19+00:00\",\"breadcrumb\":{\"@id\":\"https:\\\/\\\/mo-di-tec.fr\\\/es\\\/politica-de-privacidad\\\/#breadcrumb\"},\"inLanguage\":\"es\",\"potentialAction\":[{\"@type\":\"ReadAction\",\"target\":[\"https:\\\/\\\/mo-di-tec.fr\\\/es\\\/politica-de-privacidad\\\/\"]}]},{\"@type\":\"BreadcrumbList\",\"@id\":\"https:\\\/\\\/mo-di-tec.fr\\\/es\\\/politica-de-privacidad\\\/#breadcrumb\",\"itemListElement\":[{\"@type\":\"ListItem\",\"position\":1,\"name\":\"Inicio\",\"item\":\"https:\\\/\\\/mo-di-tec.fr\\\/es\\\/\"},{\"@type\":\"ListItem\",\"position\":2,\"name\":\"Pol\u00edtica de privacidad\"}]},{\"@type\":\"WebSite\",\"@id\":\"https:\\\/\\\/mo-di-tec.fr\\\/es\\\/#website\",\"url\":\"https:\\\/\\\/mo-di-tec.fr\\\/es\\\/\",\"name\":\"Moditec\",\"description\":\"El especialista en trituradoras de baja velocidad\",\"potentialAction\":[{\"@type\":\"SearchAction\",\"target\":{\"@type\":\"EntryPoint\",\"urlTemplate\":\"https:\\\/\\\/mo-di-tec.fr\\\/es\\\/?s={search_term_string}\"},\"query-input\":{\"@type\":\"PropertyValueSpecification\",\"valueRequired\":true,\"valueName\":\"search_term_string\"}}],\"inLanguage\":\"es\"}]}<\/script>\n<!-- \/ Yoast SEO plugin. -->","yoast_head_json":{"title":"Pol\u00edtica de privacidad - Moditec","robots":{"index":"index","follow":"follow","max-snippet":"max-snippet:-1","max-image-preview":"max-image-preview:large","max-video-preview":"max-video-preview:-1"},"canonical":"https:\/\/mo-di-tec.fr\/es\/politica-de-privacidad\/","og_locale":"es_ES","og_type":"article","og_title":"Pol\u00edtica de privacidad - Moditec","og_description":"\u00bfQui\u00e9nes somos? La direcci\u00f3n de nuestro sitio web es: https:\/\/mo-di-tec.fr\/ Uso de los datos personales [&hellip;]","og_url":"https:\/\/mo-di-tec.fr\/es\/politica-de-privacidad\/","og_site_name":"Moditec","article_modified_time":"2024-02-21T14:15:19+00:00","twitter_card":"summary_large_image","twitter_misc":{"Tiempo de lectura":"4 minutos"},"schema":{"@context":"https:\/\/schema.org","@graph":[{"@type":"WebPage","@id":"https:\/\/mo-di-tec.fr\/es\/politica-de-privacidad\/","url":"https:\/\/mo-di-tec.fr\/es\/politica-de-privacidad\/","name":"Pol\u00edtica de privacidad - Moditec","isPartOf":{"@id":"https:\/\/mo-di-tec.fr\/es\/#website"},"datePublished":"2019-03-26T14:58:29+00:00","dateModified":"2024-02-21T14:15:19+00:00","breadcrumb":{"@id":"https:\/\/mo-di-tec.fr\/es\/politica-de-privacidad\/#breadcrumb"},"inLanguage":"es","potentialAction":[{"@type":"ReadAction","target":["https:\/\/mo-di-tec.fr\/es\/politica-de-privacidad\/"]}]},{"@type":"BreadcrumbList","@id":"https:\/\/mo-di-tec.fr\/es\/politica-de-privacidad\/#breadcrumb","itemListElement":[{"@type":"ListItem","position":1,"name":"Inicio","item":"https:\/\/mo-di-tec.fr\/es\/"},{"@type":"ListItem","position":2,"name":"Pol\u00edtica de privacidad"}]},{"@type":"WebSite","@id":"https:\/\/mo-di-tec.fr\/es\/#website","url":"https:\/\/mo-di-tec.fr\/es\/","name":"Moditec","description":"El especialista en trituradoras de baja velocidad","potentialAction":[{"@type":"SearchAction","target":{"@type":"EntryPoint","urlTemplate":"https:\/\/mo-di-tec.fr\/es\/?s={search_term_string}"},"query-input":{"@type":"PropertyValueSpecification","valueRequired":true,"valueName":"search_term_string"}}],"inLanguage":"es"}]}},"_links":{"self":[{"href":"https:\/\/mo-di-tec.fr\/es\/wp-json\/wp\/v2\/pages\/3115","targetHints":{"allow":["GET"]}}],"collection":[{"href":"https:\/\/mo-di-tec.fr\/es\/wp-json\/wp\/v2\/pages"}],"about":[{"href":"https:\/\/mo-di-tec.fr\/es\/wp-json\/wp\/v2\/types\/page"}],"author":[{"embeddable":true,"href":"https:\/\/mo-di-tec.fr\/es\/wp-json\/wp\/v2\/users\/2"}],"replies":[{"embeddable":true,"href":"https:\/\/mo-di-tec.fr\/es\/wp-json\/wp\/v2\/comments?post=3115"}],"version-history":[{"count":2,"href":"https:\/\/mo-di-tec.fr\/es\/wp-json\/wp\/v2\/pages\/3115\/revisions"}],"predecessor-version":[{"id":3399,"href":"https:\/\/mo-di-tec.fr\/es\/wp-json\/wp\/v2\/pages\/3115\/revisions\/3399"}],"wp:attachment":[{"href":"https:\/\/mo-di-tec.fr\/es\/wp-json\/wp\/v2\/media?parent=3115"}],"curies":[{"name":"wp","href":"https:\/\/api.w.org\/{rel}","templated":true}]}}