{"id":3136,"date":"2019-04-05T16:01:52","date_gmt":"2019-04-05T14:01:52","guid":{"rendered":"https:\/\/mo-di-tec.33degres.fr\/product\/bm-vis\/"},"modified":"2024-05-31T17:54:45","modified_gmt":"2024-05-31T15:54:45","slug":"bm-vis","status":"publish","type":"product","link":"https:\/\/mo-di-tec.fr\/es\/product\/bm-vis\/","title":{"rendered":"BM 170 Vis"},"content":{"rendered":"\n<h2 class=\"wp-block-heading\"><strong>Presentaci\u00f3n de imagen con tornillo y motorizaci\u00f3n de 4 kW horizontal\n         <\/strong><\/h2>\n\n<p>Las trituradoras BM 170 vis y BM 340 vis recogen los fragmentos de inyecciones de dimensiones considerables directamente debajo del molde de la prensa gracias al tornillo sin fin.\n         Los modelos con tornillo sin fin tambi\u00e9n est\u00e1n disponibles en una versi\u00f3n compacta, para reducir la ocupaci\u00f3n del espacio.\n         Cualquier versi\u00f3n con tornillo puede equiparse con una canaleta (opcional) para recibir grandes fragmentos en el pie de la prensa, debajo del manipulador, por ejemplo.\n        <\/p>\n\n<ul class=\"wp-block-list\"><li>Transmisi\u00f3n por acoplamiento el\u00e1stico\n        <\/li><li><strong>Sistema slide<\/strong> (ver el cat\u00e1logo de opciones en la p\u00e1gina 9)\n        <\/li><li>C\u00e1mara de corte: 236 x 176 mm\n        <\/li><li>Rotor D 170 mm: 1\n        <\/li><li>Cuchillas m\u00f3viles: 3 en acero especial resistente al desgaste, de corte progresivo\n        <\/li><li>Cuchillas fijas regulables: 2 en acero especial resistente al desgaste\n        <\/li><li>Velocidad de rotaci\u00f3n: 260 r. p. m.\n        <\/li><li>Nivel de ruido: &lt;75 dBa, seg\u00fan el material\n        <\/li><li>Circuito de enfriamiento en el bloque de c\u00e1mara de corte\n        <\/li><li>Tolva (3 L) con recipiente de aspiraci\u00f3n regulable y tubo de aspiraci\u00f3n D 38 mm\n        <\/li><li>Chasis mecanosoldado con 4 ruedas, 2 de ellas con frenos\n        <\/li><li>Panel de control con PLC y pantalla LCD para la gesti\u00f3n de ajustes\n        <\/li><li>Interruptores de seguridad en la abertura de la canaleta y la salida de la tolva\n        <\/li><li>RAL 7021 (gris oscuro)-9006 (gris aluminio)\n        <\/li><li>Dimensiones con canaleta insonorizada: largo: 714 mm &#8211; ancho: 623 mm &#8211; alto: 1282 mm\n        <\/li><\/ul>\n","protected":false},"excerpt":{"rendered":"<p>Presentaci\u00f3n de imagen con tornillo y motorizaci\u00f3n de 4 kW horizontal Las trituradoras BM 170 [&hellip;]<\/p>\n","protected":false},"featured_media":2242,"parent":0,"template":"","gamme":[39],"class_list":["post-3136","product","type-product","status-publish","has-post-thumbnail","hentry","gamme-bm-es"],"yoast_head":"<!-- This site is optimized with the Yoast SEO plugin v27.5 - https:\/\/yoast.com\/product\/yoast-seo-wordpress\/ -->\n<title>BM 170 Vis - Moditec<\/title>\n<meta name=\"robots\" content=\"index, follow, max-snippet:-1, max-image-preview:large, max-video-preview:-1\" \/>\n<link rel=\"canonical\" href=\"https:\/\/mo-di-tec.fr\/es\/product\/bm-vis\/\" \/>\n<meta property=\"og:locale\" content=\"es_ES\" \/>\n<meta property=\"og:type\" content=\"article\" \/>\n<meta property=\"og:title\" content=\"BM 170 Vis - Moditec\" \/>\n<meta property=\"og:description\" content=\"Presentaci\u00f3n de imagen con tornillo y motorizaci\u00f3n de 4 kW horizontal Las trituradoras BM 170 [&hellip;]\" \/>\n<meta property=\"og:url\" content=\"https:\/\/mo-di-tec.fr\/es\/product\/bm-vis\/\" \/>\n<meta property=\"og:site_name\" content=\"Moditec\" \/>\n<meta property=\"article:modified_time\" content=\"2024-05-31T15:54:45+00:00\" \/>\n<meta property=\"og:image\" content=\"https:\/\/mo-di-tec.fr\/wp-content\/uploads\/2019\/04\/bm170vis-1.jpg\" \/>\n\t<meta property=\"og:image:width\" content=\"425\" \/>\n\t<meta property=\"og:image:height\" content=\"425\" \/>\n\t<meta property=\"og:image:type\" content=\"image\/jpeg\" \/>\n<meta name=\"twitter:card\" content=\"summary_large_image\" \/>\n<meta name=\"twitter:label1\" content=\"Tiempo de lectura\" \/>\n\t<meta name=\"twitter:data1\" content=\"2 minutos\" \/>\n<script type=\"application\/ld+json\" class=\"yoast-schema-graph\">{\"@context\":\"https:\\\/\\\/schema.org\",\"@graph\":[{\"@type\":\"WebPage\",\"@id\":\"https:\\\/\\\/mo-di-tec.fr\\\/es\\\/product\\\/bm-vis\\\/\",\"url\":\"https:\\\/\\\/mo-di-tec.fr\\\/es\\\/product\\\/bm-vis\\\/\",\"name\":\"BM 170 Vis - Moditec\",\"isPartOf\":{\"@id\":\"https:\\\/\\\/mo-di-tec.fr\\\/es\\\/#website\"},\"primaryImageOfPage\":{\"@id\":\"https:\\\/\\\/mo-di-tec.fr\\\/es\\\/product\\\/bm-vis\\\/#primaryimage\"},\"image\":{\"@id\":\"https:\\\/\\\/mo-di-tec.fr\\\/es\\\/product\\\/bm-vis\\\/#primaryimage\"},\"thumbnailUrl\":\"https:\\\/\\\/mo-di-tec.fr\\\/wp-content\\\/uploads\\\/2019\\\/04\\\/bm170vis-1.jpg\",\"datePublished\":\"2019-04-05T14:01:52+00:00\",\"dateModified\":\"2024-05-31T15:54:45+00:00\",\"breadcrumb\":{\"@id\":\"https:\\\/\\\/mo-di-tec.fr\\\/es\\\/product\\\/bm-vis\\\/#breadcrumb\"},\"inLanguage\":\"es\",\"potentialAction\":[{\"@type\":\"ReadAction\",\"target\":[\"https:\\\/\\\/mo-di-tec.fr\\\/es\\\/product\\\/bm-vis\\\/\"]}]},{\"@type\":\"ImageObject\",\"inLanguage\":\"es\",\"@id\":\"https:\\\/\\\/mo-di-tec.fr\\\/es\\\/product\\\/bm-vis\\\/#primaryimage\",\"url\":\"https:\\\/\\\/mo-di-tec.fr\\\/wp-content\\\/uploads\\\/2019\\\/04\\\/bm170vis-1.jpg\",\"contentUrl\":\"https:\\\/\\\/mo-di-tec.fr\\\/wp-content\\\/uploads\\\/2019\\\/04\\\/bm170vis-1.jpg\",\"width\":425,\"height\":425},{\"@type\":\"BreadcrumbList\",\"@id\":\"https:\\\/\\\/mo-di-tec.fr\\\/es\\\/product\\\/bm-vis\\\/#breadcrumb\",\"itemListElement\":[{\"@type\":\"ListItem\",\"position\":1,\"name\":\"Inicio\",\"item\":\"https:\\\/\\\/mo-di-tec.fr\\\/es\\\/\"},{\"@type\":\"ListItem\",\"position\":2,\"name\":\"Produits\",\"item\":\"https:\\\/\\\/mo-di-tec.fr\\\/es\\\/product\\\/\"},{\"@type\":\"ListItem\",\"position\":3,\"name\":\"BM 170 Vis\"}]},{\"@type\":\"WebSite\",\"@id\":\"https:\\\/\\\/mo-di-tec.fr\\\/es\\\/#website\",\"url\":\"https:\\\/\\\/mo-di-tec.fr\\\/es\\\/\",\"name\":\"Moditec\",\"description\":\"El especialista en trituradoras de baja velocidad\",\"potentialAction\":[{\"@type\":\"SearchAction\",\"target\":{\"@type\":\"EntryPoint\",\"urlTemplate\":\"https:\\\/\\\/mo-di-tec.fr\\\/es\\\/?s={search_term_string}\"},\"query-input\":{\"@type\":\"PropertyValueSpecification\",\"valueRequired\":true,\"valueName\":\"search_term_string\"}}],\"inLanguage\":\"es\"}]}<\/script>\n<!-- \/ Yoast SEO plugin. -->","yoast_head_json":{"title":"BM 170 Vis - Moditec","robots":{"index":"index","follow":"follow","max-snippet":"max-snippet:-1","max-image-preview":"max-image-preview:large","max-video-preview":"max-video-preview:-1"},"canonical":"https:\/\/mo-di-tec.fr\/es\/product\/bm-vis\/","og_locale":"es_ES","og_type":"article","og_title":"BM 170 Vis - Moditec","og_description":"Presentaci\u00f3n de imagen con tornillo y motorizaci\u00f3n de 4 kW horizontal Las trituradoras BM 170 [&hellip;]","og_url":"https:\/\/mo-di-tec.fr\/es\/product\/bm-vis\/","og_site_name":"Moditec","article_modified_time":"2024-05-31T15:54:45+00:00","og_image":[{"width":425,"height":425,"url":"https:\/\/mo-di-tec.fr\/wp-content\/uploads\/2019\/04\/bm170vis-1.jpg","type":"image\/jpeg"}],"twitter_card":"summary_large_image","twitter_misc":{"Tiempo de lectura":"2 minutos"},"schema":{"@context":"https:\/\/schema.org","@graph":[{"@type":"WebPage","@id":"https:\/\/mo-di-tec.fr\/es\/product\/bm-vis\/","url":"https:\/\/mo-di-tec.fr\/es\/product\/bm-vis\/","name":"BM 170 Vis - Moditec","isPartOf":{"@id":"https:\/\/mo-di-tec.fr\/es\/#website"},"primaryImageOfPage":{"@id":"https:\/\/mo-di-tec.fr\/es\/product\/bm-vis\/#primaryimage"},"image":{"@id":"https:\/\/mo-di-tec.fr\/es\/product\/bm-vis\/#primaryimage"},"thumbnailUrl":"https:\/\/mo-di-tec.fr\/wp-content\/uploads\/2019\/04\/bm170vis-1.jpg","datePublished":"2019-04-05T14:01:52+00:00","dateModified":"2024-05-31T15:54:45+00:00","breadcrumb":{"@id":"https:\/\/mo-di-tec.fr\/es\/product\/bm-vis\/#breadcrumb"},"inLanguage":"es","potentialAction":[{"@type":"ReadAction","target":["https:\/\/mo-di-tec.fr\/es\/product\/bm-vis\/"]}]},{"@type":"ImageObject","inLanguage":"es","@id":"https:\/\/mo-di-tec.fr\/es\/product\/bm-vis\/#primaryimage","url":"https:\/\/mo-di-tec.fr\/wp-content\/uploads\/2019\/04\/bm170vis-1.jpg","contentUrl":"https:\/\/mo-di-tec.fr\/wp-content\/uploads\/2019\/04\/bm170vis-1.jpg","width":425,"height":425},{"@type":"BreadcrumbList","@id":"https:\/\/mo-di-tec.fr\/es\/product\/bm-vis\/#breadcrumb","itemListElement":[{"@type":"ListItem","position":1,"name":"Inicio","item":"https:\/\/mo-di-tec.fr\/es\/"},{"@type":"ListItem","position":2,"name":"Produits","item":"https:\/\/mo-di-tec.fr\/es\/product\/"},{"@type":"ListItem","position":3,"name":"BM 170 Vis"}]},{"@type":"WebSite","@id":"https:\/\/mo-di-tec.fr\/es\/#website","url":"https:\/\/mo-di-tec.fr\/es\/","name":"Moditec","description":"El especialista en trituradoras de baja velocidad","potentialAction":[{"@type":"SearchAction","target":{"@type":"EntryPoint","urlTemplate":"https:\/\/mo-di-tec.fr\/es\/?s={search_term_string}"},"query-input":{"@type":"PropertyValueSpecification","valueRequired":true,"valueName":"search_term_string"}}],"inLanguage":"es"}]}},"_links":{"self":[{"href":"https:\/\/mo-di-tec.fr\/es\/wp-json\/wp\/v2\/product\/3136","targetHints":{"allow":["GET"]}}],"collection":[{"href":"https:\/\/mo-di-tec.fr\/es\/wp-json\/wp\/v2\/product"}],"about":[{"href":"https:\/\/mo-di-tec.fr\/es\/wp-json\/wp\/v2\/types\/product"}],"version-history":[{"count":2,"href":"https:\/\/mo-di-tec.fr\/es\/wp-json\/wp\/v2\/product\/3136\/revisions"}],"predecessor-version":[{"id":3468,"href":"https:\/\/mo-di-tec.fr\/es\/wp-json\/wp\/v2\/product\/3136\/revisions\/3468"}],"wp:featuredmedia":[{"embeddable":true,"href":"https:\/\/mo-di-tec.fr\/es\/wp-json\/wp\/v2\/media\/2242"}],"wp:attachment":[{"href":"https:\/\/mo-di-tec.fr\/es\/wp-json\/wp\/v2\/media?parent=3136"}],"wp:term":[{"taxonomy":"gamme","embeddable":true,"href":"https:\/\/mo-di-tec.fr\/es\/wp-json\/wp\/v2\/gamme?post=3136"}],"curies":[{"name":"wp","href":"https:\/\/api.w.org\/{rel}","templated":true}]}}