{"id":3142,"date":"2019-04-05T15:57:17","date_gmt":"2019-04-05T13:57:17","guid":{"rendered":"https:\/\/mo-di-tec.33degres.fr\/product\/bm-170\/"},"modified":"2024-05-31T17:58:27","modified_gmt":"2024-05-31T15:58:27","slug":"bm-170","status":"publish","type":"product","link":"https:\/\/mo-di-tec.fr\/es\/product\/bm-170\/","title":{"rendered":"BM&nbsp;170"},"content":{"rendered":"\n<h2 class=\"wp-block-heading\"><strong>Presentaci\u00f3n en imagen con canaleta insonorizada y motorizaci\u00f3n de 4 kW horizontal\n        <\/strong><\/h2>\n\n<ul class=\"wp-block-list\"><li>Transmisi\u00f3n por acoplamiento el\u00e1stico\n        <\/li><li><strong>Sistema slide<\/strong> (ver el cat\u00e1logo de opciones en la p\u00e1gina 9)\n        <\/li><li>C\u00e1mara de corte: 236 x 176 mm\n        <\/li><li>Rotor D 170 mm: 1\n        <\/li><li>Cuchillas m\u00f3viles: 3 en acero especial resistente al desgaste, de corte progresivo\n        <\/li><li>Cuchillas fijas regulables: 2 en acero especial resistente al desgaste\n        <\/li><li>Velocidad de rotaci\u00f3n: 260 r. p. m.\n        <\/li><li>Nivel de ruido: &lt;75 dBa, seg\u00fan el material\n        <\/li><li>Circuito de enfriamiento en el bloque de c\u00e1mara de corte\n        <\/li><li>Tolva (3 L) con recipiente de aspiraci\u00f3n regulable y tubo de aspiraci\u00f3n D 38 mm\n        <\/li><li>Chasis mecanosoldado con 4 ruedas, 2 de ellas con frenos\n        <\/li><li>Caja el\u00e9ctrica con bot\u00f3n de parada de emergencia y rel\u00e9 t\u00e9rmico\n        <\/li><li>Interruptores de seguridad en la abertura de la canaleta y la salida de la tolva\n        <\/li><li>RAL 7021 (gris oscuro)-9006 (gris aluminio)\n        <\/li><li>Dimensiones con canaleta insonorizada: largo: 714 mm &#8211; ancho: 623 mm &#8211; alto: 1282 mm\n        <\/li><\/ul>\n","protected":false},"excerpt":{"rendered":"<p>Presentaci\u00f3n en imagen con canaleta insonorizada y motorizaci\u00f3n de 4 kW horizontal Transmisi\u00f3n por acoplamiento [&hellip;]<\/p>\n","protected":false},"featured_media":1864,"parent":0,"template":"","gamme":[39],"class_list":["post-3142","product","type-product","status-publish","has-post-thumbnail","hentry","gamme-bm-es"],"yoast_head":"<!-- This site is optimized with the Yoast SEO plugin v27.4 - https:\/\/yoast.com\/product\/yoast-seo-wordpress\/ -->\n<title>BM&nbsp;170 - Moditec<\/title>\n<meta name=\"robots\" content=\"index, follow, max-snippet:-1, max-image-preview:large, max-video-preview:-1\" \/>\n<link rel=\"canonical\" href=\"https:\/\/mo-di-tec.fr\/es\/product\/bm-170\/\" \/>\n<meta property=\"og:locale\" content=\"es_ES\" \/>\n<meta property=\"og:type\" content=\"article\" \/>\n<meta property=\"og:title\" content=\"BM&nbsp;170 - Moditec\" \/>\n<meta property=\"og:description\" content=\"Presentaci\u00f3n en imagen con canaleta insonorizada y motorizaci\u00f3n de 4 kW horizontal Transmisi\u00f3n por acoplamiento [&hellip;]\" \/>\n<meta property=\"og:url\" content=\"https:\/\/mo-di-tec.fr\/es\/product\/bm-170\/\" \/>\n<meta property=\"og:site_name\" content=\"Moditec\" \/>\n<meta property=\"article:modified_time\" content=\"2024-05-31T15:58:27+00:00\" \/>\n<meta property=\"og:image\" content=\"https:\/\/mo-di-tec.fr\/wp-content\/uploads\/2019\/04\/BM-170.jpg\" \/>\n\t<meta property=\"og:image:width\" content=\"450\" \/>\n\t<meta property=\"og:image:height\" content=\"450\" \/>\n\t<meta property=\"og:image:type\" content=\"image\/jpeg\" \/>\n<meta name=\"twitter:card\" content=\"summary_large_image\" \/>\n<meta name=\"twitter:label1\" content=\"Tiempo de lectura\" \/>\n\t<meta name=\"twitter:data1\" content=\"1 minuto\" \/>\n<script type=\"application\/ld+json\" class=\"yoast-schema-graph\">{\"@context\":\"https:\\\/\\\/schema.org\",\"@graph\":[{\"@type\":\"WebPage\",\"@id\":\"https:\\\/\\\/mo-di-tec.fr\\\/es\\\/product\\\/bm-170\\\/\",\"url\":\"https:\\\/\\\/mo-di-tec.fr\\\/es\\\/product\\\/bm-170\\\/\",\"name\":\"BM&nbsp;170 - Moditec\",\"isPartOf\":{\"@id\":\"https:\\\/\\\/mo-di-tec.fr\\\/es\\\/#website\"},\"primaryImageOfPage\":{\"@id\":\"https:\\\/\\\/mo-di-tec.fr\\\/es\\\/product\\\/bm-170\\\/#primaryimage\"},\"image\":{\"@id\":\"https:\\\/\\\/mo-di-tec.fr\\\/es\\\/product\\\/bm-170\\\/#primaryimage\"},\"thumbnailUrl\":\"https:\\\/\\\/mo-di-tec.fr\\\/wp-content\\\/uploads\\\/2019\\\/04\\\/BM-170.jpg\",\"datePublished\":\"2019-04-05T13:57:17+00:00\",\"dateModified\":\"2024-05-31T15:58:27+00:00\",\"breadcrumb\":{\"@id\":\"https:\\\/\\\/mo-di-tec.fr\\\/es\\\/product\\\/bm-170\\\/#breadcrumb\"},\"inLanguage\":\"es\",\"potentialAction\":[{\"@type\":\"ReadAction\",\"target\":[\"https:\\\/\\\/mo-di-tec.fr\\\/es\\\/product\\\/bm-170\\\/\"]}]},{\"@type\":\"ImageObject\",\"inLanguage\":\"es\",\"@id\":\"https:\\\/\\\/mo-di-tec.fr\\\/es\\\/product\\\/bm-170\\\/#primaryimage\",\"url\":\"https:\\\/\\\/mo-di-tec.fr\\\/wp-content\\\/uploads\\\/2019\\\/04\\\/BM-170.jpg\",\"contentUrl\":\"https:\\\/\\\/mo-di-tec.fr\\\/wp-content\\\/uploads\\\/2019\\\/04\\\/BM-170.jpg\",\"width\":450,\"height\":450},{\"@type\":\"BreadcrumbList\",\"@id\":\"https:\\\/\\\/mo-di-tec.fr\\\/es\\\/product\\\/bm-170\\\/#breadcrumb\",\"itemListElement\":[{\"@type\":\"ListItem\",\"position\":1,\"name\":\"Inicio\",\"item\":\"https:\\\/\\\/mo-di-tec.fr\\\/es\\\/\"},{\"@type\":\"ListItem\",\"position\":2,\"name\":\"Produits\",\"item\":\"https:\\\/\\\/mo-di-tec.fr\\\/es\\\/product\\\/\"},{\"@type\":\"ListItem\",\"position\":3,\"name\":\"BM&nbsp;170\"}]},{\"@type\":\"WebSite\",\"@id\":\"https:\\\/\\\/mo-di-tec.fr\\\/es\\\/#website\",\"url\":\"https:\\\/\\\/mo-di-tec.fr\\\/es\\\/\",\"name\":\"Moditec\",\"description\":\"El especialista en trituradoras de baja velocidad\",\"potentialAction\":[{\"@type\":\"SearchAction\",\"target\":{\"@type\":\"EntryPoint\",\"urlTemplate\":\"https:\\\/\\\/mo-di-tec.fr\\\/es\\\/?s={search_term_string}\"},\"query-input\":{\"@type\":\"PropertyValueSpecification\",\"valueRequired\":true,\"valueName\":\"search_term_string\"}}],\"inLanguage\":\"es\"}]}<\/script>\n<!-- \/ Yoast SEO plugin. -->","yoast_head_json":{"title":"BM&nbsp;170 - Moditec","robots":{"index":"index","follow":"follow","max-snippet":"max-snippet:-1","max-image-preview":"max-image-preview:large","max-video-preview":"max-video-preview:-1"},"canonical":"https:\/\/mo-di-tec.fr\/es\/product\/bm-170\/","og_locale":"es_ES","og_type":"article","og_title":"BM&nbsp;170 - Moditec","og_description":"Presentaci\u00f3n en imagen con canaleta insonorizada y motorizaci\u00f3n de 4 kW horizontal Transmisi\u00f3n por acoplamiento [&hellip;]","og_url":"https:\/\/mo-di-tec.fr\/es\/product\/bm-170\/","og_site_name":"Moditec","article_modified_time":"2024-05-31T15:58:27+00:00","og_image":[{"width":450,"height":450,"url":"https:\/\/mo-di-tec.fr\/wp-content\/uploads\/2019\/04\/BM-170.jpg","type":"image\/jpeg"}],"twitter_card":"summary_large_image","twitter_misc":{"Tiempo de lectura":"1 minuto"},"schema":{"@context":"https:\/\/schema.org","@graph":[{"@type":"WebPage","@id":"https:\/\/mo-di-tec.fr\/es\/product\/bm-170\/","url":"https:\/\/mo-di-tec.fr\/es\/product\/bm-170\/","name":"BM&nbsp;170 - Moditec","isPartOf":{"@id":"https:\/\/mo-di-tec.fr\/es\/#website"},"primaryImageOfPage":{"@id":"https:\/\/mo-di-tec.fr\/es\/product\/bm-170\/#primaryimage"},"image":{"@id":"https:\/\/mo-di-tec.fr\/es\/product\/bm-170\/#primaryimage"},"thumbnailUrl":"https:\/\/mo-di-tec.fr\/wp-content\/uploads\/2019\/04\/BM-170.jpg","datePublished":"2019-04-05T13:57:17+00:00","dateModified":"2024-05-31T15:58:27+00:00","breadcrumb":{"@id":"https:\/\/mo-di-tec.fr\/es\/product\/bm-170\/#breadcrumb"},"inLanguage":"es","potentialAction":[{"@type":"ReadAction","target":["https:\/\/mo-di-tec.fr\/es\/product\/bm-170\/"]}]},{"@type":"ImageObject","inLanguage":"es","@id":"https:\/\/mo-di-tec.fr\/es\/product\/bm-170\/#primaryimage","url":"https:\/\/mo-di-tec.fr\/wp-content\/uploads\/2019\/04\/BM-170.jpg","contentUrl":"https:\/\/mo-di-tec.fr\/wp-content\/uploads\/2019\/04\/BM-170.jpg","width":450,"height":450},{"@type":"BreadcrumbList","@id":"https:\/\/mo-di-tec.fr\/es\/product\/bm-170\/#breadcrumb","itemListElement":[{"@type":"ListItem","position":1,"name":"Inicio","item":"https:\/\/mo-di-tec.fr\/es\/"},{"@type":"ListItem","position":2,"name":"Produits","item":"https:\/\/mo-di-tec.fr\/es\/product\/"},{"@type":"ListItem","position":3,"name":"BM&nbsp;170"}]},{"@type":"WebSite","@id":"https:\/\/mo-di-tec.fr\/es\/#website","url":"https:\/\/mo-di-tec.fr\/es\/","name":"Moditec","description":"El especialista en trituradoras de baja velocidad","potentialAction":[{"@type":"SearchAction","target":{"@type":"EntryPoint","urlTemplate":"https:\/\/mo-di-tec.fr\/es\/?s={search_term_string}"},"query-input":{"@type":"PropertyValueSpecification","valueRequired":true,"valueName":"search_term_string"}}],"inLanguage":"es"}]}},"_links":{"self":[{"href":"https:\/\/mo-di-tec.fr\/es\/wp-json\/wp\/v2\/product\/3142","targetHints":{"allow":["GET"]}}],"collection":[{"href":"https:\/\/mo-di-tec.fr\/es\/wp-json\/wp\/v2\/product"}],"about":[{"href":"https:\/\/mo-di-tec.fr\/es\/wp-json\/wp\/v2\/types\/product"}],"version-history":[{"count":2,"href":"https:\/\/mo-di-tec.fr\/es\/wp-json\/wp\/v2\/product\/3142\/revisions"}],"predecessor-version":[{"id":3474,"href":"https:\/\/mo-di-tec.fr\/es\/wp-json\/wp\/v2\/product\/3142\/revisions\/3474"}],"wp:featuredmedia":[{"embeddable":true,"href":"https:\/\/mo-di-tec.fr\/es\/wp-json\/wp\/v2\/media\/1864"}],"wp:attachment":[{"href":"https:\/\/mo-di-tec.fr\/es\/wp-json\/wp\/v2\/media?parent=3142"}],"wp:term":[{"taxonomy":"gamme","embeddable":true,"href":"https:\/\/mo-di-tec.fr\/es\/wp-json\/wp\/v2\/gamme?post=3142"}],"curies":[{"name":"wp","href":"https:\/\/api.w.org\/{rel}","templated":true}]}}