{"id":3148,"date":"2019-04-05T15:42:30","date_gmt":"2019-04-05T13:42:30","guid":{"rendered":"https:\/\/mo-di-tec.33degres.fr\/product\/titan-twin-plus\/"},"modified":"2024-05-31T17:48:33","modified_gmt":"2024-05-31T15:48:33","slug":"titan-twin-plus","status":"publish","type":"product","link":"https:\/\/mo-di-tec.fr\/es\/product\/titan-twin-plus\/","title":{"rendered":"TITAN TWIN PLUS"},"content":{"rendered":"\n<h2 class=\"wp-block-heading\"><strong>Presentaci\u00f3n en imagen con canaleta insonorizada y doble motorizaci\u00f3n de 4 kW horizontal\n        <\/strong><\/h2>\n\n<ul class=\"wp-block-list\"><li>Transmisi\u00f3n por acoplamiento el\u00e1stico\n        <\/li><li><strong>Sistema masher <\/strong>con potencia de 1,5 kW (ver el cat\u00e1logo de opciones en la p\u00e1gina 7)\n        <\/li><li><strong>Sistema IMD<\/strong> de detecci\u00f3n de metal (ver el cat\u00e1logo de opciones en la p\u00e1gina 3)\n        <\/li><li>C\u00e1mara de corte: 746 x 840 mm\n        <\/li><li>Cuchilla D 248 mm: 10 en acero especial resistente al desgaste, reversibles, afilables\n        <\/li><li>Rodillos dentados: 12 en acero especial resistente al desgaste, afilables\n        <\/li><li>Peines: 12 en acero especial resistente al desgaste, reversibles, afilables\n        <\/li><li>Contrapeines: 12 en acero especial antiabrasivo, reversibles\n        <\/li><li>Velocidad de rotaci\u00f3n: 25 r. p. m.\n        <\/li><li>Nivel de ruido: &lt;70 dBa, seg\u00fan el material\n        <\/li><li>Tolva (80 L) con recipiente de aspiraci\u00f3n regulable y tubo de aspiraci\u00f3n D 38 mm\n        <\/li><li>Panel de control con PLC y pantalla LCD para la gesti\u00f3n de ajustes\n        <\/li><li>Chasis mecanosoldado con 4 patines\n        <\/li><li>Interruptores de seguridad en la abertura de la canaleta y la salida de la tolva\n        <\/li><li>RAL 7021 (gris oscuro)-9006 (gris aluminio)\n        <\/li><li>Dimensiones con canaleta insonorizada: largo: 1922 mm &#8211; ancho: 1071 mm &#8211; alto: 2190 mm\n        <\/li><\/ul>\n\n<figure class=\"wp-block-image\"><img loading=\"lazy\" decoding=\"async\" width=\"1024\" height=\"1015\" src=\"https:\/\/mo-di-tec.fr\/wp-content\/uploads\/2022\/02\/TITAN-homme-CMJN-1-1024x1015.jpg\" alt=\"\" class=\"wp-image-839\" srcset=\"https:\/\/mo-di-tec.fr\/wp-content\/uploads\/2022\/02\/TITAN-homme-CMJN-1-1024x1015.jpg 1024w, https:\/\/mo-di-tec.fr\/wp-content\/uploads\/2022\/02\/TITAN-homme-CMJN-1-150x150.jpg 150w, https:\/\/mo-di-tec.fr\/wp-content\/uploads\/2022\/02\/TITAN-homme-CMJN-1-300x297.jpg 300w, https:\/\/mo-di-tec.fr\/wp-content\/uploads\/2022\/02\/TITAN-homme-CMJN-1-768x762.jpg 768w, https:\/\/mo-di-tec.fr\/wp-content\/uploads\/2022\/02\/TITAN-homme-CMJN-1.jpg 1787w\" sizes=\"auto, (max-width: 1024px) 100vw, 1024px\" \/><\/figure>\n\n<figure class=\"wp-block-image\"><img loading=\"lazy\" decoding=\"async\" width=\"1024\" height=\"724\" src=\"https:\/\/mo-di-tec.fr\/wp-content\/uploads\/2022\/02\/unnamed-file-1-1024x724.jpg\" alt=\"\" class=\"wp-image-835\" srcset=\"https:\/\/mo-di-tec.fr\/wp-content\/uploads\/2022\/02\/unnamed-file-1-1024x724.jpg 1024w, https:\/\/mo-di-tec.fr\/wp-content\/uploads\/2022\/02\/unnamed-file-1-300x212.jpg 300w, https:\/\/mo-di-tec.fr\/wp-content\/uploads\/2022\/02\/unnamed-file-1-768x543.jpg 768w\" sizes=\"auto, (max-width: 1024px) 100vw, 1024px\" \/><\/figure>\n","protected":false},"excerpt":{"rendered":"<p>Presentaci\u00f3n en imagen con canaleta insonorizada y doble motorizaci\u00f3n de 4 kW horizontal Transmisi\u00f3n por [&hellip;]<\/p>\n","protected":false},"featured_media":2188,"parent":0,"template":"","gamme":[48],"class_list":["post-3148","product","type-product","status-publish","has-post-thumbnail","hentry","gamme-titan-plus-es"],"yoast_head":"<!-- This site is optimized with the Yoast SEO plugin v27.4 - https:\/\/yoast.com\/product\/yoast-seo-wordpress\/ -->\n<title>TITAN TWIN PLUS - Moditec<\/title>\n<meta name=\"robots\" content=\"index, follow, max-snippet:-1, max-image-preview:large, max-video-preview:-1\" \/>\n<link rel=\"canonical\" href=\"https:\/\/mo-di-tec.fr\/es\/product\/titan-twin-plus\/\" \/>\n<meta property=\"og:locale\" content=\"es_ES\" \/>\n<meta property=\"og:type\" content=\"article\" \/>\n<meta property=\"og:title\" content=\"TITAN TWIN PLUS - Moditec\" \/>\n<meta property=\"og:description\" content=\"Presentaci\u00f3n en imagen con canaleta insonorizada y doble motorizaci\u00f3n de 4 kW horizontal Transmisi\u00f3n por [&hellip;]\" \/>\n<meta property=\"og:url\" content=\"https:\/\/mo-di-tec.fr\/es\/product\/titan-twin-plus\/\" \/>\n<meta property=\"og:site_name\" content=\"Moditec\" \/>\n<meta property=\"article:modified_time\" content=\"2024-05-31T15:48:33+00:00\" \/>\n<meta property=\"og:image\" content=\"https:\/\/mo-di-tec.fr\/wp-content\/uploads\/2019\/04\/Titan-10-Masher-1.jpg\" \/>\n\t<meta property=\"og:image:width\" content=\"754\" \/>\n\t<meta property=\"og:image:height\" content=\"771\" \/>\n\t<meta property=\"og:image:type\" content=\"image\/jpeg\" \/>\n<meta name=\"twitter:card\" content=\"summary_large_image\" \/>\n<meta name=\"twitter:label1\" content=\"Tiempo de lectura\" \/>\n\t<meta name=\"twitter:data1\" content=\"2 minutos\" \/>\n<script type=\"application\/ld+json\" class=\"yoast-schema-graph\">{\"@context\":\"https:\\\/\\\/schema.org\",\"@graph\":[{\"@type\":\"WebPage\",\"@id\":\"https:\\\/\\\/mo-di-tec.fr\\\/es\\\/product\\\/titan-twin-plus\\\/\",\"url\":\"https:\\\/\\\/mo-di-tec.fr\\\/es\\\/product\\\/titan-twin-plus\\\/\",\"name\":\"TITAN TWIN PLUS - Moditec\",\"isPartOf\":{\"@id\":\"https:\\\/\\\/mo-di-tec.fr\\\/es\\\/#website\"},\"primaryImageOfPage\":{\"@id\":\"https:\\\/\\\/mo-di-tec.fr\\\/es\\\/product\\\/titan-twin-plus\\\/#primaryimage\"},\"image\":{\"@id\":\"https:\\\/\\\/mo-di-tec.fr\\\/es\\\/product\\\/titan-twin-plus\\\/#primaryimage\"},\"thumbnailUrl\":\"https:\\\/\\\/mo-di-tec.fr\\\/wp-content\\\/uploads\\\/2019\\\/04\\\/Titan-10-Masher-1.jpg\",\"datePublished\":\"2019-04-05T13:42:30+00:00\",\"dateModified\":\"2024-05-31T15:48:33+00:00\",\"breadcrumb\":{\"@id\":\"https:\\\/\\\/mo-di-tec.fr\\\/es\\\/product\\\/titan-twin-plus\\\/#breadcrumb\"},\"inLanguage\":\"es\",\"potentialAction\":[{\"@type\":\"ReadAction\",\"target\":[\"https:\\\/\\\/mo-di-tec.fr\\\/es\\\/product\\\/titan-twin-plus\\\/\"]}]},{\"@type\":\"ImageObject\",\"inLanguage\":\"es\",\"@id\":\"https:\\\/\\\/mo-di-tec.fr\\\/es\\\/product\\\/titan-twin-plus\\\/#primaryimage\",\"url\":\"https:\\\/\\\/mo-di-tec.fr\\\/wp-content\\\/uploads\\\/2019\\\/04\\\/Titan-10-Masher-1.jpg\",\"contentUrl\":\"https:\\\/\\\/mo-di-tec.fr\\\/wp-content\\\/uploads\\\/2019\\\/04\\\/Titan-10-Masher-1.jpg\",\"width\":754,\"height\":771},{\"@type\":\"BreadcrumbList\",\"@id\":\"https:\\\/\\\/mo-di-tec.fr\\\/es\\\/product\\\/titan-twin-plus\\\/#breadcrumb\",\"itemListElement\":[{\"@type\":\"ListItem\",\"position\":1,\"name\":\"Inicio\",\"item\":\"https:\\\/\\\/mo-di-tec.fr\\\/es\\\/\"},{\"@type\":\"ListItem\",\"position\":2,\"name\":\"Produits\",\"item\":\"https:\\\/\\\/mo-di-tec.fr\\\/es\\\/product\\\/\"},{\"@type\":\"ListItem\",\"position\":3,\"name\":\"TITAN TWIN PLUS\"}]},{\"@type\":\"WebSite\",\"@id\":\"https:\\\/\\\/mo-di-tec.fr\\\/es\\\/#website\",\"url\":\"https:\\\/\\\/mo-di-tec.fr\\\/es\\\/\",\"name\":\"Moditec\",\"description\":\"El especialista en trituradoras de baja velocidad\",\"potentialAction\":[{\"@type\":\"SearchAction\",\"target\":{\"@type\":\"EntryPoint\",\"urlTemplate\":\"https:\\\/\\\/mo-di-tec.fr\\\/es\\\/?s={search_term_string}\"},\"query-input\":{\"@type\":\"PropertyValueSpecification\",\"valueRequired\":true,\"valueName\":\"search_term_string\"}}],\"inLanguage\":\"es\"}]}<\/script>\n<!-- \/ Yoast SEO plugin. -->","yoast_head_json":{"title":"TITAN TWIN PLUS - Moditec","robots":{"index":"index","follow":"follow","max-snippet":"max-snippet:-1","max-image-preview":"max-image-preview:large","max-video-preview":"max-video-preview:-1"},"canonical":"https:\/\/mo-di-tec.fr\/es\/product\/titan-twin-plus\/","og_locale":"es_ES","og_type":"article","og_title":"TITAN TWIN PLUS - Moditec","og_description":"Presentaci\u00f3n en imagen con canaleta insonorizada y doble motorizaci\u00f3n de 4 kW horizontal Transmisi\u00f3n por [&hellip;]","og_url":"https:\/\/mo-di-tec.fr\/es\/product\/titan-twin-plus\/","og_site_name":"Moditec","article_modified_time":"2024-05-31T15:48:33+00:00","og_image":[{"width":754,"height":771,"url":"https:\/\/mo-di-tec.fr\/wp-content\/uploads\/2019\/04\/Titan-10-Masher-1.jpg","type":"image\/jpeg"}],"twitter_card":"summary_large_image","twitter_misc":{"Tiempo de lectura":"2 minutos"},"schema":{"@context":"https:\/\/schema.org","@graph":[{"@type":"WebPage","@id":"https:\/\/mo-di-tec.fr\/es\/product\/titan-twin-plus\/","url":"https:\/\/mo-di-tec.fr\/es\/product\/titan-twin-plus\/","name":"TITAN TWIN PLUS - Moditec","isPartOf":{"@id":"https:\/\/mo-di-tec.fr\/es\/#website"},"primaryImageOfPage":{"@id":"https:\/\/mo-di-tec.fr\/es\/product\/titan-twin-plus\/#primaryimage"},"image":{"@id":"https:\/\/mo-di-tec.fr\/es\/product\/titan-twin-plus\/#primaryimage"},"thumbnailUrl":"https:\/\/mo-di-tec.fr\/wp-content\/uploads\/2019\/04\/Titan-10-Masher-1.jpg","datePublished":"2019-04-05T13:42:30+00:00","dateModified":"2024-05-31T15:48:33+00:00","breadcrumb":{"@id":"https:\/\/mo-di-tec.fr\/es\/product\/titan-twin-plus\/#breadcrumb"},"inLanguage":"es","potentialAction":[{"@type":"ReadAction","target":["https:\/\/mo-di-tec.fr\/es\/product\/titan-twin-plus\/"]}]},{"@type":"ImageObject","inLanguage":"es","@id":"https:\/\/mo-di-tec.fr\/es\/product\/titan-twin-plus\/#primaryimage","url":"https:\/\/mo-di-tec.fr\/wp-content\/uploads\/2019\/04\/Titan-10-Masher-1.jpg","contentUrl":"https:\/\/mo-di-tec.fr\/wp-content\/uploads\/2019\/04\/Titan-10-Masher-1.jpg","width":754,"height":771},{"@type":"BreadcrumbList","@id":"https:\/\/mo-di-tec.fr\/es\/product\/titan-twin-plus\/#breadcrumb","itemListElement":[{"@type":"ListItem","position":1,"name":"Inicio","item":"https:\/\/mo-di-tec.fr\/es\/"},{"@type":"ListItem","position":2,"name":"Produits","item":"https:\/\/mo-di-tec.fr\/es\/product\/"},{"@type":"ListItem","position":3,"name":"TITAN TWIN PLUS"}]},{"@type":"WebSite","@id":"https:\/\/mo-di-tec.fr\/es\/#website","url":"https:\/\/mo-di-tec.fr\/es\/","name":"Moditec","description":"El especialista en trituradoras de baja velocidad","potentialAction":[{"@type":"SearchAction","target":{"@type":"EntryPoint","urlTemplate":"https:\/\/mo-di-tec.fr\/es\/?s={search_term_string}"},"query-input":{"@type":"PropertyValueSpecification","valueRequired":true,"valueName":"search_term_string"}}],"inLanguage":"es"}]}},"_links":{"self":[{"href":"https:\/\/mo-di-tec.fr\/es\/wp-json\/wp\/v2\/product\/3148","targetHints":{"allow":["GET"]}}],"collection":[{"href":"https:\/\/mo-di-tec.fr\/es\/wp-json\/wp\/v2\/product"}],"about":[{"href":"https:\/\/mo-di-tec.fr\/es\/wp-json\/wp\/v2\/types\/product"}],"version-history":[{"count":2,"href":"https:\/\/mo-di-tec.fr\/es\/wp-json\/wp\/v2\/product\/3148\/revisions"}],"predecessor-version":[{"id":3435,"href":"https:\/\/mo-di-tec.fr\/es\/wp-json\/wp\/v2\/product\/3148\/revisions\/3435"}],"wp:featuredmedia":[{"embeddable":true,"href":"https:\/\/mo-di-tec.fr\/es\/wp-json\/wp\/v2\/media\/2188"}],"wp:attachment":[{"href":"https:\/\/mo-di-tec.fr\/es\/wp-json\/wp\/v2\/media?parent=3148"}],"wp:term":[{"taxonomy":"gamme","embeddable":true,"href":"https:\/\/mo-di-tec.fr\/es\/wp-json\/wp\/v2\/gamme?post=3148"}],"curies":[{"name":"wp","href":"https:\/\/api.w.org\/{rel}","templated":true}]}}