{"id":3151,"date":"2019-04-05T15:40:12","date_gmt":"2019-04-05T13:40:12","guid":{"rendered":"https:\/\/mo-di-tec.33degres.fr\/product\/titan-plus\/"},"modified":"2024-05-31T17:40:19","modified_gmt":"2024-05-31T15:40:19","slug":"titan-plus","status":"publish","type":"product","link":"https:\/\/mo-di-tec.fr\/es\/product\/titan-plus\/","title":{"rendered":"Titan plus 5"},"content":{"rendered":"\n<ul class=\"wp-block-list\"><li>Transmisi\u00f3n por acoplamiento el\u00e1stico\n        <\/li><li><strong>Sistema masher <\/strong>con potencia de 1,5 kW (ver el cat\u00e1logo de opciones en la p\u00e1gina 7)\n        <\/li><li><strong>Sistema IMD<\/strong> de detecci\u00f3n de metal (ver el cat\u00e1logo de opciones en la p\u00e1gina 3)\n        <\/li><li>C\u00e1mara de corte: 489 x 400\n        <\/li><li>Cuchilla D 320: 5 en acero especial resistente al desgaste, reversibles, afilables\n        <\/li><li>Rodillos dentados: 6 en acero especial resistente al desgaste, afilables\n        <\/li><li>Peines: 6 en acero especial antiabrasivo, reversibles\n        <\/li><li>Velocidad de rotaci\u00f3n: 25 r. p. m.\n        <\/li><li>Nivel de ruido: &lt;70 dBa, seg\u00fan el material\n        <\/li><li>Tolva (39 L) con recipiente de aspiraci\u00f3n regulable y tubo de aspiraci\u00f3n D 38 mm\n        <\/li><li>Panel de control con PLC y pantalla LCD para la gesti\u00f3n de ajustes\n        <\/li><li>Chasis mecanosoldado con 4 ruedas, 2 de ellas con frenos\n        <\/li><li>Interruptores de seguridad en la abertura de la canaleta y la salida de la tolva\n        <\/li><li>RAL 7021 (gris oscuro)-9006 (gris aluminio)\n        <\/li><li>Dimensiones con canaleta insonorizada: largo: 1922 mm \u2013 ancho: 635 mm \u2013 alto: 2100 mm\n         <br\/><br\/><\/li><\/ul>\n\n<p><br\/><\/p>\n","protected":false},"excerpt":{"rendered":"<p>Transmisi\u00f3n por acoplamiento el\u00e1stico Sistema masher con potencia de 1,5 kW (ver el cat\u00e1logo de [&hellip;]<\/p>\n","protected":false},"featured_media":2197,"parent":0,"template":"","gamme":[48],"class_list":["post-3151","product","type-product","status-publish","has-post-thumbnail","hentry","gamme-titan-plus-es"],"yoast_head":"<!-- This site is optimized with the Yoast SEO plugin v27.4 - https:\/\/yoast.com\/product\/yoast-seo-wordpress\/ -->\n<title>Titan plus 5 - Moditec<\/title>\n<meta name=\"robots\" content=\"index, follow, max-snippet:-1, max-image-preview:large, max-video-preview:-1\" \/>\n<link rel=\"canonical\" href=\"https:\/\/mo-di-tec.fr\/es\/product\/titan-plus\/\" \/>\n<meta property=\"og:locale\" content=\"es_ES\" \/>\n<meta property=\"og:type\" content=\"article\" \/>\n<meta property=\"og:title\" content=\"Titan plus 5 - Moditec\" \/>\n<meta property=\"og:description\" content=\"Transmisi\u00f3n por acoplamiento el\u00e1stico Sistema masher con potencia de 1,5 kW (ver el cat\u00e1logo de [&hellip;]\" \/>\n<meta property=\"og:url\" content=\"https:\/\/mo-di-tec.fr\/es\/product\/titan-plus\/\" \/>\n<meta property=\"og:site_name\" content=\"Moditec\" \/>\n<meta property=\"article:modified_time\" content=\"2024-05-31T15:40:19+00:00\" \/>\n<meta property=\"og:image\" content=\"https:\/\/mo-di-tec.fr\/wp-content\/uploads\/2019\/04\/Titan-Plus-5-MTR-4kW-MASHER.jpg\" \/>\n\t<meta property=\"og:image:width\" content=\"4677\" \/>\n\t<meta property=\"og:image:height\" content=\"3307\" \/>\n\t<meta property=\"og:image:type\" content=\"image\/jpeg\" \/>\n<meta name=\"twitter:card\" content=\"summary_large_image\" \/>\n<meta name=\"twitter:label1\" content=\"Tiempo de lectura\" \/>\n\t<meta name=\"twitter:data1\" content=\"1 minuto\" \/>\n<script type=\"application\/ld+json\" class=\"yoast-schema-graph\">{\"@context\":\"https:\\\/\\\/schema.org\",\"@graph\":[{\"@type\":\"WebPage\",\"@id\":\"https:\\\/\\\/mo-di-tec.fr\\\/es\\\/product\\\/titan-plus\\\/\",\"url\":\"https:\\\/\\\/mo-di-tec.fr\\\/es\\\/product\\\/titan-plus\\\/\",\"name\":\"Titan plus 5 - Moditec\",\"isPartOf\":{\"@id\":\"https:\\\/\\\/mo-di-tec.fr\\\/es\\\/#website\"},\"primaryImageOfPage\":{\"@id\":\"https:\\\/\\\/mo-di-tec.fr\\\/es\\\/product\\\/titan-plus\\\/#primaryimage\"},\"image\":{\"@id\":\"https:\\\/\\\/mo-di-tec.fr\\\/es\\\/product\\\/titan-plus\\\/#primaryimage\"},\"thumbnailUrl\":\"https:\\\/\\\/mo-di-tec.fr\\\/wp-content\\\/uploads\\\/2019\\\/04\\\/Titan-Plus-5-MTR-4kW-MASHER.jpg\",\"datePublished\":\"2019-04-05T13:40:12+00:00\",\"dateModified\":\"2024-05-31T15:40:19+00:00\",\"breadcrumb\":{\"@id\":\"https:\\\/\\\/mo-di-tec.fr\\\/es\\\/product\\\/titan-plus\\\/#breadcrumb\"},\"inLanguage\":\"es\",\"potentialAction\":[{\"@type\":\"ReadAction\",\"target\":[\"https:\\\/\\\/mo-di-tec.fr\\\/es\\\/product\\\/titan-plus\\\/\"]}]},{\"@type\":\"ImageObject\",\"inLanguage\":\"es\",\"@id\":\"https:\\\/\\\/mo-di-tec.fr\\\/es\\\/product\\\/titan-plus\\\/#primaryimage\",\"url\":\"https:\\\/\\\/mo-di-tec.fr\\\/wp-content\\\/uploads\\\/2019\\\/04\\\/Titan-Plus-5-MTR-4kW-MASHER.jpg\",\"contentUrl\":\"https:\\\/\\\/mo-di-tec.fr\\\/wp-content\\\/uploads\\\/2019\\\/04\\\/Titan-Plus-5-MTR-4kW-MASHER.jpg\",\"width\":4677,\"height\":3307},{\"@type\":\"BreadcrumbList\",\"@id\":\"https:\\\/\\\/mo-di-tec.fr\\\/es\\\/product\\\/titan-plus\\\/#breadcrumb\",\"itemListElement\":[{\"@type\":\"ListItem\",\"position\":1,\"name\":\"Inicio\",\"item\":\"https:\\\/\\\/mo-di-tec.fr\\\/es\\\/\"},{\"@type\":\"ListItem\",\"position\":2,\"name\":\"Produits\",\"item\":\"https:\\\/\\\/mo-di-tec.fr\\\/es\\\/product\\\/\"},{\"@type\":\"ListItem\",\"position\":3,\"name\":\"Titan plus 5\"}]},{\"@type\":\"WebSite\",\"@id\":\"https:\\\/\\\/mo-di-tec.fr\\\/es\\\/#website\",\"url\":\"https:\\\/\\\/mo-di-tec.fr\\\/es\\\/\",\"name\":\"Moditec\",\"description\":\"El especialista en trituradoras de baja velocidad\",\"potentialAction\":[{\"@type\":\"SearchAction\",\"target\":{\"@type\":\"EntryPoint\",\"urlTemplate\":\"https:\\\/\\\/mo-di-tec.fr\\\/es\\\/?s={search_term_string}\"},\"query-input\":{\"@type\":\"PropertyValueSpecification\",\"valueRequired\":true,\"valueName\":\"search_term_string\"}}],\"inLanguage\":\"es\"}]}<\/script>\n<!-- \/ Yoast SEO plugin. -->","yoast_head_json":{"title":"Titan plus 5 - Moditec","robots":{"index":"index","follow":"follow","max-snippet":"max-snippet:-1","max-image-preview":"max-image-preview:large","max-video-preview":"max-video-preview:-1"},"canonical":"https:\/\/mo-di-tec.fr\/es\/product\/titan-plus\/","og_locale":"es_ES","og_type":"article","og_title":"Titan plus 5 - Moditec","og_description":"Transmisi\u00f3n por acoplamiento el\u00e1stico Sistema masher con potencia de 1,5 kW (ver el cat\u00e1logo de [&hellip;]","og_url":"https:\/\/mo-di-tec.fr\/es\/product\/titan-plus\/","og_site_name":"Moditec","article_modified_time":"2024-05-31T15:40:19+00:00","og_image":[{"width":4677,"height":3307,"url":"https:\/\/mo-di-tec.fr\/wp-content\/uploads\/2019\/04\/Titan-Plus-5-MTR-4kW-MASHER.jpg","type":"image\/jpeg"}],"twitter_card":"summary_large_image","twitter_misc":{"Tiempo de lectura":"1 minuto"},"schema":{"@context":"https:\/\/schema.org","@graph":[{"@type":"WebPage","@id":"https:\/\/mo-di-tec.fr\/es\/product\/titan-plus\/","url":"https:\/\/mo-di-tec.fr\/es\/product\/titan-plus\/","name":"Titan plus 5 - Moditec","isPartOf":{"@id":"https:\/\/mo-di-tec.fr\/es\/#website"},"primaryImageOfPage":{"@id":"https:\/\/mo-di-tec.fr\/es\/product\/titan-plus\/#primaryimage"},"image":{"@id":"https:\/\/mo-di-tec.fr\/es\/product\/titan-plus\/#primaryimage"},"thumbnailUrl":"https:\/\/mo-di-tec.fr\/wp-content\/uploads\/2019\/04\/Titan-Plus-5-MTR-4kW-MASHER.jpg","datePublished":"2019-04-05T13:40:12+00:00","dateModified":"2024-05-31T15:40:19+00:00","breadcrumb":{"@id":"https:\/\/mo-di-tec.fr\/es\/product\/titan-plus\/#breadcrumb"},"inLanguage":"es","potentialAction":[{"@type":"ReadAction","target":["https:\/\/mo-di-tec.fr\/es\/product\/titan-plus\/"]}]},{"@type":"ImageObject","inLanguage":"es","@id":"https:\/\/mo-di-tec.fr\/es\/product\/titan-plus\/#primaryimage","url":"https:\/\/mo-di-tec.fr\/wp-content\/uploads\/2019\/04\/Titan-Plus-5-MTR-4kW-MASHER.jpg","contentUrl":"https:\/\/mo-di-tec.fr\/wp-content\/uploads\/2019\/04\/Titan-Plus-5-MTR-4kW-MASHER.jpg","width":4677,"height":3307},{"@type":"BreadcrumbList","@id":"https:\/\/mo-di-tec.fr\/es\/product\/titan-plus\/#breadcrumb","itemListElement":[{"@type":"ListItem","position":1,"name":"Inicio","item":"https:\/\/mo-di-tec.fr\/es\/"},{"@type":"ListItem","position":2,"name":"Produits","item":"https:\/\/mo-di-tec.fr\/es\/product\/"},{"@type":"ListItem","position":3,"name":"Titan plus 5"}]},{"@type":"WebSite","@id":"https:\/\/mo-di-tec.fr\/es\/#website","url":"https:\/\/mo-di-tec.fr\/es\/","name":"Moditec","description":"El especialista en trituradoras de baja velocidad","potentialAction":[{"@type":"SearchAction","target":{"@type":"EntryPoint","urlTemplate":"https:\/\/mo-di-tec.fr\/es\/?s={search_term_string}"},"query-input":{"@type":"PropertyValueSpecification","valueRequired":true,"valueName":"search_term_string"}}],"inLanguage":"es"}]}},"_links":{"self":[{"href":"https:\/\/mo-di-tec.fr\/es\/wp-json\/wp\/v2\/product\/3151","targetHints":{"allow":["GET"]}}],"collection":[{"href":"https:\/\/mo-di-tec.fr\/es\/wp-json\/wp\/v2\/product"}],"about":[{"href":"https:\/\/mo-di-tec.fr\/es\/wp-json\/wp\/v2\/types\/product"}],"version-history":[{"count":2,"href":"https:\/\/mo-di-tec.fr\/es\/wp-json\/wp\/v2\/product\/3151\/revisions"}],"predecessor-version":[{"id":3456,"href":"https:\/\/mo-di-tec.fr\/es\/wp-json\/wp\/v2\/product\/3151\/revisions\/3456"}],"wp:featuredmedia":[{"embeddable":true,"href":"https:\/\/mo-di-tec.fr\/es\/wp-json\/wp\/v2\/media\/2197"}],"wp:attachment":[{"href":"https:\/\/mo-di-tec.fr\/es\/wp-json\/wp\/v2\/media?parent=3151"}],"wp:term":[{"taxonomy":"gamme","embeddable":true,"href":"https:\/\/mo-di-tec.fr\/es\/wp-json\/wp\/v2\/gamme?post=3151"}],"curies":[{"name":"wp","href":"https:\/\/api.w.org\/{rel}","templated":true}]}}