{"id":3166,"date":"2019-04-05T15:15:49","date_gmt":"2019-04-05T13:15:49","guid":{"rendered":"https:\/\/mo-di-tec.33degres.fr\/product\/goliath-plus\/"},"modified":"2024-05-31T16:43:23","modified_gmt":"2024-05-31T14:43:23","slug":"goliath-plus","status":"publish","type":"product","link":"https:\/\/mo-di-tec.fr\/es\/product\/goliath-plus\/","title":{"rendered":"Gplus 1"},"content":{"rendered":"\n<div class=\"wp-block-group\"><div class=\"wp-block-group__inner-container is-layout-flow wp-block-group-is-layout-flow\">\n<div class=\"wp-block-group\"><div class=\"wp-block-group__inner-container is-layout-flow wp-block-group-is-layout-flow\">\n<div class=\"wp-block-image is-style-rounded\"><figure class=\"alignright size-large is-resized\"><a href=\"https:\/\/www.flipsnack.com\/EA6AA8EEFB5\/mo-di-tec-catalog\/full-view.html\"><img loading=\"lazy\" decoding=\"async\" src=\"https:\/\/mo-di-tec.fr\/wp-content\/uploads\/2023\/04\/MO-DI-TEC-CATALOG-5-2-1024x791.png\" alt=\"\" class=\"wp-image-1382\" width=\"308\" height=\"237\" srcset=\"https:\/\/mo-di-tec.fr\/wp-content\/uploads\/2023\/04\/MO-DI-TEC-CATALOG-5-2-1024x791.png 1024w, https:\/\/mo-di-tec.fr\/wp-content\/uploads\/2023\/04\/MO-DI-TEC-CATALOG-5-2-300x232.png 300w, https:\/\/mo-di-tec.fr\/wp-content\/uploads\/2023\/04\/MO-DI-TEC-CATALOG-5-2-768x593.png 768w, https:\/\/mo-di-tec.fr\/wp-content\/uploads\/2023\/04\/MO-DI-TEC-CATALOG-5-2-1536x1187.png 1536w, https:\/\/mo-di-tec.fr\/wp-content\/uploads\/2023\/04\/MO-DI-TEC-CATALOG-5-2.png 2000w\" sizes=\"auto, (max-width: 308px) 100vw, 308px\" \/><\/a><\/figure><\/div>\n<\/div><\/div>\n<\/div><\/div>\n\n<h2 class=\"wp-block-heading\"><strong>Presentaci\u00f3n en imagen con canaleta tipo C en policarbonato y motorizaci\u00f3n de 0,75 kW vertical\n        <\/strong>    <\/h2>\n\n<ul class=\"wp-block-list\"><li>Transmisi\u00f3n por acoplamiento el\u00e1stico\n        <\/li><li><strong>Sistema slide<\/strong> (ver el cat\u00e1logo de opciones en la p\u00e1gina 9)\n        <\/li><li>C\u00e1mara de corte: 229 x 172 mm\n        <\/li><li>Cuchilla D 248 mm: 1 en acero especial resistente al desgaste, reversible, afilable\n        <\/li><li>Rodillos dentados: 2 en acero especial resistente al desgaste, afilables\n        <\/li><li>Peines: 2 en acero especial resistente al desgaste, reversibles, afilables\n        <\/li><li>Contrapeines: 2 en acero especial antiabrasivo, reversibles\n        <\/li><li>Velocidad de rotaci\u00f3n: 25 r. p. m.\n        <\/li><li>Nivel de ruido: &lt;70 dBa, seg\u00fan el material\n        <\/li><li>Tolva (3 L) con recipiente de aspiraci\u00f3n regulable y tubo de aspiraci\u00f3n D 38 mm\n        <\/li><li>Chasis mecanosoldado con 4 ruedas, 2 de ellas con frenos\n        <\/li><li>Caja el\u00e9ctrica con bot\u00f3n de parada de emergencia y rel\u00e9 t\u00e9rmico\n        <\/li><li>Interruptores de seguridad en la abertura de la canaleta y la salida de la tolva\n        <\/li><li>RAL 7021 (gris oscuro)-9006 (gris aluminio)\n        <\/li><li>Dimensiones con canaleta tipo C: largo: 784 mm &#8211; ancho: 635 mm &#8211; alto: 1276 mm\n        <\/li><\/ul>\n\n<div class=\"wp-block-buttons is-layout-flex wp-block-buttons-is-layout-flex\"><\/div>\n\n<div class=\"wp-block-group\"><div class=\"wp-block-group__inner-container is-layout-flow wp-block-group-is-layout-flow\"><\/div><\/div>\n","protected":false},"excerpt":{"rendered":"<p>Presentaci\u00f3n en imagen con canaleta tipo C en policarbonato y motorizaci\u00f3n de 0,75 kW vertical [&hellip;]<\/p>\n","protected":false},"featured_media":1891,"parent":0,"template":"","gamme":[36],"class_list":["post-3166","product","type-product","status-publish","has-post-thumbnail","hentry","gamme-goliath-plus-es"],"yoast_head":"<!-- This site is optimized with the Yoast SEO plugin v27.4 - https:\/\/yoast.com\/product\/yoast-seo-wordpress\/ -->\n<title>Gplus 1 - Moditec<\/title>\n<meta name=\"robots\" content=\"index, follow, max-snippet:-1, max-image-preview:large, max-video-preview:-1\" \/>\n<link rel=\"canonical\" href=\"https:\/\/mo-di-tec.fr\/es\/product\/goliath-plus\/\" \/>\n<meta property=\"og:locale\" content=\"es_ES\" \/>\n<meta property=\"og:type\" content=\"article\" \/>\n<meta property=\"og:title\" content=\"Gplus 1 - Moditec\" \/>\n<meta property=\"og:description\" content=\"Presentaci\u00f3n en imagen con canaleta tipo C en policarbonato y motorizaci\u00f3n de 0,75 kW vertical [&hellip;]\" \/>\n<meta property=\"og:url\" content=\"https:\/\/mo-di-tec.fr\/es\/product\/goliath-plus\/\" \/>\n<meta property=\"og:site_name\" content=\"Moditec\" \/>\n<meta property=\"article:modified_time\" content=\"2024-05-31T14:43:23+00:00\" \/>\n<meta property=\"og:image\" content=\"https:\/\/mo-di-tec.fr\/wp-content\/uploads\/2019\/04\/GPlus-1-MTR-0.jpg\" \/>\n\t<meta property=\"og:image:width\" content=\"425\" \/>\n\t<meta property=\"og:image:height\" content=\"425\" \/>\n\t<meta property=\"og:image:type\" content=\"image\/jpeg\" \/>\n<meta name=\"twitter:card\" content=\"summary_large_image\" \/>\n<meta name=\"twitter:label1\" content=\"Tiempo de lectura\" \/>\n\t<meta name=\"twitter:data1\" content=\"2 minutos\" \/>\n<script type=\"application\/ld+json\" class=\"yoast-schema-graph\">{\"@context\":\"https:\\\/\\\/schema.org\",\"@graph\":[{\"@type\":\"WebPage\",\"@id\":\"https:\\\/\\\/mo-di-tec.fr\\\/es\\\/product\\\/goliath-plus\\\/\",\"url\":\"https:\\\/\\\/mo-di-tec.fr\\\/es\\\/product\\\/goliath-plus\\\/\",\"name\":\"Gplus 1 - Moditec\",\"isPartOf\":{\"@id\":\"https:\\\/\\\/mo-di-tec.fr\\\/es\\\/#website\"},\"primaryImageOfPage\":{\"@id\":\"https:\\\/\\\/mo-di-tec.fr\\\/es\\\/product\\\/goliath-plus\\\/#primaryimage\"},\"image\":{\"@id\":\"https:\\\/\\\/mo-di-tec.fr\\\/es\\\/product\\\/goliath-plus\\\/#primaryimage\"},\"thumbnailUrl\":\"https:\\\/\\\/mo-di-tec.fr\\\/wp-content\\\/uploads\\\/2019\\\/04\\\/GPlus-1-MTR-0.jpg\",\"datePublished\":\"2019-04-05T13:15:49+00:00\",\"dateModified\":\"2024-05-31T14:43:23+00:00\",\"breadcrumb\":{\"@id\":\"https:\\\/\\\/mo-di-tec.fr\\\/es\\\/product\\\/goliath-plus\\\/#breadcrumb\"},\"inLanguage\":\"es\",\"potentialAction\":[{\"@type\":\"ReadAction\",\"target\":[\"https:\\\/\\\/mo-di-tec.fr\\\/es\\\/product\\\/goliath-plus\\\/\"]}]},{\"@type\":\"ImageObject\",\"inLanguage\":\"es\",\"@id\":\"https:\\\/\\\/mo-di-tec.fr\\\/es\\\/product\\\/goliath-plus\\\/#primaryimage\",\"url\":\"https:\\\/\\\/mo-di-tec.fr\\\/wp-content\\\/uploads\\\/2019\\\/04\\\/GPlus-1-MTR-0.jpg\",\"contentUrl\":\"https:\\\/\\\/mo-di-tec.fr\\\/wp-content\\\/uploads\\\/2019\\\/04\\\/GPlus-1-MTR-0.jpg\",\"width\":425,\"height\":425},{\"@type\":\"BreadcrumbList\",\"@id\":\"https:\\\/\\\/mo-di-tec.fr\\\/es\\\/product\\\/goliath-plus\\\/#breadcrumb\",\"itemListElement\":[{\"@type\":\"ListItem\",\"position\":1,\"name\":\"Inicio\",\"item\":\"https:\\\/\\\/mo-di-tec.fr\\\/es\\\/\"},{\"@type\":\"ListItem\",\"position\":2,\"name\":\"Produits\",\"item\":\"https:\\\/\\\/mo-di-tec.fr\\\/es\\\/product\\\/\"},{\"@type\":\"ListItem\",\"position\":3,\"name\":\"Gplus 1\"}]},{\"@type\":\"WebSite\",\"@id\":\"https:\\\/\\\/mo-di-tec.fr\\\/es\\\/#website\",\"url\":\"https:\\\/\\\/mo-di-tec.fr\\\/es\\\/\",\"name\":\"Moditec\",\"description\":\"El especialista en trituradoras de baja velocidad\",\"potentialAction\":[{\"@type\":\"SearchAction\",\"target\":{\"@type\":\"EntryPoint\",\"urlTemplate\":\"https:\\\/\\\/mo-di-tec.fr\\\/es\\\/?s={search_term_string}\"},\"query-input\":{\"@type\":\"PropertyValueSpecification\",\"valueRequired\":true,\"valueName\":\"search_term_string\"}}],\"inLanguage\":\"es\"}]}<\/script>\n<!-- \/ Yoast SEO plugin. -->","yoast_head_json":{"title":"Gplus 1 - Moditec","robots":{"index":"index","follow":"follow","max-snippet":"max-snippet:-1","max-image-preview":"max-image-preview:large","max-video-preview":"max-video-preview:-1"},"canonical":"https:\/\/mo-di-tec.fr\/es\/product\/goliath-plus\/","og_locale":"es_ES","og_type":"article","og_title":"Gplus 1 - Moditec","og_description":"Presentaci\u00f3n en imagen con canaleta tipo C en policarbonato y motorizaci\u00f3n de 0,75 kW vertical [&hellip;]","og_url":"https:\/\/mo-di-tec.fr\/es\/product\/goliath-plus\/","og_site_name":"Moditec","article_modified_time":"2024-05-31T14:43:23+00:00","og_image":[{"width":425,"height":425,"url":"https:\/\/mo-di-tec.fr\/wp-content\/uploads\/2019\/04\/GPlus-1-MTR-0.jpg","type":"image\/jpeg"}],"twitter_card":"summary_large_image","twitter_misc":{"Tiempo de lectura":"2 minutos"},"schema":{"@context":"https:\/\/schema.org","@graph":[{"@type":"WebPage","@id":"https:\/\/mo-di-tec.fr\/es\/product\/goliath-plus\/","url":"https:\/\/mo-di-tec.fr\/es\/product\/goliath-plus\/","name":"Gplus 1 - Moditec","isPartOf":{"@id":"https:\/\/mo-di-tec.fr\/es\/#website"},"primaryImageOfPage":{"@id":"https:\/\/mo-di-tec.fr\/es\/product\/goliath-plus\/#primaryimage"},"image":{"@id":"https:\/\/mo-di-tec.fr\/es\/product\/goliath-plus\/#primaryimage"},"thumbnailUrl":"https:\/\/mo-di-tec.fr\/wp-content\/uploads\/2019\/04\/GPlus-1-MTR-0.jpg","datePublished":"2019-04-05T13:15:49+00:00","dateModified":"2024-05-31T14:43:23+00:00","breadcrumb":{"@id":"https:\/\/mo-di-tec.fr\/es\/product\/goliath-plus\/#breadcrumb"},"inLanguage":"es","potentialAction":[{"@type":"ReadAction","target":["https:\/\/mo-di-tec.fr\/es\/product\/goliath-plus\/"]}]},{"@type":"ImageObject","inLanguage":"es","@id":"https:\/\/mo-di-tec.fr\/es\/product\/goliath-plus\/#primaryimage","url":"https:\/\/mo-di-tec.fr\/wp-content\/uploads\/2019\/04\/GPlus-1-MTR-0.jpg","contentUrl":"https:\/\/mo-di-tec.fr\/wp-content\/uploads\/2019\/04\/GPlus-1-MTR-0.jpg","width":425,"height":425},{"@type":"BreadcrumbList","@id":"https:\/\/mo-di-tec.fr\/es\/product\/goliath-plus\/#breadcrumb","itemListElement":[{"@type":"ListItem","position":1,"name":"Inicio","item":"https:\/\/mo-di-tec.fr\/es\/"},{"@type":"ListItem","position":2,"name":"Produits","item":"https:\/\/mo-di-tec.fr\/es\/product\/"},{"@type":"ListItem","position":3,"name":"Gplus 1"}]},{"@type":"WebSite","@id":"https:\/\/mo-di-tec.fr\/es\/#website","url":"https:\/\/mo-di-tec.fr\/es\/","name":"Moditec","description":"El especialista en trituradoras de baja velocidad","potentialAction":[{"@type":"SearchAction","target":{"@type":"EntryPoint","urlTemplate":"https:\/\/mo-di-tec.fr\/es\/?s={search_term_string}"},"query-input":{"@type":"PropertyValueSpecification","valueRequired":true,"valueName":"search_term_string"}}],"inLanguage":"es"}]}},"_links":{"self":[{"href":"https:\/\/mo-di-tec.fr\/es\/wp-json\/wp\/v2\/product\/3166","targetHints":{"allow":["GET"]}}],"collection":[{"href":"https:\/\/mo-di-tec.fr\/es\/wp-json\/wp\/v2\/product"}],"about":[{"href":"https:\/\/mo-di-tec.fr\/es\/wp-json\/wp\/v2\/types\/product"}],"version-history":[{"count":2,"href":"https:\/\/mo-di-tec.fr\/es\/wp-json\/wp\/v2\/product\/3166\/revisions"}],"predecessor-version":[{"id":3418,"href":"https:\/\/mo-di-tec.fr\/es\/wp-json\/wp\/v2\/product\/3166\/revisions\/3418"}],"wp:featuredmedia":[{"embeddable":true,"href":"https:\/\/mo-di-tec.fr\/es\/wp-json\/wp\/v2\/media\/1891"}],"wp:attachment":[{"href":"https:\/\/mo-di-tec.fr\/es\/wp-json\/wp\/v2\/media?parent=3166"}],"wp:term":[{"taxonomy":"gamme","embeddable":true,"href":"https:\/\/mo-di-tec.fr\/es\/wp-json\/wp\/v2\/gamme?post=3166"}],"curies":[{"name":"wp","href":"https:\/\/api.w.org\/{rel}","templated":true}]}}